{"id":28475,"date":"2025-05-27T23:17:56","date_gmt":"2025-05-27T23:17:56","guid":{"rendered":"https:\/\/kstoryespana.com\/?product=tocobo-multi-ceramide-cream-50ml"},"modified":"2026-05-03T20:46:05","modified_gmt":"2026-05-03T18:46:05","slug":"tocobo-multi-ceramide-cream-50ml","status":"publish","type":"product","link":"https:\/\/kstoryespana.com\/es\/product\/tocobo-multi-ceramide-cream-50ml\/","title":{"rendered":"[TOCOBO] Multi Ceramide Cream &#8211; 50ml"},"excerpt":{"rendered":"<p>Descripci\u00f3n: La crema TOCOBO Multi Ceramide es una crema ligera pero s\u00faper hidratante que tiene un gran efecto cuando se trata de piel seca. Esta crema contiene un 10% de \u00e1cido hialur\u00f3nico triple y 1.000 ppm de complejo multiceramida. Es perfecto para pieles sensibles y secas y la textura es muy ligera y aireada. C\u00f3mo [&hellip;]<\/p>\n","protected":false},"featured_media":43851,"template":"","meta":[],"product_brand":[4535],"product_cat":[4403],"product_tag":[],"class_list":{"0":"post-28475","1":"product","2":"type-product","3":"status-publish","4":"has-post-thumbnail","6":"product_brand-stock-in-spain","7":"product_cat-kstoryespana","9":"first","10":"outofstock","11":"sale","12":"taxable","13":"shipping-taxable","14":"purchasable","15":"product-type-simple"},"jetpack_sharing_enabled":true,"_links":{"self":[{"href":"https:\/\/kstoryespana.com\/es\/wp-json\/wp\/v2\/product\/28475","targetHints":{"allow":["GET"]}}],"collection":[{"href":"https:\/\/kstoryespana.com\/es\/wp-json\/wp\/v2\/product"}],"about":[{"href":"https:\/\/kstoryespana.com\/es\/wp-json\/wp\/v2\/types\/product"}],"wp:featuredmedia":[{"embeddable":true,"href":"https:\/\/kstoryespana.com\/es\/wp-json\/wp\/v2\/media\/43851"}],"wp:attachment":[{"href":"https:\/\/kstoryespana.com\/es\/wp-json\/wp\/v2\/media?parent=28475"}],"wp:term":[{"taxonomy":"product_brand","embeddable":true,"href":"https:\/\/kstoryespana.com\/es\/wp-json\/wp\/v2\/product_brand?post=28475"},{"taxonomy":"product_cat","embeddable":true,"href":"https:\/\/kstoryespana.com\/es\/wp-json\/wp\/v2\/product_cat?post=28475"},{"taxonomy":"product_tag","embeddable":true,"href":"https:\/\/kstoryespana.com\/es\/wp-json\/wp\/v2\/product_tag?post=28475"}],"curies":[{"name":"wp","href":"https:\/\/api.w.org\/{rel}","templated":true}]}}