{"id":28466,"date":"2025-05-27T23:17:54","date_gmt":"2025-05-27T23:17:54","guid":{"rendered":"https:\/\/kstoryespana.com\/?product=tocobo-bifida-biome-essence-50ml"},"modified":"2026-05-03T22:15:18","modified_gmt":"2026-05-03T20:15:18","slug":"tocobo-bifida-biome-essence-50ml","status":"publish","type":"product","link":"https:\/\/kstoryespana.com\/es\/product\/tocobo-bifida-biome-essence-50ml\/","title":{"rendered":"[TOCOBO] Bifida Biome Essence &#8211; 50ml"},"excerpt":{"rendered":"<p>Descripci\u00f3n: TOCOBO Bifida Biome Essence es una esencia suave y altamente concentrada que contiene tres tipos diferentes de probi\u00f3ticos: 45% de B\u00edfida natural, 50,000 ppm de lactobacillus y 10,000 ppm de lactococcus. Estos ingredientes trabajan juntos para ayudar a fortalecer la barrera cut\u00e1nea para mantener una piel equilibrada y saludable. Adem\u00e1s, mejorado con niacinamida para [&hellip;]<\/p>\n","protected":false},"featured_media":43793,"template":"","meta":[],"product_brand":[4535],"product_cat":[4403],"product_tag":[],"class_list":{"0":"post-28466","1":"product","2":"type-product","3":"status-publish","4":"has-post-thumbnail","6":"product_brand-stock-in-spain","7":"product_cat-kstoryespana","9":"first","10":"instock","11":"sale","12":"taxable","13":"shipping-taxable","14":"purchasable","15":"product-type-simple"},"jetpack_sharing_enabled":true,"_links":{"self":[{"href":"https:\/\/kstoryespana.com\/es\/wp-json\/wp\/v2\/product\/28466","targetHints":{"allow":["GET"]}}],"collection":[{"href":"https:\/\/kstoryespana.com\/es\/wp-json\/wp\/v2\/product"}],"about":[{"href":"https:\/\/kstoryespana.com\/es\/wp-json\/wp\/v2\/types\/product"}],"wp:featuredmedia":[{"embeddable":true,"href":"https:\/\/kstoryespana.com\/es\/wp-json\/wp\/v2\/media\/43793"}],"wp:attachment":[{"href":"https:\/\/kstoryespana.com\/es\/wp-json\/wp\/v2\/media?parent=28466"}],"wp:term":[{"taxonomy":"product_brand","embeddable":true,"href":"https:\/\/kstoryespana.com\/es\/wp-json\/wp\/v2\/product_brand?post=28466"},{"taxonomy":"product_cat","embeddable":true,"href":"https:\/\/kstoryespana.com\/es\/wp-json\/wp\/v2\/product_cat?post=28466"},{"taxonomy":"product_tag","embeddable":true,"href":"https:\/\/kstoryespana.com\/es\/wp-json\/wp\/v2\/product_tag?post=28466"}],"curies":[{"name":"wp","href":"https:\/\/api.w.org\/{rel}","templated":true}]}}