{"id":28458,"date":"2025-05-27T23:17:51","date_gmt":"2025-05-27T23:17:51","guid":{"rendered":"https:\/\/kstoryespana.com\/?product=the-king-the-lord-of-eternity-original-book-set-book-12"},"modified":"2026-04-20T23:49:36","modified_gmt":"2026-04-20T21:49:36","slug":"the-king-the-lord-of-eternity-original-book-set-book-1-2","status":"publish","type":"product","link":"https:\/\/kstoryespana.com\/es\/product\/the-king-the-lord-of-eternity-original-book-set-book-1-2\/","title":{"rendered":"[The King : the Lord of Eternity] Original Book Set (book 1,2)"},"content":{"rendered":"<p><strong>[The King : the Lord of Eternity] Original Book Set (book 1,2)<\/strong><\/p>\n<p><strong>* Package : Book 1,2 +\u00a0<\/strong><strong>Limited 5 Photocards<\/strong><\/p>\n<div class=\"tm_infoSet\">\n<h4 class=\"tit_txt\">\u00a0<meta charset=\"utf-8\"><br \/>\n<b data-mce-fragment=\"1\">* Noticia important :\u00a0La caja \/ caja exterior es simplemente para proteger la mercanc\u00eda. (Los da\u00f1os como ara\u00f1azos o decoloraci\u00f3n de la carcasa \/ caja no est\u00e1n cubiertos).<\/b><br \/>\n<\/h4>\n<\/div>\n<div class=\"infoSetCont_wrap\">\u00a0<\/div>\n<p>\u00a0<\/p>\n<ul>\n<li>\n<p><strong><\/strong><img decoding=\"async\" src=\"https:\/\/cdn.shopify.com\/s\/files\/1\/0559\/4356\/1408\/files\/307346279.jpg?v=1645689431\" alt=\"\"><img decoding=\"async\" src=\"https:\/\/cdn.shopify.com\/s\/files\/1\/0559\/4356\/1408\/files\/307348208.jpg?v=1645689418\" alt=\"\" data-mce-fragment=\"1\"><\/p>\n<\/li>\n<\/ul>\n","protected":false},"excerpt":{"rendered":"<p>[The King : the Lord of Eternity] Original Book Set (book 1,2) * Package : Book 1,2 +\u00a0Limited 5 Photocards \u00a0 * Noticia important :\u00a0La caja \/ caja exterior es simplemente para proteger la mercanc\u00eda. (Los da\u00f1os como ara\u00f1azos o decoloraci\u00f3n de la carcasa \/ caja no est\u00e1n cubiertos). \u00a0 \u00a0<\/p>\n","protected":false},"featured_media":43775,"comment_status":"open","ping_status":"closed","template":"","meta":[],"product_brand":[4536],"product_cat":[4348,4400],"product_tag":[8067],"class_list":{"0":"post-28458","1":"product","2":"type-product","3":"status-publish","4":"has-post-thumbnail","6":"product_brand-stock-in-korea","7":"product_cat-k-product","8":"product_cat-kstoryfromkorea","9":"product_tag-original","11":"first","12":"instock","13":"taxable","14":"shipping-taxable","15":"purchasable","16":"product-type-simple"},"jetpack_sharing_enabled":true,"_links":{"self":[{"href":"https:\/\/kstoryespana.com\/es\/wp-json\/wp\/v2\/product\/28458","targetHints":{"allow":["GET"]}}],"collection":[{"href":"https:\/\/kstoryespana.com\/es\/wp-json\/wp\/v2\/product"}],"about":[{"href":"https:\/\/kstoryespana.com\/es\/wp-json\/wp\/v2\/types\/product"}],"replies":[{"embeddable":true,"href":"https:\/\/kstoryespana.com\/es\/wp-json\/wp\/v2\/comments?post=28458"}],"wp:featuredmedia":[{"embeddable":true,"href":"https:\/\/kstoryespana.com\/es\/wp-json\/wp\/v2\/media\/43775"}],"wp:attachment":[{"href":"https:\/\/kstoryespana.com\/es\/wp-json\/wp\/v2\/media?parent=28458"}],"wp:term":[{"taxonomy":"product_brand","embeddable":true,"href":"https:\/\/kstoryespana.com\/es\/wp-json\/wp\/v2\/product_brand?post=28458"},{"taxonomy":"product_cat","embeddable":true,"href":"https:\/\/kstoryespana.com\/es\/wp-json\/wp\/v2\/product_cat?post=28458"},{"taxonomy":"product_tag","embeddable":true,"href":"https:\/\/kstoryespana.com\/es\/wp-json\/wp\/v2\/product_tag?post=28458"}],"curies":[{"name":"wp","href":"https:\/\/api.w.org\/{rel}","templated":true}]}}