{"id":2831,"date":"2025-05-27T21:32:31","date_gmt":"2025-05-27T21:32:31","guid":{"rendered":"https:\/\/kstoryespana.com\/?product=team-yukiakari-2nd-album-standard-edition"},"modified":"2026-05-03T21:57:15","modified_gmt":"2026-05-03T19:57:15","slug":"team-yukiakari-2nd-album-weverse-gift-standard-edition","status":"publish","type":"product","link":"https:\/\/kstoryespana.com\/es\/product\/team-yukiakari-2nd-album-weverse-gift-standard-edition\/","title":{"rendered":"&amp;TEAM - YUKIAKARI 2\u00ba \u00c1LBUM EDICI\u00d3N EST\u00c1NDAR"},"excerpt":{"rendered":"<p>Release date: December 20th, 2024 &#038;TEAM &#8211; YUKIAKARI 2ND ALBUM STANDARD EDITION WEVERSE SHOP GIFT | OPTION-TBA<\/p>","protected":false},"featured_media":28524,"template":"","meta":[],"product_brand":[],"product_cat":[7225,4400],"product_tag":[6796],"class_list":{"0":"post-2831","1":"product","2":"type-product","3":"status-publish","4":"has-post-thumbnail","6":"product_cat-album-2","7":"product_cat-kstoryfromkorea","8":"product_tag-team","10":"first","11":"outofstock","12":"taxable","13":"shipping-taxable","14":"purchasable","15":"product-type-variable"},"jetpack_sharing_enabled":true,"_links":{"self":[{"href":"https:\/\/kstoryespana.com\/es\/wp-json\/wp\/v2\/product\/2831","targetHints":{"allow":["GET"]}}],"collection":[{"href":"https:\/\/kstoryespana.com\/es\/wp-json\/wp\/v2\/product"}],"about":[{"href":"https:\/\/kstoryespana.com\/es\/wp-json\/wp\/v2\/types\/product"}],"wp:featuredmedia":[{"embeddable":true,"href":"https:\/\/kstoryespana.com\/es\/wp-json\/wp\/v2\/media\/28524"}],"wp:attachment":[{"href":"https:\/\/kstoryespana.com\/es\/wp-json\/wp\/v2\/media?parent=2831"}],"wp:term":[{"taxonomy":"product_brand","embeddable":true,"href":"https:\/\/kstoryespana.com\/es\/wp-json\/wp\/v2\/product_brand?post=2831"},{"taxonomy":"product_cat","embeddable":true,"href":"https:\/\/kstoryespana.com\/es\/wp-json\/wp\/v2\/product_cat?post=2831"},{"taxonomy":"product_tag","embeddable":true,"href":"https:\/\/kstoryespana.com\/es\/wp-json\/wp\/v2\/product_tag?post=2831"}],"curies":[{"name":"wp","href":"https:\/\/api.w.org\/{rel}","templated":true}]}}