{"id":2802,"date":"2025-05-27T21:32:26","date_gmt":"2025-05-27T21:32:26","guid":{"rendered":"https:\/\/kstoryespana.com\/?product=team-go-in-blind-3rd-single-album-standard-edition"},"modified":"2026-05-07T21:11:26","modified_gmt":"2026-05-07T19:11:26","slug":"team-go-in-blind-3rd-single-album-weverse-shop-gift-standard-edition","status":"publish","type":"product","link":"https:\/\/kstoryespana.com\/es\/product\/team-go-in-blind-3rd-single-album-weverse-shop-gift-standard-edition\/","title":{"rendered":"&amp;TEAM - GO IN BLIND 3ER \u00c1LBUM SENCILLO EDICI\u00d3N EST\u00c1NDAR"},"excerpt":{"rendered":"<p>Release date: April 28th, 2025 &amp;TEAM &#8211; GO IN BLIND 3RD SINGLE ALBUM STANDARD EDITION WEVERSE SHOP ONLY | OPTION -1 unreleased selfie photocard (random 1 out of 9 versions).<\/p>","protected":false},"featured_media":28516,"template":"","meta":[],"product_brand":[],"product_cat":[7225,4403],"product_tag":[6796],"class_list":{"0":"post-2802","1":"product","2":"type-product","3":"status-publish","4":"has-post-thumbnail","6":"product_cat-album-2","7":"product_cat-kstoryespana","8":"product_tag-team","10":"first","11":"instock","12":"taxable","13":"shipping-taxable","14":"purchasable","15":"product-type-variable"},"jetpack_sharing_enabled":true,"_links":{"self":[{"href":"https:\/\/kstoryespana.com\/es\/wp-json\/wp\/v2\/product\/2802","targetHints":{"allow":["GET"]}}],"collection":[{"href":"https:\/\/kstoryespana.com\/es\/wp-json\/wp\/v2\/product"}],"about":[{"href":"https:\/\/kstoryespana.com\/es\/wp-json\/wp\/v2\/types\/product"}],"wp:featuredmedia":[{"embeddable":true,"href":"https:\/\/kstoryespana.com\/es\/wp-json\/wp\/v2\/media\/28516"}],"wp:attachment":[{"href":"https:\/\/kstoryespana.com\/es\/wp-json\/wp\/v2\/media?parent=2802"}],"wp:term":[{"taxonomy":"product_brand","embeddable":true,"href":"https:\/\/kstoryespana.com\/es\/wp-json\/wp\/v2\/product_brand?post=2802"},{"taxonomy":"product_cat","embeddable":true,"href":"https:\/\/kstoryespana.com\/es\/wp-json\/wp\/v2\/product_cat?post=2802"},{"taxonomy":"product_tag","embeddable":true,"href":"https:\/\/kstoryespana.com\/es\/wp-json\/wp\/v2\/product_tag?post=2802"}],"curies":[{"name":"wp","href":"https:\/\/api.w.org\/{rel}","templated":true}]}}