{"id":27227,"date":"2025-05-27T23:11:20","date_gmt":"2025-05-27T23:11:20","guid":{"rendered":"https:\/\/kstoryespana.com\/?product=pre-order-qwer-in-a-million-noises-ill-be-your-harmony-3rd-mini-album-standard"},"modified":"2026-05-03T21:35:20","modified_gmt":"2026-05-03T19:35:20","slug":"qwer-in-a-million-noises-i-ll-be-your-harmony-3rd-mini-album-standard-random","status":"publish","type":"product","link":"https:\/\/kstoryespana.com\/es\/product\/qwer-in-a-million-noises-i-ll-be-your-harmony-3rd-mini-album-standard-random\/","title":{"rendered":"QWER - EN UN MILL\u00d3N DE RUIDOS, SER\u00c9 TU ARMON\u00cdA 3ER MINI \u00c1LBUM EST\u00c1NDAR"},"excerpt":{"rendered":"<p>Release date: June 10th, 2025 QWER &#8211; IN A MILLION NOISES, I&#8217;LL BE YOUR HARMONY 3RD MINI ALBUM STANDARD<\/p>","protected":false},"featured_media":43319,"template":"","meta":[],"product_brand":[4535],"product_cat":[7225,4403],"product_tag":[7831],"class_list":{"0":"post-27227","1":"product","2":"type-product","3":"status-publish","4":"has-post-thumbnail","6":"product_brand-stock-in-spain","7":"product_cat-album-2","8":"product_cat-kstoryespana","9":"product_tag-qwer","11":"first","12":"instock","13":"taxable","14":"shipping-taxable","15":"purchasable","16":"product-type-simple"},"jetpack_sharing_enabled":true,"_links":{"self":[{"href":"https:\/\/kstoryespana.com\/es\/wp-json\/wp\/v2\/product\/27227","targetHints":{"allow":["GET"]}}],"collection":[{"href":"https:\/\/kstoryespana.com\/es\/wp-json\/wp\/v2\/product"}],"about":[{"href":"https:\/\/kstoryespana.com\/es\/wp-json\/wp\/v2\/types\/product"}],"wp:featuredmedia":[{"embeddable":true,"href":"https:\/\/kstoryespana.com\/es\/wp-json\/wp\/v2\/media\/43319"}],"wp:attachment":[{"href":"https:\/\/kstoryespana.com\/es\/wp-json\/wp\/v2\/media?parent=27227"}],"wp:term":[{"taxonomy":"product_brand","embeddable":true,"href":"https:\/\/kstoryespana.com\/es\/wp-json\/wp\/v2\/product_brand?post=27227"},{"taxonomy":"product_cat","embeddable":true,"href":"https:\/\/kstoryespana.com\/es\/wp-json\/wp\/v2\/product_cat?post=27227"},{"taxonomy":"product_tag","embeddable":true,"href":"https:\/\/kstoryespana.com\/es\/wp-json\/wp\/v2\/product_tag?post=27227"}],"curies":[{"name":"wp","href":"https:\/\/api.w.org\/{rel}","templated":true}]}}