{"id":27217,"date":"2025-05-27T23:11:17","date_gmt":"2025-05-27T23:11:17","guid":{"rendered":"https:\/\/kstoryespana.com\/?product=pre-order-plave-%e3%81%8b%e3%81%8f%e3%82%8c%e3%82%93%e3%81%bc-1st-japan-album-limited-edition"},"modified":"2026-05-03T21:35:19","modified_gmt":"2026-05-03T19:35:19","slug":"plave-1st-japan-album-limited-edition","status":"publish","type":"product","link":"https:\/\/kstoryespana.com\/es\/product\/plave-1st-japan-album-limited-edition\/","title":{"rendered":"PLAVE - \u304b\u304f\u308c\u3093\u307c 1ER \u00c1LBUM JAPON\u00c9S EDICI\u00d3N LIMITADA"},"excerpt":{"rendered":"<p>Release date: May 25th, 2025 PLAVE &#8211; \u304b\u304f\u308c\u3093\u307c 1ST JAPAN ALBUM LIMITED EDITION Album Specifications (1st)[First press limited edition] CD + digital code card&#8211; Sleeve (143.5 x 124 x 11.5 mm)&#8211; Group postcard (141 x 124 mm \/ 2 types)&#8211; Booklet (121 x 119.5 mm \/ 12 pages)&#8211; Digital code card (54 x 85 mm [&hellip;]<\/p>\n","protected":false},"featured_media":78683,"template":"","meta":[],"product_brand":[4536],"product_cat":[7225,4400],"product_tag":[8251,7820],"class_list":{"0":"post-27217","1":"product","2":"type-product","3":"status-publish","4":"has-post-thumbnail","6":"product_brand-stock-in-korea","7":"product_cat-album-2","8":"product_cat-kstoryfromkorea","9":"product_tag-japan","10":"product_tag-plave","12":"first","13":"outofstock","14":"taxable","15":"shipping-taxable","16":"purchasable","17":"product-type-simple"},"jetpack_sharing_enabled":true,"_links":{"self":[{"href":"https:\/\/kstoryespana.com\/es\/wp-json\/wp\/v2\/product\/27217","targetHints":{"allow":["GET"]}}],"collection":[{"href":"https:\/\/kstoryespana.com\/es\/wp-json\/wp\/v2\/product"}],"about":[{"href":"https:\/\/kstoryespana.com\/es\/wp-json\/wp\/v2\/types\/product"}],"wp:featuredmedia":[{"embeddable":true,"href":"https:\/\/kstoryespana.com\/es\/wp-json\/wp\/v2\/media\/78683"}],"wp:attachment":[{"href":"https:\/\/kstoryespana.com\/es\/wp-json\/wp\/v2\/media?parent=27217"}],"wp:term":[{"taxonomy":"product_brand","embeddable":true,"href":"https:\/\/kstoryespana.com\/es\/wp-json\/wp\/v2\/product_brand?post=27217"},{"taxonomy":"product_cat","embeddable":true,"href":"https:\/\/kstoryespana.com\/es\/wp-json\/wp\/v2\/product_cat?post=27217"},{"taxonomy":"product_tag","embeddable":true,"href":"https:\/\/kstoryespana.com\/es\/wp-json\/wp\/v2\/product_tag?post=27217"}],"curies":[{"name":"wp","href":"https:\/\/api.w.org\/{rel}","templated":true}]}}