{"id":26277,"date":"2025-05-27T23:06:11","date_gmt":"2025-05-27T23:06:11","guid":{"rendered":"https:\/\/kstoryespana.com\/?product=pre-order-illit-bomb-3rd-mini-album-standard"},"modified":"2026-05-04T15:11:46","modified_gmt":"2026-05-04T13:11:46","slug":"illit-bomb-3er-mini-album-standard-random","status":"publish","type":"product","link":"https:\/\/kstoryespana.com\/es\/product\/illit-bomb-3rd-mini-album-standard-random\/","title":{"rendered":"ILLIT - BOMBA 3ER MINI \u00c1LBUM EST\u00c1NDAR"},"content":{"rendered":"<p><!-- split --><\/p>\n<div style=\"text-align: center;\"><strong><span><span style=\"color: #000000;\">Fecha de publicaci\u00f3n: junio<\/span><span style=\"color: #000000;\"> 17, 2025<\/span><\/p>\n<p><\/span><\/strong><\/div>\n<ul>\n<li style=\"text-align: left;\"><strong><span style=\"color: #000000;\"><span style=\"color: #000000;\"><span style=\"color: #ff8000;\"><span style=\"color: #000000;\">ILLIT - BOMBA 3ER MINI \u00c1LBUM EST\u00c1NDAR\n<p><\/span><\/span><\/span><\/span><\/strong><\/li>\n<li style=\"text-align: left;\"><strong><span style=\"color: #000000;\"><span style=\"color: #000000;\"><span style=\"color: #ff8000;\"><span style=\"color: #000000;\"><meta charset=\"utf-8\"> <span>GIFT DE WEVERSE SHOP | OPCI\u00d3N<br \/><\/span><span>-obt\u00e9n 1 tarjeta de foto selfie in\u00e9dita A (aleatoria 1 de 5 versiones) + 1 tarjeta de foto selfie in\u00e9dita PVC (aleatoria 1 de 5 versiones)<\/span><br \/><\/span><\/span><\/span><\/span><\/strong><\/li>\n<\/ul>\n<ul>\n<li style=\"text-align: left;\"><strong><span style=\"color: #000000;\"><span style=\"color: #000000;\"><span style=\"color: #ff8000;\"><span style=\"color: #000000;\"><span>HACER REGALO ESTRELLA | OPCI\u00d3N<br \/>-1 Tarjeta fotogr\u00e1fica (aleatoria 1 de 5)<span color=\"#ff8000\" style=\"color: #ff8000;\"><span style=\"color: #000000;\">\n<p><\/span><\/span><\/span><\/span><\/span><\/span><\/span><\/strong><\/li>\n<\/ul>\n<p style=\"text-align: center;\"><img decoding=\"async\" style=\"max-width: 100%;\" src=\"https:\/\/cdn.shopify.com\/s\/files\/1\/2282\/8555\/files\/illit_std_de.jpg?v=1747621192\"><\/p>","protected":false},"excerpt":{"rendered":"<p>Release date: June 17th, 2025 ILLIT &#8211; BOMB 3RD MINI ALBUM STANDARD WEVERSE SHOP GIFT | OPTION-get 1 unreleased selfie photocard A (random 1 out of 5 versions) + 1 unreleased selfie PVC photocard (random 1 out of 5 versions) MAKE STAR Gift | OPTION-1 Photocard (Random 1 out of 5)<\/p>","protected":false},"featured_media":43028,"template":"","meta":[],"product_brand":[4535],"product_cat":[7225,4403],"product_tag":[6860],"class_list":{"0":"post-26277","1":"product","2":"type-product","3":"status-publish","4":"has-post-thumbnail","6":"product_brand-stock-in-spain","7":"product_cat-album-2","8":"product_cat-kstoryespana","9":"product_tag-illit","11":"first","12":"instock","13":"taxable","14":"shipping-taxable","15":"purchasable","16":"product-type-variable"},"_links":{"self":[{"href":"https:\/\/kstoryespana.com\/es\/wp-json\/wp\/v2\/product\/26277","targetHints":{"allow":["GET"]}}],"collection":[{"href":"https:\/\/kstoryespana.com\/es\/wp-json\/wp\/v2\/product"}],"about":[{"href":"https:\/\/kstoryespana.com\/es\/wp-json\/wp\/v2\/types\/product"}],"wp:featuredmedia":[{"embeddable":true,"href":"https:\/\/kstoryespana.com\/es\/wp-json\/wp\/v2\/media\/43028"}],"wp:attachment":[{"href":"https:\/\/kstoryespana.com\/es\/wp-json\/wp\/v2\/media?parent=26277"}],"wp:term":[{"taxonomy":"product_brand","embeddable":true,"href":"https:\/\/kstoryespana.com\/es\/wp-json\/wp\/v2\/product_brand?post=26277"},{"taxonomy":"product_cat","embeddable":true,"href":"https:\/\/kstoryespana.com\/es\/wp-json\/wp\/v2\/product_cat?post=26277"},{"taxonomy":"product_tag","embeddable":true,"href":"https:\/\/kstoryespana.com\/es\/wp-json\/wp\/v2\/product_tag?post=26277"}],"curies":[{"name":"wp","href":"https:\/\/api.w.org\/{rel}","templated":true}]}}