{"id":23221,"date":"2025-05-27T22:54:18","date_gmt":"2025-05-27T22:54:18","guid":{"rendered":"https:\/\/kstoryespana.com\/?product=our-beloved-summer-photo-essay"},"modified":"2026-04-20T23:42:24","modified_gmt":"2026-04-20T21:42:24","slug":"pre-order-our-beloved-summer-photo-essay","status":"publish","type":"product","link":"https:\/\/kstoryespana.com\/es\/product\/pre-order-our-beloved-summer-photo-essay\/","title":{"rendered":"[Our Beloved Summer] Photo essay"},"content":{"rendered":"<p style=\"text-align: center;\" data-mce-fragment=\"1\"><strong>Release Date : 10th May, 2022<\/strong><\/p>\n<p style=\"text-align: center;\" data-mce-fragment=\"1\"><strong>Our Beloved Summer Photo essay<\/strong><\/p>\n<ul data-mce-fragment=\"1\">\n<li data-mce-fragment=\"1\"><span style=\"color: #2b00ff;\"><strong data-mce-fragment=\"1\">Pre-order Gift (Limited, Only for Pre-order) :\u00a0Limited Photo Set(6ea)<\/strong><\/span><\/li>\n<\/ul>\n<ul data-mce-fragment=\"1\">\n<li data-mce-fragment=\"1\">\n<strong>Noticia importante<\/strong><span>\u00a0<\/span><span>:\u00a0La caja \/ caja exterior es simplemente para proteger la mercanc\u00eda. (Los da\u00f1os como ara\u00f1azos o decoloraci\u00f3n de la carcasa \/ caja no est\u00e1n cubiertos).<\/span>\n<\/li>\n<\/ul>\n<p><img decoding=\"async\" src=\"https:\/\/cdn.shopify.com\/s\/files\/1\/0559\/4356\/1408\/files\/1_6f917c66-83e5-4ed8-91b7-09fbdbbd5403.jpg?v=1649322752\" alt=\"\"><\/p>\n<p><img decoding=\"async\" src=\"https:\/\/cdn.shopify.com\/s\/files\/1\/0559\/4356\/1408\/files\/2_9dc23dde-54b9-41df-a2a3-5ab099d1fea9.jpg?v=1649322773\" alt=\"\"><\/p>","protected":false},"excerpt":{"rendered":"<p>Release Date : 10th May, 2022 Our Beloved Summer Photo essay Pre-order Gift (Limited, Only for Pre-order) :\u00a0Limited Photo Set(6ea) Noticia importante\u00a0:\u00a0La caja \/ caja exterior es simplemente para proteger la mercanc\u00eda. (Los da\u00f1os como ara\u00f1azos o decoloraci\u00f3n de la carcasa \/ caja no est\u00e1n cubiertos).<\/p>","protected":false},"featured_media":41688,"template":"","meta":[],"product_brand":[4536],"product_cat":[4872,4348,4400],"product_tag":[7815],"class_list":{"0":"post-23221","1":"product","2":"type-product","3":"status-publish","4":"has-post-thumbnail","6":"product_brand-stock-in-korea","7":"product_cat-iva-reducida","8":"product_cat-k-product","9":"product_cat-kstoryfromkorea","10":"product_tag-photo","12":"first","13":"outofstock","14":"taxable","15":"shipping-taxable","16":"purchasable","17":"product-type-simple"},"jetpack_sharing_enabled":true,"_links":{"self":[{"href":"https:\/\/kstoryespana.com\/es\/wp-json\/wp\/v2\/product\/23221","targetHints":{"allow":["GET"]}}],"collection":[{"href":"https:\/\/kstoryespana.com\/es\/wp-json\/wp\/v2\/product"}],"about":[{"href":"https:\/\/kstoryespana.com\/es\/wp-json\/wp\/v2\/types\/product"}],"wp:featuredmedia":[{"embeddable":true,"href":"https:\/\/kstoryespana.com\/es\/wp-json\/wp\/v2\/media\/41688"}],"wp:attachment":[{"href":"https:\/\/kstoryespana.com\/es\/wp-json\/wp\/v2\/media?parent=23221"}],"wp:term":[{"taxonomy":"product_brand","embeddable":true,"href":"https:\/\/kstoryespana.com\/es\/wp-json\/wp\/v2\/product_brand?post=23221"},{"taxonomy":"product_cat","embeddable":true,"href":"https:\/\/kstoryespana.com\/es\/wp-json\/wp\/v2\/product_cat?post=23221"},{"taxonomy":"product_tag","embeddable":true,"href":"https:\/\/kstoryespana.com\/es\/wp-json\/wp\/v2\/product_tag?post=23221"}],"curies":[{"name":"wp","href":"https:\/\/api.w.org\/{rel}","templated":true}]}}