{"id":23217,"date":"2025-05-27T22:54:17","date_gmt":"2025-05-27T22:54:17","guid":{"rendered":"https:\/\/kstoryespana.com\/?product=mr-sunshine-original-book-set-book-12"},"modified":"2026-04-20T23:42:24","modified_gmt":"2026-04-20T21:42:24","slug":"mr-sunshine-original-book-set-book-1-2","status":"publish","type":"product","link":"https:\/\/kstoryespana.com\/es\/product\/mr-sunshine-original-book-set-book-1-2\/","title":{"rendered":"[Mr. Sunshine] Original Book Set (Book 1,2)"},"content":{"rendered":"<p><strong>[Mr. Sunshine] Original Book Set (Book 1,2)<\/strong><\/p>\n<p><strong>Pages :<\/strong> Book 1 &#8211; 412 pages, Book2 &#8211; 404 pages<\/p>\n<p>\u00a0<\/p>\n<div class=\"tm_infoSet\">\n<h4 class=\"tit_txt\">\u00a0<meta charset=\"utf-8\"><br \/>\n<b data-mce-fragment=\"1\">* Noticia important :\u00a0La caja \/ caja exterior es simplemente para proteger la mercanc\u00eda. (Los da\u00f1os como ara\u00f1azos o decoloraci\u00f3n de la carcasa \/ caja no est\u00e1n cubiertos).<\/b><br \/>\n<\/h4>\n<\/div>\n<p><img decoding=\"async\" src=\"https:\/\/cdn.shopify.com\/s\/files\/1\/0559\/4356\/1408\/files\/XL_9.jpg?v=1645690073\" alt=\"\"><img decoding=\"async\" src=\"https:\/\/cdn.shopify.com\/s\/files\/1\/0559\/4356\/1408\/files\/XL_8.jpg?v=1645690086\" alt=\"\" data-mce-fragment=\"1\"><\/p>\n","protected":false},"excerpt":{"rendered":"<p>[Mr. Sunshine] Original Book Set (Book 1,2) Pages : Book 1 &#8211; 412 pages, Book2 &#8211; 404 pages \u00a0 \u00a0 * Noticia important :\u00a0La caja \/ caja exterior es simplemente para proteger la mercanc\u00eda. (Los da\u00f1os como ara\u00f1azos o decoloraci\u00f3n de la carcasa \/ caja no est\u00e1n cubiertos).<\/p>\n","protected":false},"featured_media":41682,"template":"","meta":[],"product_brand":[4536],"product_cat":[4348,4400],"product_tag":[8067],"class_list":{"0":"post-23217","1":"product","2":"type-product","3":"status-publish","4":"has-post-thumbnail","6":"product_brand-stock-in-korea","7":"product_cat-k-product","8":"product_cat-kstoryfromkorea","9":"product_tag-original","11":"first","12":"instock","13":"taxable","14":"shipping-taxable","15":"purchasable","16":"product-type-simple"},"jetpack_sharing_enabled":true,"_links":{"self":[{"href":"https:\/\/kstoryespana.com\/es\/wp-json\/wp\/v2\/product\/23217","targetHints":{"allow":["GET"]}}],"collection":[{"href":"https:\/\/kstoryespana.com\/es\/wp-json\/wp\/v2\/product"}],"about":[{"href":"https:\/\/kstoryespana.com\/es\/wp-json\/wp\/v2\/types\/product"}],"wp:featuredmedia":[{"embeddable":true,"href":"https:\/\/kstoryespana.com\/es\/wp-json\/wp\/v2\/media\/41682"}],"wp:attachment":[{"href":"https:\/\/kstoryespana.com\/es\/wp-json\/wp\/v2\/media?parent=23217"}],"wp:term":[{"taxonomy":"product_brand","embeddable":true,"href":"https:\/\/kstoryespana.com\/es\/wp-json\/wp\/v2\/product_brand?post=23217"},{"taxonomy":"product_cat","embeddable":true,"href":"https:\/\/kstoryespana.com\/es\/wp-json\/wp\/v2\/product_cat?post=23217"},{"taxonomy":"product_tag","embeddable":true,"href":"https:\/\/kstoryespana.com\/es\/wp-json\/wp\/v2\/product_tag?post=23217"}],"curies":[{"name":"wp","href":"https:\/\/api.w.org\/{rel}","templated":true}]}}