{"id":23151,"date":"2025-05-27T22:54:00","date_gmt":"2025-05-27T22:54:00","guid":{"rendered":"https:\/\/kstoryespana.com\/?product=lovers-of-the-red-sky-photo-essay"},"modified":"2026-04-20T23:42:20","modified_gmt":"2026-04-20T21:42:20","slug":"lovers-of-the-red-sky-photo-essay","status":"publish","type":"product","link":"https:\/\/kstoryespana.com\/es\/product\/lovers-of-the-red-sky-photo-essay\/","title":{"rendered":"[Lovers of the Red Sky] Photo Essay"},"content":{"rendered":"<p data-mce-fragment=\"1\"><strong>Lovers of the Red Sky Photo Essay<\/strong><br data-mce-fragment=\"1\"><br data-mce-fragment=\"1\"><strong data-mce-fragment=\"1\"><span data-mce-fragment=\"1\">Package :<\/span><\/strong><\/p>\n<ul data-mce-fragment=\"1\">\n<li data-mce-fragment=\"1\">1 Printed Copy signed by Yoojung Kin, Hyoseop Ahn, Myung Gong<\/li>\n<li data-mce-fragment=\"1\">2 Mini Posters (Limited)<\/li>\n<li data-mce-fragment=\"1\">6 Postcard set\u00a0<span data-mce-fragment=\"1\">(Limited)<\/span>\n<\/li>\n<\/ul>\n<p><strong data-mce-fragment=\"1\">Index :<\/strong><\/p>\n<p data-mce-fragment=\"1\"><strong>CHAPTER 1<\/strong><br \/>_ \ub4f1\uc7a5\uc778\ubb3c<br \/>_ \uc778\ubb3c \uad00\uacc4\ub3c4<\/p>\n<p><strong>CHAPTER 2<\/strong><br \/>\ub9c8\uc74c\uc744 \ub450\ub4dc\ub9ac\ub294 \uba85\uc7a5\uba74 &#038; \uba85\ub300\uc0ac<\/p>\n<p><strong>CHAPTER 3<\/strong><br \/>\ud604\uc7a5\uc758 \uc5f4\uae30<\/p>\n<p data-mce-fragment=\"1\">\u00a0<meta charset=\"utf-8\"><\/p>\n<p><b>* Noticia important :\u00a0La caja \/ caja exterior es simplemente para proteger la mercanc\u00eda. (Los da\u00f1os como ara\u00f1azos o decoloraci\u00f3n de la carcasa \/ caja no est\u00e1n cubiertos).<\/b><\/p>\n<p><img decoding=\"async\" src=\"https:\/\/cdn.shopify.com\/s\/files\/1\/0559\/4356\/1408\/files\/368333168_1.jpg?v=1645687625\" alt=\"\"><\/p>","protected":false},"excerpt":{"rendered":"<p>Lovers of the Red Sky Photo EssayPackage : 1 Printed Copy signed by Yoojung Kin, Hyoseop Ahn, Myung Gong 2 Mini Posters (Limited) 6 Postcard set\u00a0(Limited) Index : CHAPTER 1_ \ub4f1\uc7a5\uc778\ubb3c_ \uc778\ubb3c \uad00\uacc4\ub3c4 CHAPTER 2\ub9c8\uc74c\uc744 \ub450\ub4dc\ub9ac\ub294 \uba85\uc7a5\uba74 &#038; \uba85\ub300\uc0ac CHAPTER 3\ud604\uc7a5\uc758 \uc5f4\uae30 \u00a0 * Noticia important :\u00a0La caja \/ caja exterior es simplemente para proteger [&hellip;]<\/p>\n","protected":false},"featured_media":41496,"comment_status":"open","ping_status":"closed","template":"","meta":[],"product_brand":[4536],"product_cat":[4872,4348,4400],"product_tag":[7815],"class_list":{"0":"post-23151","1":"product","2":"type-product","3":"status-publish","4":"has-post-thumbnail","6":"product_brand-stock-in-korea","7":"product_cat-iva-reducida","8":"product_cat-k-product","9":"product_cat-kstoryfromkorea","10":"product_tag-photo","12":"first","13":"instock","14":"taxable","15":"shipping-taxable","16":"purchasable","17":"product-type-simple"},"jetpack_sharing_enabled":true,"_links":{"self":[{"href":"https:\/\/kstoryespana.com\/es\/wp-json\/wp\/v2\/product\/23151","targetHints":{"allow":["GET"]}}],"collection":[{"href":"https:\/\/kstoryespana.com\/es\/wp-json\/wp\/v2\/product"}],"about":[{"href":"https:\/\/kstoryespana.com\/es\/wp-json\/wp\/v2\/types\/product"}],"replies":[{"embeddable":true,"href":"https:\/\/kstoryespana.com\/es\/wp-json\/wp\/v2\/comments?post=23151"}],"wp:featuredmedia":[{"embeddable":true,"href":"https:\/\/kstoryespana.com\/es\/wp-json\/wp\/v2\/media\/41496"}],"wp:attachment":[{"href":"https:\/\/kstoryespana.com\/es\/wp-json\/wp\/v2\/media?parent=23151"}],"wp:term":[{"taxonomy":"product_brand","embeddable":true,"href":"https:\/\/kstoryespana.com\/es\/wp-json\/wp\/v2\/product_brand?post=23151"},{"taxonomy":"product_cat","embeddable":true,"href":"https:\/\/kstoryespana.com\/es\/wp-json\/wp\/v2\/product_cat?post=23151"},{"taxonomy":"product_tag","embeddable":true,"href":"https:\/\/kstoryespana.com\/es\/wp-json\/wp\/v2\/product_tag?post=23151"}],"curies":[{"name":"wp","href":"https:\/\/api.w.org\/{rel}","templated":true}]}}