{"id":23150,"date":"2025-05-27T22:53:58","date_gmt":"2025-05-27T22:53:58","guid":{"rendered":"https:\/\/kstoryespana.com\/?product=love-in-the-moonlight-photo-essay"},"modified":"2026-04-20T23:42:20","modified_gmt":"2026-04-20T21:42:20","slug":"love-in-the-moonlight-photo-essay","status":"publish","type":"product","link":"https:\/\/kstoryespana.com\/es\/product\/love-in-the-moonlight-photo-essay\/","title":{"rendered":"[Love in the Moonlight] Photo essay"},"content":{"rendered":"<p data-mce-fragment=\"1\"><strong>Love in the Moonlight Photo essay<\/strong><br data-mce-fragment=\"1\"><br data-mce-fragment=\"1\"><strong data-mce-fragment=\"1\">Index :<\/strong><\/p>\n<p data-mce-fragment=\"1\"># 1<br \/>\uce90\ub9ad\ud130 \uc18c\uac1c<br \/>\uc778\ubb3c\uad00\uacc4\ub3c4<\/p>\n<p># 2<br \/>\u4e00. \ub2ec\ube5b \uc778\uc5f0<br \/>\u4e8c. \ub9d0\ud560 \uc218 \uc5c6\ub294 \ube44\ubc00\uc774 \ub9d0\ud558\uace0 \uc2f6\uc5b4\uc9c8 \ub54c<br \/>\u4e09. \ub9c8\uc74c\uc758 \ube57\uc7a5\uc774 \uc5f4\ub9ac\ub294 \uc21c\uac04<br \/>\u56db. \ub2e4\uc815\ud558\uac8c, \uc548\ub155\ud788<\/p>\n<p># 3<br \/>\ud604\uc7a5 \uc0ac\uc9c4<br \/>\ub9cc\ub4e0 \uc0ac\ub78c\ub4e4\u00a0<\/p>\n<p><b>* Noticia important :\u00a0La caja \/ caja exterior es simplemente para proteger la mercanc\u00eda. (Los da\u00f1os como ara\u00f1azos o decoloraci\u00f3n de la carcasa \/ caja no est\u00e1n cubiertos).<\/b><\/p>\n<p><img decoding=\"async\" src=\"https:\/\/cdn.shopify.com\/s\/files\/1\/0559\/4356\/1408\/files\/98247408.jpg?v=1645688064\" alt=\"\"><\/p>","protected":false},"excerpt":{"rendered":"<p>Love in the Moonlight Photo essayIndex : # 1\uce90\ub9ad\ud130 \uc18c\uac1c\uc778\ubb3c\uad00\uacc4\ub3c4 # 2\u4e00. \ub2ec\ube5b \uc778\uc5f0\u4e8c. \ub9d0\ud560 \uc218 \uc5c6\ub294 \ube44\ubc00\uc774 \ub9d0\ud558\uace0 \uc2f6\uc5b4\uc9c8 \ub54c\u4e09. \ub9c8\uc74c\uc758 \ube57\uc7a5\uc774 \uc5f4\ub9ac\ub294 \uc21c\uac04\u56db. \ub2e4\uc815\ud558\uac8c, \uc548\ub155\ud788 # 3\ud604\uc7a5 \uc0ac\uc9c4\ub9cc\ub4e0 \uc0ac\ub78c\ub4e4\u00a0 * Noticia important :\u00a0La caja \/ caja exterior es simplemente para proteger la mercanc\u00eda. (Los da\u00f1os como ara\u00f1azos o decoloraci\u00f3n de la carcasa \/ [&hellip;]<\/p>\n","protected":false},"featured_media":41495,"comment_status":"open","ping_status":"closed","template":"","meta":[],"product_brand":[4536],"product_cat":[4872,4348,4403],"product_tag":[7815],"class_list":{"0":"post-23150","1":"product","2":"type-product","3":"status-publish","4":"has-post-thumbnail","6":"product_brand-stock-in-korea","7":"product_cat-iva-reducida","8":"product_cat-k-product","9":"product_cat-kstoryespana","10":"product_tag-photo","12":"first","13":"outofstock","14":"taxable","15":"shipping-taxable","16":"purchasable","17":"product-type-simple"},"jetpack_sharing_enabled":true,"_links":{"self":[{"href":"https:\/\/kstoryespana.com\/es\/wp-json\/wp\/v2\/product\/23150","targetHints":{"allow":["GET"]}}],"collection":[{"href":"https:\/\/kstoryespana.com\/es\/wp-json\/wp\/v2\/product"}],"about":[{"href":"https:\/\/kstoryespana.com\/es\/wp-json\/wp\/v2\/types\/product"}],"replies":[{"embeddable":true,"href":"https:\/\/kstoryespana.com\/es\/wp-json\/wp\/v2\/comments?post=23150"}],"wp:featuredmedia":[{"embeddable":true,"href":"https:\/\/kstoryespana.com\/es\/wp-json\/wp\/v2\/media\/41495"}],"wp:attachment":[{"href":"https:\/\/kstoryespana.com\/es\/wp-json\/wp\/v2\/media?parent=23150"}],"wp:term":[{"taxonomy":"product_brand","embeddable":true,"href":"https:\/\/kstoryespana.com\/es\/wp-json\/wp\/v2\/product_brand?post=23150"},{"taxonomy":"product_cat","embeddable":true,"href":"https:\/\/kstoryespana.com\/es\/wp-json\/wp\/v2\/product_cat?post=23150"},{"taxonomy":"product_tag","embeddable":true,"href":"https:\/\/kstoryespana.com\/es\/wp-json\/wp\/v2\/product_tag?post=23150"}],"curies":[{"name":"wp","href":"https:\/\/api.w.org\/{rel}","templated":true}]}}