{"id":23143,"date":"2025-05-27T22:53:57","date_gmt":"2025-05-27T22:53:57","guid":{"rendered":"https:\/\/kstoryespana.com\/?product=love-in-the-moonlight-original-book-set-book-15"},"modified":"2026-04-20T23:42:22","modified_gmt":"2026-04-20T21:42:22","slug":"love-in-the-moonlight-original-book-set-book-1-5","status":"publish","type":"product","link":"https:\/\/kstoryespana.com\/es\/product\/love-in-the-moonlight-original-book-set-book-1-5\/","title":{"rendered":"[Love in the Moonlight] Original Book Set (Book 1~5)"},"content":{"rendered":"<p><strong>[Love in the Moonlight] Original Book Set (Book 1~5)<\/strong><\/p>\n<p>\u00a0<meta charset=\"utf-8\"><b data-mce-fragment=\"1\">* Noticia important :\u00a0La caja \/ caja exterior es simplemente para proteger la mercanc\u00eda. (Los da\u00f1os como ara\u00f1azos o decoloraci\u00f3n de la carcasa \/ caja no est\u00e1n cubiertos).<\/b><\/p>\n<p><img decoding=\"async\" src=\"https:\/\/cdn.shopify.com\/s\/files\/1\/0559\/4356\/1408\/files\/71906835.jpg?v=1645691589\" alt=\"\"><\/p>\n","protected":false},"excerpt":{"rendered":"<p>[Love in the Moonlight] Original Book Set (Book 1~5) \u00a0* Noticia important :\u00a0La caja \/ caja exterior es simplemente para proteger la mercanc\u00eda. (Los da\u00f1os como ara\u00f1azos o decoloraci\u00f3n de la carcasa \/ caja no est\u00e1n cubiertos).<\/p>\n","protected":false},"featured_media":41493,"template":"","meta":[],"product_brand":[4536],"product_cat":[4348,4400],"product_tag":[8067],"class_list":{"0":"post-23143","1":"product","2":"type-product","3":"status-publish","4":"has-post-thumbnail","6":"product_brand-stock-in-korea","7":"product_cat-k-product","8":"product_cat-kstoryfromkorea","9":"product_tag-original","11":"first","12":"instock","13":"taxable","14":"shipping-taxable","15":"purchasable","16":"product-type-variable"},"jetpack_sharing_enabled":true,"_links":{"self":[{"href":"https:\/\/kstoryespana.com\/es\/wp-json\/wp\/v2\/product\/23143","targetHints":{"allow":["GET"]}}],"collection":[{"href":"https:\/\/kstoryespana.com\/es\/wp-json\/wp\/v2\/product"}],"about":[{"href":"https:\/\/kstoryespana.com\/es\/wp-json\/wp\/v2\/types\/product"}],"wp:featuredmedia":[{"embeddable":true,"href":"https:\/\/kstoryespana.com\/es\/wp-json\/wp\/v2\/media\/41493"}],"wp:attachment":[{"href":"https:\/\/kstoryespana.com\/es\/wp-json\/wp\/v2\/media?parent=23143"}],"wp:term":[{"taxonomy":"product_brand","embeddable":true,"href":"https:\/\/kstoryespana.com\/es\/wp-json\/wp\/v2\/product_brand?post=23143"},{"taxonomy":"product_cat","embeddable":true,"href":"https:\/\/kstoryespana.com\/es\/wp-json\/wp\/v2\/product_cat?post=23143"},{"taxonomy":"product_tag","embeddable":true,"href":"https:\/\/kstoryespana.com\/es\/wp-json\/wp\/v2\/product_tag?post=23143"}],"curies":[{"name":"wp","href":"https:\/\/api.w.org\/{rel}","templated":true}]}}