{"id":23057,"date":"2025-05-27T22:53:29","date_gmt":"2025-05-27T22:53:29","guid":{"rendered":"https:\/\/kstoryespana.com\/?product=damaged-jimin-face"},"modified":"2026-04-21T15:40:11","modified_gmt":"2026-04-21T13:40:11","slug":"damaged-jimin-face","status":"publish","type":"product","link":"https:\/\/kstoryespana.com\/es\/producto\/damaged-jimin-face\/","title":{"rendered":"[Damaged] JIMIN &#8211; FACE"},"content":{"rendered":"<div style=\"text-align: center;\" data-mce-style=\"text-align: center;\">\n<div>\n<div>\n<div><strong><span style=\"color: #000000;\" data-mce-style=\"color: #000000;\"><\/span><\/strong><\/div>\n<\/div>\n<\/div>\n<\/div>\n<ul style=\"text-align: left; padding-left: 30px;\">\n<li><strong>JIMIN &#8211; FACE<\/strong><\/li>\n<li><strong>UNDEFINABLE FACE Ver.<\/strong><\/li>\n<\/ul>\n<ul style=\"text-align: left; padding-left: 30px;\">\n<li>Complete, open. Damage by a shoddy binding in production process, also, the photocard is damaged by a scratch in Jimin&#8217;s face.<\/li>\n<li>Completo y abierto. Da\u00f1os causados por una mala encuadernaci\u00f3n en el proceso de producci\u00f3n, la photocard tambi\u00e9n tiene un ara\u00f1azo en la cara de Jimin.\u00a0<\/li>\n<\/ul>\n<p><img decoding=\"async\" src=\"https:\/\/cdn.shopify.com\/s\/files\/1\/0579\/9454\/3257\/files\/23_9e537ed3-ef52-43b2-8230-7d9db1583026_480x480.png?v=1707908117\" alt=\"\"><\/p>","protected":false},"excerpt":{"rendered":"<p>JIMIN &#8211; FACE UNDEFINABLE FACE Ver. Complete, open. Damage by a shoddy binding in production process, also, the photocard is damaged by a scratch in Jimin&#8217;s face. Completo y abierto. Da\u00f1os causados por una mala encuadernaci\u00f3n en el proceso de producci\u00f3n, la photocard tambi\u00e9n tiene un ara\u00f1azo en la cara de Jimin.\u00a0<\/p>","protected":false},"featured_media":41317,"template":"","meta":[],"product_brand":[4536],"product_cat":[7225,4403],"product_tag":[8245,7591],"class_list":{"0":"post-23057","1":"product","2":"type-product","3":"status-publish","4":"has-post-thumbnail","6":"product_brand-stock-in-korea","7":"product_cat-album-2","8":"product_cat-kstoryespana","9":"product_tag-damaged","10":"product_tag-jimin","12":"first","13":"outofstock","14":"sale","15":"taxable","16":"shipping-taxable","17":"purchasable","18":"product-type-simple"},"jetpack_sharing_enabled":true,"_links":{"self":[{"href":"https:\/\/kstoryespana.com\/es\/wp-json\/wp\/v2\/product\/23057","targetHints":{"allow":["GET"]}}],"collection":[{"href":"https:\/\/kstoryespana.com\/es\/wp-json\/wp\/v2\/product"}],"about":[{"href":"https:\/\/kstoryespana.com\/es\/wp-json\/wp\/v2\/types\/product"}],"wp:featuredmedia":[{"embeddable":true,"href":"https:\/\/kstoryespana.com\/es\/wp-json\/wp\/v2\/media\/41317"}],"wp:attachment":[{"href":"https:\/\/kstoryespana.com\/es\/wp-json\/wp\/v2\/media?parent=23057"}],"wp:term":[{"taxonomy":"product_brand","embeddable":true,"href":"https:\/\/kstoryespana.com\/es\/wp-json\/wp\/v2\/product_brand?post=23057"},{"taxonomy":"product_cat","embeddable":true,"href":"https:\/\/kstoryespana.com\/es\/wp-json\/wp\/v2\/product_cat?post=23057"},{"taxonomy":"product_tag","embeddable":true,"href":"https:\/\/kstoryespana.com\/es\/wp-json\/wp\/v2\/product_tag?post=23057"}],"curies":[{"name":"wp","href":"https:\/\/api.w.org\/{rel}","templated":true}]}}