{"id":23046,"date":"2025-05-27T22:53:25","date_gmt":"2025-05-27T22:53:25","guid":{"rendered":"https:\/\/kstoryespana.com\/?product=damaged-bts-dicon-dfesta-mini-edition"},"modified":"2026-05-03T20:43:31","modified_gmt":"2026-05-03T18:43:31","slug":"danado-bts-dicon-dfesta-mini-edition","status":"publish","type":"product","link":"https:\/\/kstoryespana.com\/es\/product\/damaged-bts-dicon-dfesta-mini-edition\/","title":{"rendered":"[Damaged] BTS DICON DFESTA MINI EDITION"},"excerpt":{"rendered":"<p>\u00a0 \u00a0BTS DICON DFESTA MINI EDITION \u00a0JUNGKOOK Ver. New and coplete. Damage inside the binder caused by a production error. Nuevo y completo. El interior del binder est\u00e1 da\u00f1ado por un error en el proceso de producci\u00f3n.<\/p>","protected":false},"featured_media":41307,"template":"","meta":[],"product_brand":[4535],"product_cat":[7225,4403],"product_tag":[6784,8245],"class_list":{"0":"post-23046","1":"product","2":"type-product","3":"status-publish","4":"has-post-thumbnail","6":"product_brand-stock-in-spain","7":"product_cat-album-2","8":"product_cat-kstoryespana","9":"product_tag-bts","10":"product_tag-damaged","12":"first","13":"outofstock","14":"sale","15":"taxable","16":"shipping-taxable","17":"purchasable","18":"product-type-simple"},"jetpack_sharing_enabled":true,"_links":{"self":[{"href":"https:\/\/kstoryespana.com\/es\/wp-json\/wp\/v2\/product\/23046","targetHints":{"allow":["GET"]}}],"collection":[{"href":"https:\/\/kstoryespana.com\/es\/wp-json\/wp\/v2\/product"}],"about":[{"href":"https:\/\/kstoryespana.com\/es\/wp-json\/wp\/v2\/types\/product"}],"wp:featuredmedia":[{"embeddable":true,"href":"https:\/\/kstoryespana.com\/es\/wp-json\/wp\/v2\/media\/41307"}],"wp:attachment":[{"href":"https:\/\/kstoryespana.com\/es\/wp-json\/wp\/v2\/media?parent=23046"}],"wp:term":[{"taxonomy":"product_brand","embeddable":true,"href":"https:\/\/kstoryespana.com\/es\/wp-json\/wp\/v2\/product_brand?post=23046"},{"taxonomy":"product_cat","embeddable":true,"href":"https:\/\/kstoryespana.com\/es\/wp-json\/wp\/v2\/product_cat?post=23046"},{"taxonomy":"product_tag","embeddable":true,"href":"https:\/\/kstoryespana.com\/es\/wp-json\/wp\/v2\/product_tag?post=23046"}],"curies":[{"name":"wp","href":"https:\/\/api.w.org\/{rel}","templated":true}]}}