{"id":22433,"date":"2025-05-27T22:50:48","date_gmt":"2025-05-27T22:50:48","guid":{"rendered":"https:\/\/kstoryespana.com\/?product=younite-2nd-ep-youni-q"},"modified":"2026-05-03T22:12:34","modified_gmt":"2026-05-03T20:12:34","slug":"pre-order-younite-2nd-ep-youni-q","status":"publish","type":"product","link":"https:\/\/kstoryespana.com\/es\/product\/pre-order-younite-2nd-ep-youni-q\/","title":{"rendered":"YOUNITE &#8211; 2ND EP [YOUNI-Q]"},"excerpt":{"rendered":"<p>Release date:\u00a0July\u00a026, 2022 (Important : After 7th of September, it will be shipped from Spain. In august, there is no shipping due to the vacation) YOUNITE &#8211; 2ND EP [YOUNI-Q] Pre-Order Gift &#8211; 1 POSTER ** Noticia importante : La caja \/ caja exterior es simplemente para proteger la mercanc\u00eda. (Los da\u00f1os como ara\u00f1azos o [&hellip;]<\/p>\n","protected":false},"featured_media":40828,"template":"","meta":[],"product_brand":[4536],"product_cat":[7225,4400],"product_tag":[8049],"class_list":{"0":"post-22433","1":"product","2":"type-product","3":"status-publish","4":"has-post-thumbnail","6":"product_brand-stock-in-korea","7":"product_cat-album-2","8":"product_cat-kstoryfromkorea","9":"product_tag-younite","11":"first","12":"instock","13":"taxable","14":"shipping-taxable","15":"purchasable","16":"product-type-variable"},"jetpack_sharing_enabled":true,"_links":{"self":[{"href":"https:\/\/kstoryespana.com\/es\/wp-json\/wp\/v2\/product\/22433","targetHints":{"allow":["GET"]}}],"collection":[{"href":"https:\/\/kstoryespana.com\/es\/wp-json\/wp\/v2\/product"}],"about":[{"href":"https:\/\/kstoryespana.com\/es\/wp-json\/wp\/v2\/types\/product"}],"wp:featuredmedia":[{"embeddable":true,"href":"https:\/\/kstoryespana.com\/es\/wp-json\/wp\/v2\/media\/40828"}],"wp:attachment":[{"href":"https:\/\/kstoryespana.com\/es\/wp-json\/wp\/v2\/media?parent=22433"}],"wp:term":[{"taxonomy":"product_brand","embeddable":true,"href":"https:\/\/kstoryespana.com\/es\/wp-json\/wp\/v2\/product_brand?post=22433"},{"taxonomy":"product_cat","embeddable":true,"href":"https:\/\/kstoryespana.com\/es\/wp-json\/wp\/v2\/product_cat?post=22433"},{"taxonomy":"product_tag","embeddable":true,"href":"https:\/\/kstoryespana.com\/es\/wp-json\/wp\/v2\/product_tag?post=22433"}],"curies":[{"name":"wp","href":"https:\/\/api.w.org\/{rel}","templated":true}]}}