{"id":22414,"date":"2025-05-27T22:50:42","date_gmt":"2025-05-27T22:50:42","guid":{"rendered":"https:\/\/kstoryespana.com\/?product=youngjae-2nd-mini-album-sugar"},"modified":"2026-05-03T20:43:14","modified_gmt":"2026-05-03T18:43:14","slug":"pre-order-youngjae-2nd-mini-album-sugar","status":"publish","type":"product","link":"https:\/\/kstoryespana.com\/es\/product\/pre-order-youngjae-2nd-mini-album-sugar\/","title":{"rendered":"Youngjae &#8211; 2nd Mini Album [SUGAR]"},"excerpt":{"rendered":"<p>Release date: June\u00a022, 2022 Youngjae &#8211; 2nd Mini Album [SUGAR] ** Noticia importante : La caja \/ caja exterior es simplemente para proteger la mercanc\u00eda. (Los da\u00f1os como ara\u00f1azos o decoloraci\u00f3n de la carcasa \/ caja no est\u00e1n cubiertos).<\/p>\n","protected":false},"featured_media":40812,"template":"","meta":[],"product_brand":[],"product_cat":[7225,4400],"product_tag":[8047],"class_list":{"0":"post-22414","1":"product","2":"type-product","3":"status-publish","4":"has-post-thumbnail","6":"product_cat-album-2","7":"product_cat-kstoryfromkorea","8":"product_tag-youngjae","10":"first","11":"instock","12":"taxable","13":"shipping-taxable","14":"purchasable","15":"product-type-variable"},"jetpack_sharing_enabled":true,"_links":{"self":[{"href":"https:\/\/kstoryespana.com\/es\/wp-json\/wp\/v2\/product\/22414","targetHints":{"allow":["GET"]}}],"collection":[{"href":"https:\/\/kstoryespana.com\/es\/wp-json\/wp\/v2\/product"}],"about":[{"href":"https:\/\/kstoryespana.com\/es\/wp-json\/wp\/v2\/types\/product"}],"wp:featuredmedia":[{"embeddable":true,"href":"https:\/\/kstoryespana.com\/es\/wp-json\/wp\/v2\/media\/40812"}],"wp:attachment":[{"href":"https:\/\/kstoryespana.com\/es\/wp-json\/wp\/v2\/media?parent=22414"}],"wp:term":[{"taxonomy":"product_brand","embeddable":true,"href":"https:\/\/kstoryespana.com\/es\/wp-json\/wp\/v2\/product_brand?post=22414"},{"taxonomy":"product_cat","embeddable":true,"href":"https:\/\/kstoryespana.com\/es\/wp-json\/wp\/v2\/product_cat?post=22414"},{"taxonomy":"product_tag","embeddable":true,"href":"https:\/\/kstoryespana.com\/es\/wp-json\/wp\/v2\/product_tag?post=22414"}],"curies":[{"name":"wp","href":"https:\/\/api.w.org\/{rel}","templated":true}]}}