{"id":22401,"date":"2025-05-27T22:50:38","date_gmt":"2025-05-27T22:50:38","guid":{"rendered":"https:\/\/kstoryespana.com\/?product=young-k-1st-mini-album-eternal"},"modified":"2026-05-03T22:12:27","modified_gmt":"2026-05-03T20:12:27","slug":"pre-order-young-k-1st-mini-album-eternal","status":"publish","type":"product","link":"https:\/\/kstoryespana.com\/es\/product\/pre-order-young-k-1st-mini-album-eternal\/","title":{"rendered":"YOUNG K - 1ER MINI \u00c1LBUM ETERNAL"},"content":{"rendered":"<div style=\"text-align: center;\">\n<strong><strong><strong>Fecha de lanzamiento:\u00a0<span style=\"color: #ff2a00;\">7 de septiembre<\/span><\/strong><\/strong><\/strong><strong><span style=\"color: #ff2a00;\">\u00a02021.<\/span><\/strong><\/p>\n<div>\n<div>\n<div><strong><br \/><\/strong><\/div>\n<\/div>\n<\/div>\n<\/div>\n<ul>\n<li><strong>Young K&#8217;s 1st Mini Album &#8211; Eternal\n<p><\/strong><\/li>\n<li>\n<span style=\"color: #ff2a00;\" mce-data-marked=\"1\"><strong><span data-mce-fragment=\"1\">SOLO PRIMERA\u00a0IMPRESION | No disponible<\/span><\/strong><\/span><br \/>&#8211; 1 4cut Photo Card (Random 1 out of 2)<br \/>&#8211; 1 Poster (Random 1 out of 2, Folded)<\/p>\n<\/li>\n<li>\n<strong><strong><strong><span>Paquete :<br \/><\/span><\/strong><\/strong><\/strong>&#8211; 1 Paper Cover (Random 1 out of 2)<br \/>&#8211; 1 Photo Book (80p)<br \/>- 1 CD<br \/>&#8211; 1 Photo Card (Random 1 out of 6)<br \/>&#8211; 1 Lyric Diary (16p)<br \/>&#8211; 1 Paper Stand (Random 1 out of 2)\n<\/li>\n<\/ul>\n<ul>\n<li>\n<b>Importante:<\/b><br \/><span style=\"color: #2b00ff;\">En el precio est\u00e1n incluidos los\u00a0aranceles, impuestos y cargos de importaci\u00f3n\u00a0por lo que no tienes que preocuparte por aduanas.<\/span><br \/><span style=\"color: #2b00ff;\">\u00a0** El env\u00edo se realiza a partir de la fecha de lanzamiento. Todos los art\u00edculos que no est\u00e1n en stock en Espa\u00f1a se enviar\u00e1n en un plazo de 10 a\u00a018 d\u00edas h\u00e1biles una vez que se haya procesado el pedido.<\/span>\n<\/li>\n<\/ul>","protected":false},"excerpt":{"rendered":"<p>Fecha de lanzamiento:\u00a07 de septiembre\u00a02021. Young K&#8217;s 1st Mini Album &#8211; Eternal SOLO PRIMERA\u00a0IMPRESION | No disponible&#8211; 1 4cut Photo Card (Random 1 out of 2)&#8211; 1 Poster (Random 1 out of 2, Folded) Package :&#8211; 1 Paper Cover (Random 1 out of 2)&#8211; 1 Photo Book (80p)&#8211; 1 CD&#8211; 1 Photo Card (Random 1 [&hellip;]<\/p>\n","protected":false},"featured_media":40799,"template":"","meta":[],"product_brand":[4536],"product_cat":[7225,4400],"product_tag":[8045],"class_list":{"0":"post-22401","1":"product","2":"type-product","3":"status-publish","4":"has-post-thumbnail","6":"product_brand-stock-in-korea","7":"product_cat-album-2","8":"product_cat-kstoryfromkorea","9":"product_tag-young-k","11":"first","12":"instock","13":"sale","14":"taxable","15":"shipping-taxable","16":"purchasable","17":"product-type-simple"},"jetpack_sharing_enabled":true,"_links":{"self":[{"href":"https:\/\/kstoryespana.com\/es\/wp-json\/wp\/v2\/product\/22401","targetHints":{"allow":["GET"]}}],"collection":[{"href":"https:\/\/kstoryespana.com\/es\/wp-json\/wp\/v2\/product"}],"about":[{"href":"https:\/\/kstoryespana.com\/es\/wp-json\/wp\/v2\/types\/product"}],"wp:featuredmedia":[{"embeddable":true,"href":"https:\/\/kstoryespana.com\/es\/wp-json\/wp\/v2\/media\/40799"}],"wp:attachment":[{"href":"https:\/\/kstoryespana.com\/es\/wp-json\/wp\/v2\/media?parent=22401"}],"wp:term":[{"taxonomy":"product_brand","embeddable":true,"href":"https:\/\/kstoryespana.com\/es\/wp-json\/wp\/v2\/product_brand?post=22401"},{"taxonomy":"product_cat","embeddable":true,"href":"https:\/\/kstoryespana.com\/es\/wp-json\/wp\/v2\/product_cat?post=22401"},{"taxonomy":"product_tag","embeddable":true,"href":"https:\/\/kstoryespana.com\/es\/wp-json\/wp\/v2\/product_tag?post=22401"}],"curies":[{"name":"wp","href":"https:\/\/api.w.org\/{rel}","templated":true}]}}