{"id":22319,"date":"2025-05-27T22:50:09","date_gmt":"2025-05-27T22:50:09","guid":{"rendered":"https:\/\/kstoryespana.com\/?product=yena-2nd-mini-album-smartphone"},"modified":"2026-05-01T18:41:39","modified_gmt":"2026-05-01T16:41:39","slug":"pre-order-yena-2nd-mini-album-smartphone","status":"publish","type":"product","link":"https:\/\/kstoryespana.com\/es\/producto\/pre-order-yena-2nd-mini-album-smartphone\/","title":{"rendered":"YENA &#8211; 2nd Mini Album [SMARTPHONE]"},"content":{"rendered":"<div style=\"text-align: center;\" data-mce-style=\"text-align: center;\"><\/div>\n<h3 style=\"text-align: center;\">Release date:<span>\u00a0<\/span><span color=\"#ff2a00\" style=\"color: #ff2a00;\">August<\/span><span style=\"color: #f10808;\">\u00a04, 2022<\/span><br \/>\n<\/h3>\n<div style=\"text-align: center;\"><strong><span style=\"color: #f10808;\"><\/span><\/strong><\/div>\n<ul class=\"ul1\">\n<li class=\"li1\">YENA &#8211; 2nd Mini Album [SMARTPHONE]<\/li>\n<li class=\"li1\">Pre-Order Gift | Only Pre-Order<\/li>\n<li class=\"li1\">\n<meta charset=\"utf-8\"> <span>&#8211; 1 HOLOGRAM PHOTO CARD (RANDOM 1 OUT OF 6)<\/span><br \/><span>&#8211; 1 CLEAR PHOTO CARD (RANDOM 1 OUT OF 3)<\/span><br \/><span>&#8211; 1 POLAROID\u3163<\/span><span>RANDOMLY<\/span><span>\u00a0INCLUDED IN<\/span><span>\u00a0ONLY\u00a0A FEW<\/span><span>\u00a0<\/span><span>LIMITED<\/span><span>\u00a0PACKAGES<\/span>\n<\/li>\n<\/ul>\n<p class=\"p2\"><strong>** Noticia importante : La caja \/ caja exterior es simplemente para proteger la mercanc\u00eda. (Los da\u00f1os como ara\u00f1azos o decoloraci\u00f3n de la carcasa \/ caja no est\u00e1n cubiertos)<\/strong>.<\/p>\n<p class=\"p2\"><img decoding=\"async\" src=\"https:\/\/cdn.shopify.com\/s\/files\/1\/0579\/9454\/3257\/files\/SMARTPHONE.jpg?v=1658165484\" alt=\"\"><\/p>\n<div style=\"text-align: center;\" data-mce-style=\"text-align: center;\"><\/div>\n<div style=\"text-align: center;\" data-mce-style=\"text-align: center;\"><\/div>\n<div style=\"text-align: center;\" data-mce-style=\"text-align: center;\"><\/div>\n","protected":false},"excerpt":{"rendered":"<p>Release date:\u00a0August\u00a04, 2022 YENA &#8211; 2nd Mini Album [SMARTPHONE] Pre-Order Gift | Only Pre-Order &#8211; 1 HOLOGRAM PHOTO CARD (RANDOM 1 OUT OF 6)&#8211; 1 CLEAR PHOTO CARD (RANDOM 1 OUT OF 3)&#8211; 1 POLAROID\u3163RANDOMLY\u00a0INCLUDED IN\u00a0ONLY\u00a0A FEW\u00a0LIMITED\u00a0PACKAGES ** Noticia importante : La caja \/ caja exterior es simplemente para proteger la mercanc\u00eda. (Los da\u00f1os como [&hellip;]<\/p>\n","protected":false},"featured_media":40753,"template":"","meta":[],"product_brand":[4535],"product_cat":[7225,4403],"product_tag":[8037],"class_list":{"0":"post-22319","1":"product","2":"type-product","3":"status-publish","4":"has-post-thumbnail","6":"product_brand-stock-in-spain","7":"product_cat-album-2","8":"product_cat-kstoryespana","9":"product_tag-yena","11":"first","12":"instock","13":"taxable","14":"shipping-taxable","15":"purchasable","16":"product-type-simple"},"jetpack_sharing_enabled":true,"_links":{"self":[{"href":"https:\/\/kstoryespana.com\/es\/wp-json\/wp\/v2\/product\/22319","targetHints":{"allow":["GET"]}}],"collection":[{"href":"https:\/\/kstoryespana.com\/es\/wp-json\/wp\/v2\/product"}],"about":[{"href":"https:\/\/kstoryespana.com\/es\/wp-json\/wp\/v2\/types\/product"}],"wp:featuredmedia":[{"embeddable":true,"href":"https:\/\/kstoryespana.com\/es\/wp-json\/wp\/v2\/media\/40753"}],"wp:attachment":[{"href":"https:\/\/kstoryespana.com\/es\/wp-json\/wp\/v2\/media?parent=22319"}],"wp:term":[{"taxonomy":"product_brand","embeddable":true,"href":"https:\/\/kstoryespana.com\/es\/wp-json\/wp\/v2\/product_brand?post=22319"},{"taxonomy":"product_cat","embeddable":true,"href":"https:\/\/kstoryespana.com\/es\/wp-json\/wp\/v2\/product_cat?post=22319"},{"taxonomy":"product_tag","embeddable":true,"href":"https:\/\/kstoryespana.com\/es\/wp-json\/wp\/v2\/product_tag?post=22319"}],"curies":[{"name":"wp","href":"https:\/\/api.w.org\/{rel}","templated":true}]}}