{"id":22255,"date":"2025-05-27T22:49:47","date_gmt":"2025-05-27T22:49:47","guid":{"rendered":"https:\/\/kstoryespana.com\/?product=xiumin-1st-mini-album-brand-new"},"modified":"2026-05-03T21:45:32","modified_gmt":"2026-05-03T19:45:32","slug":"pre-order-xiumin-1st-mini-album-brand-new","status":"publish","type":"product","link":"https:\/\/kstoryespana.com\/es\/product\/pre-order-xiumin-1st-mini-album-brand-new\/","title":{"rendered":"XIUMIN &#8211; 1st Mini Album [Brand New]"},"excerpt":{"rendered":"<p>Release date:\u00a0September\u00a015, 2022 XIUMIN &#8211; 1st Mini Album [Brand New] [POSTER] Xiumin &#8211; Brand New ** Noticia importante : La caja \/ caja exterior es simplemente para proteger la mercanc\u00eda. (Los da\u00f1os como ara\u00f1azos o decoloraci\u00f3n de la carcasa \/ caja no est\u00e1n cubiertos).<\/p>\n","protected":false},"featured_media":40719,"template":"","meta":[],"product_brand":[4535],"product_cat":[7225,4403],"product_tag":[7473],"class_list":{"0":"post-22255","1":"product","2":"type-product","3":"status-publish","4":"has-post-thumbnail","6":"product_brand-stock-in-spain","7":"product_cat-album-2","8":"product_cat-kstoryespana","9":"product_tag-exo","11":"first","12":"instock","13":"taxable","14":"shipping-taxable","15":"purchasable","16":"product-type-variable"},"jetpack_sharing_enabled":true,"_links":{"self":[{"href":"https:\/\/kstoryespana.com\/es\/wp-json\/wp\/v2\/product\/22255","targetHints":{"allow":["GET"]}}],"collection":[{"href":"https:\/\/kstoryespana.com\/es\/wp-json\/wp\/v2\/product"}],"about":[{"href":"https:\/\/kstoryespana.com\/es\/wp-json\/wp\/v2\/types\/product"}],"wp:featuredmedia":[{"embeddable":true,"href":"https:\/\/kstoryespana.com\/es\/wp-json\/wp\/v2\/media\/40719"}],"wp:attachment":[{"href":"https:\/\/kstoryespana.com\/es\/wp-json\/wp\/v2\/media?parent=22255"}],"wp:term":[{"taxonomy":"product_brand","embeddable":true,"href":"https:\/\/kstoryespana.com\/es\/wp-json\/wp\/v2\/product_brand?post=22255"},{"taxonomy":"product_cat","embeddable":true,"href":"https:\/\/kstoryespana.com\/es\/wp-json\/wp\/v2\/product_cat?post=22255"},{"taxonomy":"product_tag","embeddable":true,"href":"https:\/\/kstoryespana.com\/es\/wp-json\/wp\/v2\/product_tag?post=22255"}],"curies":[{"name":"wp","href":"https:\/\/api.w.org\/{rel}","templated":true}]}}