{"id":22029,"date":"2025-05-27T22:48:39","date_gmt":"2025-05-27T22:48:39","guid":{"rendered":"https:\/\/kstoryespana.com\/?product=woodz-2nd-mini-album-woops"},"modified":"2026-05-03T21:32:37","modified_gmt":"2026-05-03T19:32:37","slug":"woodz-2nd-mini-album-woops","status":"publish","type":"product","link":"https:\/\/kstoryespana.com\/es\/product\/woodz-2nd-mini-album-woops\/","title":{"rendered":"WOODZ &#8211; 2nd MINI ALBUM [WOOPS!]"},"excerpt":{"rendered":"<p>Release date:\u00a0November 18th 2020. WOODZ &#8211; 2nd MINI ALBUM [WOOPS!](LOVE Ver. ONLY) Noticia Importante:\u00a0La caja \/ caja exterior es simplemente para proteger la mercanc\u00eda. (Los da\u00f1os como ara\u00f1azos o decoloraci\u00f3n de la carcasa \/ caja no est\u00e1n cubiertos). \u00a0<\/p>\n","protected":false},"featured_media":40607,"template":"","meta":[],"product_brand":[],"product_cat":[7225,4400],"product_tag":[8022],"class_list":{"0":"post-22029","1":"product","2":"type-product","3":"status-publish","4":"has-post-thumbnail","6":"product_cat-album-2","7":"product_cat-kstoryfromkorea","8":"product_tag-woodz","10":"first","11":"outofstock","12":"taxable","13":"shipping-taxable","14":"purchasable","15":"product-type-variable"},"jetpack_sharing_enabled":true,"_links":{"self":[{"href":"https:\/\/kstoryespana.com\/es\/wp-json\/wp\/v2\/product\/22029","targetHints":{"allow":["GET"]}}],"collection":[{"href":"https:\/\/kstoryespana.com\/es\/wp-json\/wp\/v2\/product"}],"about":[{"href":"https:\/\/kstoryespana.com\/es\/wp-json\/wp\/v2\/types\/product"}],"wp:featuredmedia":[{"embeddable":true,"href":"https:\/\/kstoryespana.com\/es\/wp-json\/wp\/v2\/media\/40607"}],"wp:attachment":[{"href":"https:\/\/kstoryespana.com\/es\/wp-json\/wp\/v2\/media?parent=22029"}],"wp:term":[{"taxonomy":"product_brand","embeddable":true,"href":"https:\/\/kstoryespana.com\/es\/wp-json\/wp\/v2\/product_brand?post=22029"},{"taxonomy":"product_cat","embeddable":true,"href":"https:\/\/kstoryespana.com\/es\/wp-json\/wp\/v2\/product_cat?post=22029"},{"taxonomy":"product_tag","embeddable":true,"href":"https:\/\/kstoryespana.com\/es\/wp-json\/wp\/v2\/product_tag?post=22029"}],"curies":[{"name":"wp","href":"https:\/\/api.w.org\/{rel}","templated":true}]}}