{"id":22004,"date":"2025-05-27T22:48:32","date_gmt":"2025-05-27T22:48:32","guid":{"rendered":"https:\/\/kstoryespana.com\/?product=wooah-1st-mini-album-joy"},"modified":"2026-05-03T20:42:51","modified_gmt":"2026-05-03T18:42:51","slug":"pre-order-woo-ah-1st-mini-album-joy","status":"publish","type":"product","link":"https:\/\/kstoryespana.com\/es\/product\/pre-order-woo-ah-1st-mini-album-joy\/","title":{"rendered":"woo!ah! &#8211; 1st Mini Album [JOY]"},"excerpt":{"rendered":"<p>Release date: June\u00a010, 2022 woo!ah! &#8211; 1st Mini Album [JOY] Pre-Order Gift | Pre-order only : 1 Poster ** Noticia importante : La caja \/ caja exterior es simplemente para proteger la mercanc\u00eda. (Los da\u00f1os como ara\u00f1azos o decoloraci\u00f3n de la carcasa \/ caja no est\u00e1n cubiertos).<\/p>\n","protected":false},"featured_media":40599,"template":"","meta":[],"product_brand":[4536],"product_cat":[7225,4400],"product_tag":[8020],"class_list":{"0":"post-22004","1":"product","2":"type-product","3":"status-publish","4":"has-post-thumbnail","6":"product_brand-stock-in-korea","7":"product_cat-album-2","8":"product_cat-kstoryfromkorea","9":"product_tag-wooah","11":"first","12":"instock","13":"taxable","14":"shipping-taxable","15":"purchasable","16":"product-type-variable"},"jetpack_sharing_enabled":true,"_links":{"self":[{"href":"https:\/\/kstoryespana.com\/es\/wp-json\/wp\/v2\/product\/22004","targetHints":{"allow":["GET"]}}],"collection":[{"href":"https:\/\/kstoryespana.com\/es\/wp-json\/wp\/v2\/product"}],"about":[{"href":"https:\/\/kstoryespana.com\/es\/wp-json\/wp\/v2\/types\/product"}],"wp:featuredmedia":[{"embeddable":true,"href":"https:\/\/kstoryespana.com\/es\/wp-json\/wp\/v2\/media\/40599"}],"wp:attachment":[{"href":"https:\/\/kstoryespana.com\/es\/wp-json\/wp\/v2\/media?parent=22004"}],"wp:term":[{"taxonomy":"product_brand","embeddable":true,"href":"https:\/\/kstoryespana.com\/es\/wp-json\/wp\/v2\/product_brand?post=22004"},{"taxonomy":"product_cat","embeddable":true,"href":"https:\/\/kstoryespana.com\/es\/wp-json\/wp\/v2\/product_cat?post=22004"},{"taxonomy":"product_tag","embeddable":true,"href":"https:\/\/kstoryespana.com\/es\/wp-json\/wp\/v2\/product_tag?post=22004"}],"curies":[{"name":"wp","href":"https:\/\/api.w.org\/{rel}","templated":true}]}}