{"id":22001,"date":"2025-05-27T22:48:31","date_gmt":"2025-05-27T22:48:31","guid":{"rendered":"https:\/\/kstoryespana.com\/?product=wonpilday6-1st-full-album-pilmography"},"modified":"2026-05-03T21:32:36","modified_gmt":"2026-05-03T19:32:36","slug":"wonpil-1st-full-album-pilmography","status":"publish","type":"product","link":"https:\/\/kstoryespana.com\/es\/producto\/wonpil-1st-full-album-pilmography\/","title":{"rendered":"WONPIL(DAY6) &#8211; 1ST FULL ALBUM PILMOGRAPHY"},"content":{"rendered":"<div style=\"text-align: center;\">\n<span data-mce-fragment=\"1\">\u00a0<\/span><strong data-mce-fragment=\"1\">Release date:\u00a0<\/strong><strong data-mce-fragment=\"1\"><span data-mce-fragment=\"1\"><span style=\"color: #ff2a00;\">February 8th 2022<\/span>.<\/span><\/strong><\/p>\n<div>\n<div>\n<div><strong>\u00a0<\/strong><\/div>\n<\/div>\n<\/div>\n<\/div>\n<ul>\n<li><strong>DAY6 WONPIL&#8217;s\u00a01st Full Album &#8211; Pilmography<br \/>[ PART1 ver. \/ PART2 ver. ]\n<p><\/strong><\/li>\n<li>\n<strong><span style=\"color: #ff2a00;\">PRE-ORDER GIFT\u3163SUPER LIMITED, FIRST COME FIRST SERVE<br \/><\/span>&#8211; <\/strong>1 Pilmography-etude Note (16p)<strong><br \/><\/strong>&#8211; 1\u00a0Poster (Random 1 out of 3)<br \/><strong><br \/><\/strong>\n<\/li>\n<li>\n<strong data-mce-fragment=\"1\"><span data-mce-fragment=\"1\">Components for Each Version :<br \/><\/span><\/strong>&#8211; 1 Photo book (68p)<br \/>&#8211; 1 Envelope<br \/>&#8211; 1\u00a0CD-R\u00a0<span data-mce-fragment=\"1\"><br \/><\/span>&#8211; 2 Photo Card (Random 2 out of 6)<br \/>&#8211; 1 Frame Photo Card<br \/>&#8211; 1 Letter<br \/>&#8211; 1 Bookmark<\/p>\n<\/li>\n<\/ul>\n<ul>\n<li>\n<b>Noticia important :<\/b><br \/><b>La caja \/ caja exterior es simplemente para proteger la mercanc\u00eda. (Los da\u00f1os como ara\u00f1azos o decoloraci\u00f3n de la carcasa \/ caja no est\u00e1n cubiertos).<\/b>\n<\/li>\n<\/ul>\n<p><b><img decoding=\"async\" src=\"https:\/\/cdn.shopify.com\/s\/files\/1\/0579\/9454\/3257\/files\/DAY6.jpg?v=1643921324\" alt=\"\"><\/b><\/p>\n","protected":false},"excerpt":{"rendered":"<p>\u00a0Release date:\u00a0February 8th 2022. \u00a0 DAY6 WONPIL&#8217;s\u00a01st Full Album &#8211; Pilmography[ PART1 ver. \/ PART2 ver. ] PRE-ORDER GIFT\u3163SUPER LIMITED, FIRST COME FIRST SERVE&#8211; 1 Pilmography-etude Note (16p)&#8211; 1\u00a0Poster (Random 1 out of 3) Components for Each Version :&#8211; 1 Photo book (68p)&#8211; 1 Envelope&#8211; 1\u00a0CD-R\u00a0&#8211; 2 Photo Card (Random 2 out of 6)&#8211; 1 [&hellip;]<\/p>\n","protected":false},"featured_media":40592,"template":"","meta":[],"product_brand":[4536],"product_cat":[7225,4400],"product_tag":[7423,8352],"class_list":{"0":"post-22001","1":"product","2":"type-product","3":"status-publish","4":"has-post-thumbnail","6":"product_brand-stock-in-korea","7":"product_cat-album-2","8":"product_cat-kstoryfromkorea","9":"product_tag-day6","10":"product_tag-wonpil","12":"first","13":"instock","14":"taxable","15":"shipping-taxable","16":"purchasable","17":"product-type-variable"},"jetpack_sharing_enabled":true,"_links":{"self":[{"href":"https:\/\/kstoryespana.com\/es\/wp-json\/wp\/v2\/product\/22001","targetHints":{"allow":["GET"]}}],"collection":[{"href":"https:\/\/kstoryespana.com\/es\/wp-json\/wp\/v2\/product"}],"about":[{"href":"https:\/\/kstoryespana.com\/es\/wp-json\/wp\/v2\/types\/product"}],"wp:featuredmedia":[{"embeddable":true,"href":"https:\/\/kstoryespana.com\/es\/wp-json\/wp\/v2\/media\/40592"}],"wp:attachment":[{"href":"https:\/\/kstoryespana.com\/es\/wp-json\/wp\/v2\/media?parent=22001"}],"wp:term":[{"taxonomy":"product_brand","embeddable":true,"href":"https:\/\/kstoryespana.com\/es\/wp-json\/wp\/v2\/product_brand?post=22001"},{"taxonomy":"product_cat","embeddable":true,"href":"https:\/\/kstoryespana.com\/es\/wp-json\/wp\/v2\/product_cat?post=22001"},{"taxonomy":"product_tag","embeddable":true,"href":"https:\/\/kstoryespana.com\/es\/wp-json\/wp\/v2\/product_tag?post=22001"}],"curies":[{"name":"wp","href":"https:\/\/api.w.org\/{rel}","templated":true}]}}