{"id":21975,"date":"2025-05-27T22:48:23","date_gmt":"2025-05-27T22:48:23","guid":{"rendered":"https:\/\/kstoryespana.com\/?product=wonho-1st-single-album-obsession"},"modified":"2026-05-03T15:57:17","modified_gmt":"2026-05-03T13:57:17","slug":"wonho-1st-single-album-obsession","status":"publish","type":"product","link":"https:\/\/kstoryespana.com\/es\/producto\/wonho-1st-single-album-obsession\/","title":{"rendered":"WONHO &#8211; 1ST SINGLE ALBUM OBSESSION"},"content":{"rendered":"<div style=\"text-align: center;\">\n<span data-mce-fragment=\"1\">\u00a0<\/span><strong data-mce-fragment=\"1\">Release date:\u00a0<\/strong><strong data-mce-fragment=\"1\"><span data-mce-fragment=\"1\"><span style=\"color: #ff2a00;\">Feburary 17th 2022<\/span>.<\/span><\/strong><\/p>\n<div>\n<div>\n<div><strong>\u00a0<\/strong><\/div>\n<\/div>\n<\/div>\n<\/div>\n<ul>\n<li><strong>WONHO&#8217;s 1st Single Album [OBSESSION<span data-mce-fragment=\"1\">]<\/span><br \/>[<span data-mce-fragment=\"1\">\u00a0Ver. 1 \/ Ver. 2 \/ Ver. 3<\/span>]\n<p><\/strong><\/li>\n<li><span style=\"color: #ff2a00;\"><strong><strong>SPECIAL PRE-ORDER GIFT\u3163SUPER LIMITED, FIRST COME FIRST SERVE<br \/><\/strong><\/strong><span style=\"color: #000000;\">&#8211; 1 Message Pohotcard\u00a0<span data-mce-fragment=\"1\">(Random 1 out of 6)<\/span><\/span><br \/><span style=\"color: #000000;\">&#8211; 1 Bookmard\u00a0<span data-mce-fragment=\"1\">(R<\/span><span data-mce-fragment=\"1\">andom<\/span><span data-mce-fragment=\"1\">\u00a01 out of 3)<\/span><\/span><br \/><span style=\"color: #000000;\">&#8211; 1 Film Photo\u00a0<span data-mce-fragment=\"1\">(R<\/span><span data-mce-fragment=\"1\">andom<\/span><span data-mce-fragment=\"1\">\u00a01 out of 6)<\/span><\/span><br \/><span style=\"color: #000000;\"><br \/><\/span><\/span><\/li>\n<li>\n<strong data-mce-fragment=\"1\"><span data-mce-fragment=\"1\">Components :<\/span><\/strong><br \/>&#8211; 1 Sleeve Cover<br \/>&#8211; 1 Photo Book<br \/>&#8211; 1 CD-R<br \/>&#8211; 1 Photo Card<span data-mce-fragment=\"1\">\u00a0<\/span><span data-mce-fragment=\"1\">(R<\/span><span data-mce-fragment=\"1\">andom<\/span><span data-mce-fragment=\"1\">\u00a01 out of 18)<br \/><\/span>&#8211; 3 Miniposters <span data-mce-fragment=\"1\">(R<\/span><span data-mce-fragment=\"1\">andom<\/span><span data-mce-fragment=\"1\">\u00a03 out of 9)<\/span><\/p>\n<\/li>\n<\/ul>\n<div class=\"tabs\">\n<div data-content=\"description\" class=\"tab-switch__content\" id=\"description\">\n<div class=\"product-description rte\" itemprop=\"description\">\n<ul>\n<li><b>Noticia important :\u00a0La caja \/ caja exterior es simplemente para proteger la mercanc\u00eda. (Los da\u00f1os como ara\u00f1azos o decoloraci\u00f3n de la carcasa \/ caja no est\u00e1n cubiertos).<\/b><\/li>\n<\/ul>\n<p><b><img decoding=\"async\" alt=\"\" src=\"https:\/\/cdn.shopify.com\/s\/files\/1\/0579\/9454\/3257\/files\/OBSESSION.jpg?v=1643454341\"><\/b><\/p>\n<\/div>\n<\/div>\n<\/div>\n","protected":false},"excerpt":{"rendered":"<p>\u00a0Release date:\u00a0Feburary 17th 2022. \u00a0 WONHO&#8217;s 1st Single Album [OBSESSION][\u00a0Ver. 1 \/ Ver. 2 \/ Ver. 3] SPECIAL PRE-ORDER GIFT\u3163SUPER LIMITED, FIRST COME FIRST SERVE&#8211; 1 Message Pohotcard\u00a0(Random 1 out of 6)&#8211; 1 Bookmard\u00a0(Random\u00a01 out of 3)&#8211; 1 Film Photo\u00a0(Random\u00a01 out of 6) Components :&#8211; 1 Sleeve Cover&#8211; 1 Photo Book&#8211; 1 CD-R&#8211; 1 Photo [&hellip;]<\/p>\n","protected":false},"featured_media":40572,"template":"","meta":[],"product_brand":[4535],"product_cat":[7225,4403],"product_tag":[7720],"class_list":{"0":"post-21975","1":"product","2":"type-product","3":"status-publish","4":"has-post-thumbnail","6":"product_brand-stock-in-spain","7":"product_cat-album-2","8":"product_cat-kstoryespana","9":"product_tag-monsta-x","11":"first","12":"instock","13":"taxable","14":"shipping-taxable","15":"purchasable","16":"product-type-variable"},"jetpack_sharing_enabled":true,"_links":{"self":[{"href":"https:\/\/kstoryespana.com\/es\/wp-json\/wp\/v2\/product\/21975","targetHints":{"allow":["GET"]}}],"collection":[{"href":"https:\/\/kstoryespana.com\/es\/wp-json\/wp\/v2\/product"}],"about":[{"href":"https:\/\/kstoryespana.com\/es\/wp-json\/wp\/v2\/types\/product"}],"wp:featuredmedia":[{"embeddable":true,"href":"https:\/\/kstoryespana.com\/es\/wp-json\/wp\/v2\/media\/40572"}],"wp:attachment":[{"href":"https:\/\/kstoryespana.com\/es\/wp-json\/wp\/v2\/media?parent=21975"}],"wp:term":[{"taxonomy":"product_brand","embeddable":true,"href":"https:\/\/kstoryespana.com\/es\/wp-json\/wp\/v2\/product_brand?post=21975"},{"taxonomy":"product_cat","embeddable":true,"href":"https:\/\/kstoryespana.com\/es\/wp-json\/wp\/v2\/product_cat?post=21975"},{"taxonomy":"product_tag","embeddable":true,"href":"https:\/\/kstoryespana.com\/es\/wp-json\/wp\/v2\/product_tag?post=21975"}],"curies":[{"name":"wp","href":"https:\/\/api.w.org\/{rel}","templated":true}]}}