{"id":21957,"date":"2025-05-27T22:48:17","date_gmt":"2025-05-27T22:48:17","guid":{"rendered":"https:\/\/kstoryespana.com\/?product=wjsn-6th-mini-album-wj-stay"},"modified":"2026-05-03T21:32:32","modified_gmt":"2026-05-03T19:32:32","slug":"wjsn-6th-mini-album-wj-stay","status":"publish","type":"product","link":"https:\/\/kstoryespana.com\/es\/product\/wjsn-6th-mini-album-wj-stay\/","title":{"rendered":"WJSN &#8211; 6th MINI ALBUM [WJ STAY?]"},"excerpt":{"rendered":"<p>Release date: January 9th\u00a02019 WJSN &#8211; 6th MINI ALBUM [WJ STAY?] Noticia important :La caja \/ caja exterior es simplemente para proteger la mercanc\u00eda. (Los da\u00f1os como ara\u00f1azos o decoloraci\u00f3n de la carcasa \/ caja no est\u00e1n cubiertos).<\/p>\n","protected":false},"featured_media":40563,"template":"","meta":[],"product_brand":[4536],"product_cat":[7225,4400],"product_tag":[8015],"class_list":{"0":"post-21957","1":"product","2":"type-product","3":"status-publish","4":"has-post-thumbnail","6":"product_brand-stock-in-korea","7":"product_cat-album-2","8":"product_cat-kstoryfromkorea","9":"product_tag-wjsn","11":"first","12":"instock","13":"taxable","14":"shipping-taxable","15":"purchasable","16":"product-type-variable"},"jetpack_sharing_enabled":true,"_links":{"self":[{"href":"https:\/\/kstoryespana.com\/es\/wp-json\/wp\/v2\/product\/21957","targetHints":{"allow":["GET"]}}],"collection":[{"href":"https:\/\/kstoryespana.com\/es\/wp-json\/wp\/v2\/product"}],"about":[{"href":"https:\/\/kstoryespana.com\/es\/wp-json\/wp\/v2\/types\/product"}],"wp:featuredmedia":[{"embeddable":true,"href":"https:\/\/kstoryespana.com\/es\/wp-json\/wp\/v2\/media\/40563"}],"wp:attachment":[{"href":"https:\/\/kstoryespana.com\/es\/wp-json\/wp\/v2\/media?parent=21957"}],"wp:term":[{"taxonomy":"product_brand","embeddable":true,"href":"https:\/\/kstoryespana.com\/es\/wp-json\/wp\/v2\/product_brand?post=21957"},{"taxonomy":"product_cat","embeddable":true,"href":"https:\/\/kstoryespana.com\/es\/wp-json\/wp\/v2\/product_cat?post=21957"},{"taxonomy":"product_tag","embeddable":true,"href":"https:\/\/kstoryespana.com\/es\/wp-json\/wp\/v2\/product_tag?post=21957"}],"curies":[{"name":"wp","href":"https:\/\/api.w.org\/{rel}","templated":true}]}}