{"id":21900,"date":"2025-05-27T22:47:59","date_gmt":"2025-05-27T22:47:59","guid":{"rendered":"https:\/\/kstoryespana.com\/?product=whee-in-2nd-mini-album-whee"},"modified":"2026-05-03T22:11:55","modified_gmt":"2026-05-03T20:11:55","slug":"whee-in-2nd-mini-album-whee","status":"publish","type":"product","link":"https:\/\/kstoryespana.com\/es\/producto\/whee-in-2nd-mini-album-whee\/","title":{"rendered":"WHEE IN &#8211; 2ND MINI ALBUM WHEE"},"content":{"rendered":"<div style=\"text-align: center;\" data-mce-style=\"text-align: center;\">\n<strong><strong><strong>Release date:\u00a0<\/strong><\/strong><\/strong><strong><span style=\"color: #ff2a00;\" data-mce-style=\"color: #ff2a00;\">January 17th 2022.<\/span><\/strong>\n<\/div>\n<ul>\n<li><strong>WHEE IN&#8217;s 2nd Mini Album &#8211;\u00a0WHEE<br \/>[ WEST ver. \/ EAST ver. ]<br \/><\/strong><\/li>\n<\/ul>\n<ul>\n<li><a href=\"https:\/\/kstoryespana.es\/products\/poster-54-whee-in?utm_source=copyToPasteBoard&#038;utm_medium=product-links&#038;utm_content=web\"><strong>[POSTER]\u00a0 Whee<span data-mce-fragment=\"1\"><span>\u00a0<\/span><\/span>In<\/strong><\/a><\/li>\n<\/ul>\n<ul>\n<li>\n<strong><strong><strong>Package for Each Version :<br \/><\/strong><\/strong><\/strong>&#8211; 1 Photo Book (80p)<br \/>&#8211; 1 CD-R<br \/>&#8211; 1 Photo Card (Random 1 out of 7)<br \/>&#8211; 1 Clear Message Card (Calligraphy by Whee In)<br \/>&#8211; 1 WHEE Postcard (Random 1 out of 2)<strong><strong><strong><\/p>\n<p><\/strong><\/strong><\/strong>\n<\/li>\n<\/ul>\n<ul data-mce-fragment=\"1\">\n<li data-mce-fragment=\"1\">\n<p class=\"p1\"><span class=\"s1\"><b>Noticia important :\u00a0La caja \/ caja exterior es simplemente para proteger la mercanc\u00eda. (Los da\u00f1os como ara\u00f1azos o decoloraci\u00f3n de la carcasa \/ caja no est\u00e1n cubiertos).<\/b><\/span><\/p>\n<\/li>\n<\/ul>\n<p><span class=\"s1\"><img decoding=\"async\" alt=\"\" src=\"https:\/\/cdn.shopify.com\/s\/files\/1\/0579\/9454\/3257\/files\/1227.jpg?v=1640598087\"><\/span><\/p>\n","protected":false},"excerpt":{"rendered":"<p>Release date:\u00a0January 17th 2022. WHEE IN&#8217;s 2nd Mini Album &#8211;\u00a0WHEE[ WEST ver. \/ EAST ver. ] [POSTER]\u00a0 Whee\u00a0In Package for Each Version :&#8211; 1 Photo Book (80p)&#8211; 1 CD-R&#8211; 1 Photo Card (Random 1 out of 7)&#8211; 1 Clear Message Card (Calligraphy by Whee In)&#8211; 1 WHEE Postcard (Random 1 out of 2) Noticia important [&hellip;]<\/p>\n","protected":false},"featured_media":40531,"template":"","meta":[],"product_brand":[4536],"product_cat":[7225,4400],"product_tag":[7698,8010],"class_list":{"0":"post-21900","1":"product","2":"type-product","3":"status-publish","4":"has-post-thumbnail","6":"product_brand-stock-in-korea","7":"product_cat-album-2","8":"product_cat-kstoryfromkorea","9":"product_tag-mamamoo","10":"product_tag-whee-in","12":"first","13":"instock","14":"sale","15":"taxable","16":"shipping-taxable","17":"purchasable","18":"product-type-variable"},"jetpack_sharing_enabled":true,"_links":{"self":[{"href":"https:\/\/kstoryespana.com\/es\/wp-json\/wp\/v2\/product\/21900","targetHints":{"allow":["GET"]}}],"collection":[{"href":"https:\/\/kstoryespana.com\/es\/wp-json\/wp\/v2\/product"}],"about":[{"href":"https:\/\/kstoryespana.com\/es\/wp-json\/wp\/v2\/types\/product"}],"wp:featuredmedia":[{"embeddable":true,"href":"https:\/\/kstoryespana.com\/es\/wp-json\/wp\/v2\/media\/40531"}],"wp:attachment":[{"href":"https:\/\/kstoryespana.com\/es\/wp-json\/wp\/v2\/media?parent=21900"}],"wp:term":[{"taxonomy":"product_brand","embeddable":true,"href":"https:\/\/kstoryespana.com\/es\/wp-json\/wp\/v2\/product_brand?post=21900"},{"taxonomy":"product_cat","embeddable":true,"href":"https:\/\/kstoryespana.com\/es\/wp-json\/wp\/v2\/product_cat?post=21900"},{"taxonomy":"product_tag","embeddable":true,"href":"https:\/\/kstoryespana.com\/es\/wp-json\/wp\/v2\/product_tag?post=21900"}],"curies":[{"name":"wp","href":"https:\/\/api.w.org\/{rel}","templated":true}]}}