{"id":21571,"date":"2025-05-27T22:46:37","date_gmt":"2025-05-27T22:46:37","guid":{"rendered":"https:\/\/kstoryespana.com\/?product=victon-7th-mini-album-chaos"},"modified":"2026-05-03T21:45:21","modified_gmt":"2026-05-03T19:45:21","slug":"preorder-victon-7o-mini-album-chaos","status":"publish","type":"product","link":"https:\/\/kstoryespana.com\/es\/product\/pre-order-victon-7th-mini-album-chaos\/","title":{"rendered":"VICTON &#8211; 7th Mini Album [Chaos]"},"content":{"rendered":"<div style=\"text-align: center;\" data-mce-style=\"text-align: center;\"><\/div>\n<h3 style=\"text-align: center;\" data-mce-style=\"text-align: center;\"><span>Release date: <span style=\"color: #ff2a00;\">June<\/span><span style=\"color: #f10808;\" data-mce-style=\"color: #f10808;\">\u00a01, 2022<\/span><\/span><\/h3>\n<ul class=\"ul1\">\n<li class=\"li1\"><strong>VICTON &#8211; 7th Mini Album [Chaos]<\/strong><\/li>\n<\/ul>\n<ul class=\"ul1\">\n<li class=\"li1\"><a href=\"https:\/\/kstoryespana.es\/products\/poster-86-victon-chaos?utm_source=copyToPasteBoard&#038;utm_medium=product-links&#038;utm_content=web\"><strong>[POSTER]\u00a0Victon &#8211; Chaos<\/strong><\/a><\/li>\n<\/ul>\n<p class=\"p2\"><strong>** Noticia importante : La caja \/ caja exterior es simplemente para proteger la mercanc\u00eda. (Los da\u00f1os como ara\u00f1azos o decoloraci\u00f3n de la carcasa \/ caja no est\u00e1n cubiertos)<\/strong>.<\/p>\n<div style=\"text-align: center;\" data-mce-style=\"text-align: center;\"><\/div>\n<div style=\"text-align: center;\" data-mce-style=\"text-align: center;\"><img decoding=\"async\" alt=\"\" src=\"https:\/\/cdn.shopify.com\/s\/files\/1\/0579\/9454\/3257\/files\/7_-_Chaos.jpg?v=1652098079\"><\/div>\n<div style=\"text-align: center;\" data-mce-style=\"text-align: center;\"><\/div>\n","protected":false},"excerpt":{"rendered":"<p>Release date: June\u00a01, 2022 VICTON &#8211; 7th Mini Album [Chaos] [POSTER]\u00a0Victon &#8211; Chaos ** Noticia importante : La caja \/ caja exterior es simplemente para proteger la mercanc\u00eda. (Los da\u00f1os como ara\u00f1azos o decoloraci\u00f3n de la carcasa \/ caja no est\u00e1n cubiertos).<\/p>\n","protected":false},"featured_media":0,"template":"","meta":[],"product_brand":[],"product_cat":[],"product_tag":[],"class_list":{"0":"post-21571","1":"product","2":"type-product","3":"status-publish","6":"first","7":"instock","8":"taxable","9":"shipping-taxable","10":"product-type-simple"},"_links":{"self":[{"href":"https:\/\/kstoryespana.com\/es\/wp-json\/wp\/v2\/product\/21571","targetHints":{"allow":["GET"]}}],"collection":[{"href":"https:\/\/kstoryespana.com\/es\/wp-json\/wp\/v2\/product"}],"about":[{"href":"https:\/\/kstoryespana.com\/es\/wp-json\/wp\/v2\/types\/product"}],"wp:attachment":[{"href":"https:\/\/kstoryespana.com\/es\/wp-json\/wp\/v2\/media?parent=21571"}],"wp:term":[{"taxonomy":"product_brand","embeddable":true,"href":"https:\/\/kstoryespana.com\/es\/wp-json\/wp\/v2\/product_brand?post=21571"},{"taxonomy":"product_cat","embeddable":true,"href":"https:\/\/kstoryespana.com\/es\/wp-json\/wp\/v2\/product_cat?post=21571"},{"taxonomy":"product_tag","embeddable":true,"href":"https:\/\/kstoryespana.com\/es\/wp-json\/wp\/v2\/product_tag?post=21571"}],"curies":[{"name":"wp","href":"https:\/\/api.w.org\/{rel}","templated":true}]}}