{"id":21566,"date":"2025-05-27T22:46:36","date_gmt":"2025-05-27T22:46:36","guid":{"rendered":"https:\/\/kstoryespana.com\/?product=victon-3rd-single-album-chronograph"},"modified":"2026-05-03T22:11:37","modified_gmt":"2026-05-03T20:11:37","slug":"pre-order-victon-3rd-single-album-chronograph","status":"publish","type":"product","link":"https:\/\/kstoryespana.com\/es\/product\/pre-order-victon-3rd-single-album-chronograph\/","title":{"rendered":"VICTON &#8211; 3RD SINGLE ALBUM CHRONOGRAPH"},"content":{"rendered":"<div style=\"text-align: center;\" data-mce-style=\"text-align: center;\">\n<strong><strong><strong>Release date:\u00a0<\/strong><\/strong><\/strong><strong><span style=\"color: #ff2a00;\" data-mce-style=\"color: #ff2a00;\">January 19th 2022.<\/span><\/strong>\n<\/div>\n<ul>\n<li><strong>VICTON&#8217;s 3rd Single Album &#8211; Chronograph<br \/>[ CHRONOS ver. \/ GRAPHEIN ver. ]\n<p><\/strong><\/li>\n<\/ul>\n<ul>\n<li><a href=\"https:\/\/kstoryespana.es\/products\/poster-86-victon-chronograph?utm_source=copyToPasteBoard&#038;utm_medium=product-links&#038;utm_content=web\"><strong>[POSTER]\u00a0Victon &#8211; Chronograph<\/strong><\/a><\/li>\n<\/ul>\n<ul>\n<li>\n<strong><strong><strong>Package for Each Version :<\/strong><\/strong><\/strong>\n<\/li>\n<li>&#8211; 1 Out Box<br \/>&#8211; 1 CD<br \/>&#8211; 1 Photo Book (60p)<br \/>&#8211; 2 Photo Card (Random 2 out of 33)<br \/>&#8211; 1 Trilogy Card<br \/>&#8211; 1 Pop-up Card (Random 1 out of 6)<strong><strong><strong>\n<p><\/strong><\/strong><\/strong>\n<\/li>\n<li>\n<p class=\"p1\"><span class=\"s1\"><b>Noticia important :\u00a0La caja \/ caja exterior es simplemente para proteger la mercanc\u00eda. (Los da\u00f1os como ara\u00f1azos o decoloraci\u00f3n de la carcasa \/ caja no est\u00e1n cubiertos).<\/b><\/span><\/p>\n<\/li>\n<\/ul>\n<p><span class=\"s1\"><b><img decoding=\"async\" alt=\"\" src=\"https:\/\/cdn.shopify.com\/s\/files\/1\/0579\/9454\/3257\/files\/L200002341____3_Chronograph.jpg?v=1641192773\"><\/b><\/span><\/p>\n","protected":false},"excerpt":{"rendered":"<p>Release date:\u00a0January 19th 2022. VICTON&#8217;s 3rd Single Album &#8211; Chronograph[ CHRONOS ver. \/ GRAPHEIN ver. ] [POSTER]\u00a0Victon &#8211; Chronograph Package for Each Version : &#8211; 1 Out Box&#8211; 1 CD&#8211; 1 Photo Book (60p)&#8211; 2 Photo Card (Random 2 out of 33)&#8211; 1 Trilogy Card&#8211; 1 Pop-up Card (Random 1 out of 6) Noticia important [&hellip;]<\/p>\n","protected":false},"featured_media":40324,"template":"","meta":[],"product_brand":[4536],"product_cat":[7225,4400],"product_tag":[7995],"class_list":{"0":"post-21566","1":"product","2":"type-product","3":"status-publish","4":"has-post-thumbnail","6":"product_brand-stock-in-korea","7":"product_cat-album-2","8":"product_cat-kstoryfromkorea","9":"product_tag-victon","11":"first","12":"instock","13":"taxable","14":"shipping-taxable","15":"purchasable","16":"product-type-variable"},"_links":{"self":[{"href":"https:\/\/kstoryespana.com\/es\/wp-json\/wp\/v2\/product\/21566","targetHints":{"allow":["GET"]}}],"collection":[{"href":"https:\/\/kstoryespana.com\/es\/wp-json\/wp\/v2\/product"}],"about":[{"href":"https:\/\/kstoryespana.com\/es\/wp-json\/wp\/v2\/types\/product"}],"wp:featuredmedia":[{"embeddable":true,"href":"https:\/\/kstoryespana.com\/es\/wp-json\/wp\/v2\/media\/40324"}],"wp:attachment":[{"href":"https:\/\/kstoryespana.com\/es\/wp-json\/wp\/v2\/media?parent=21566"}],"wp:term":[{"taxonomy":"product_brand","embeddable":true,"href":"https:\/\/kstoryespana.com\/es\/wp-json\/wp\/v2\/product_brand?post=21566"},{"taxonomy":"product_cat","embeddable":true,"href":"https:\/\/kstoryespana.com\/es\/wp-json\/wp\/v2\/product_cat?post=21566"},{"taxonomy":"product_tag","embeddable":true,"href":"https:\/\/kstoryespana.com\/es\/wp-json\/wp\/v2\/product_tag?post=21566"}],"curies":[{"name":"wp","href":"https:\/\/api.w.org\/{rel}","templated":true}]}}