{"id":21411,"date":"2025-05-27T22:45:52","date_gmt":"2025-05-27T22:45:52","guid":{"rendered":"https:\/\/kstoryespana.com\/?product=txt-the-dream-chapter-star"},"modified":"2026-05-03T20:42:14","modified_gmt":"2026-05-03T18:42:14","slug":"txt-the-dream-chapter-star","status":"publish","type":"product","link":"https:\/\/kstoryespana.com\/es\/product\/txt-the-dream-chapter-star\/","title":{"rendered":"TXT The Dream Chapter : STAR"},"excerpt":{"rendered":"<p>\u00a0 Release Date:\u00a0March\u00a05th,\u00a02019 TXT The Dream Chapter : STAR Noticia important :\u00a0La caja \/ caja exterior es simplemente para proteger la mercanc\u00eda. (Los da\u00f1os como ara\u00f1azos o decoloraci\u00f3n de la carcasa \/ caja no est\u00e1n cubiertos).<\/p>","protected":false},"featured_media":40238,"template":"","meta":[],"product_brand":[4536],"product_cat":[7225,4400],"product_tag":[8281,6938],"class_list":{"0":"post-21411","1":"product","2":"type-product","3":"status-publish","4":"has-post-thumbnail","6":"product_brand-stock-in-korea","7":"product_cat-album-2","8":"product_cat-kstoryfromkorea","9":"product_tag-tomorrow-by-together","10":"product_tag-txt","12":"first","13":"outofstock","14":"sale","15":"taxable","16":"shipping-taxable","17":"purchasable","18":"product-type-simple"},"jetpack_sharing_enabled":true,"_links":{"self":[{"href":"https:\/\/kstoryespana.com\/es\/wp-json\/wp\/v2\/product\/21411","targetHints":{"allow":["GET"]}}],"collection":[{"href":"https:\/\/kstoryespana.com\/es\/wp-json\/wp\/v2\/product"}],"about":[{"href":"https:\/\/kstoryespana.com\/es\/wp-json\/wp\/v2\/types\/product"}],"wp:featuredmedia":[{"embeddable":true,"href":"https:\/\/kstoryespana.com\/es\/wp-json\/wp\/v2\/media\/40238"}],"wp:attachment":[{"href":"https:\/\/kstoryespana.com\/es\/wp-json\/wp\/v2\/media?parent=21411"}],"wp:term":[{"taxonomy":"product_brand","embeddable":true,"href":"https:\/\/kstoryespana.com\/es\/wp-json\/wp\/v2\/product_brand?post=21411"},{"taxonomy":"product_cat","embeddable":true,"href":"https:\/\/kstoryespana.com\/es\/wp-json\/wp\/v2\/product_cat?post=21411"},{"taxonomy":"product_tag","embeddable":true,"href":"https:\/\/kstoryespana.com\/es\/wp-json\/wp\/v2\/product_tag?post=21411"}],"curies":[{"name":"wp","href":"https:\/\/api.w.org\/{rel}","templated":true}]}}