{"id":21407,"date":"2025-05-27T22:45:51","date_gmt":"2025-05-27T22:45:51","guid":{"rendered":"https:\/\/kstoryespana.com\/?product=txt-the-dream-chapter-eternity"},"modified":"2026-05-03T21:45:23","modified_gmt":"2026-05-03T19:45:23","slug":"txt-the-dream-chapter-eternity","status":"publish","type":"product","link":"https:\/\/kstoryespana.com\/es\/product\/txt-the-dream-chapter-eternity\/","title":{"rendered":"TXT The Dream Chapter : ETERNITY"},"content":{"rendered":"<div>\u00a0<\/div>\n<ul>\n<li style=\"text-align: center;\"><span style=\"font-weight: bold;\">Release Date:\u00a0May\u00a018th,\u00a02020<\/span><\/li>\n<\/ul>\n<ul data-mce-fragment=\"1\">\n<li><strong>TXT The Dream Chapter : ETERNITY<\/strong><\/li>\n<\/ul>\n<ul data-mce-fragment=\"1\">\n<li data-mce-fragment=\"1\">\n<b>Noticia important :\u00a0<\/b><br \/><b>La caja \/ caja exterior es simplemente para proteger la mercanc\u00eda. (Los da\u00f1os como ara\u00f1azos o decoloraci\u00f3n de la carcasa \/ caja no est\u00e1n cubiertos).<\/b>\n<\/li>\n<\/ul>\n<p><img decoding=\"async\" alt=\"\" src=\"https:\/\/cdn.shopify.com\/s\/files\/1\/0579\/9454\/3257\/files\/1588038841_781049.jpg?v=1638905828\"><\/p>","protected":false},"excerpt":{"rendered":"<p>\u00a0 Release Date:\u00a0May\u00a018th,\u00a02020 TXT The Dream Chapter : ETERNITY Noticia important :\u00a0La caja \/ caja exterior es simplemente para proteger la mercanc\u00eda. (Los da\u00f1os como ara\u00f1azos o decoloraci\u00f3n de la carcasa \/ caja no est\u00e1n cubiertos).<\/p>","protected":false},"featured_media":40235,"template":"","meta":[],"product_brand":[4535],"product_cat":[7225,4403],"product_tag":[8281,6938],"class_list":{"0":"post-21407","1":"product","2":"type-product","3":"status-publish","4":"has-post-thumbnail","6":"product_brand-stock-in-spain","7":"product_cat-album-2","8":"product_cat-kstoryespana","9":"product_tag-tomorrow-by-together","10":"product_tag-txt","12":"first","13":"instock","14":"sale","15":"taxable","16":"shipping-taxable","17":"purchasable","18":"product-type-variable"},"jetpack_sharing_enabled":true,"_links":{"self":[{"href":"https:\/\/kstoryespana.com\/es\/wp-json\/wp\/v2\/product\/21407","targetHints":{"allow":["GET"]}}],"collection":[{"href":"https:\/\/kstoryespana.com\/es\/wp-json\/wp\/v2\/product"}],"about":[{"href":"https:\/\/kstoryespana.com\/es\/wp-json\/wp\/v2\/types\/product"}],"wp:featuredmedia":[{"embeddable":true,"href":"https:\/\/kstoryespana.com\/es\/wp-json\/wp\/v2\/media\/40235"}],"wp:attachment":[{"href":"https:\/\/kstoryespana.com\/es\/wp-json\/wp\/v2\/media?parent=21407"}],"wp:term":[{"taxonomy":"product_brand","embeddable":true,"href":"https:\/\/kstoryespana.com\/es\/wp-json\/wp\/v2\/product_brand?post=21407"},{"taxonomy":"product_cat","embeddable":true,"href":"https:\/\/kstoryespana.com\/es\/wp-json\/wp\/v2\/product_cat?post=21407"},{"taxonomy":"product_tag","embeddable":true,"href":"https:\/\/kstoryespana.com\/es\/wp-json\/wp\/v2\/product_tag?post=21407"}],"curies":[{"name":"wp","href":"https:\/\/api.w.org\/{rel}","templated":true}]}}