{"id":21382,"date":"2025-05-27T22:45:43","date_gmt":"2025-05-27T22:45:43","guid":{"rendered":"https:\/\/kstoryespana.com\/?product=txt-minisode1-blue-hour"},"modified":"2026-05-03T21:45:23","modified_gmt":"2026-05-03T19:45:23","slug":"txt-minisode1-blue-hour","status":"publish","type":"product","link":"https:\/\/kstoryespana.com\/es\/product\/txt-minisode1-blue-hour\/","title":{"rendered":"TXT Minisode1 : BLUE HOUR"},"excerpt":{"rendered":"<p>\u00a0 Release Date:\u00a0October\u00a027th,\u00a02020 TXT Minisode1 : BLUE HOUR [POSTER]\u00a0 TXT &#8211; Minisode 1: Blue Hour Noticia important :\u00a0La caja \/ caja exterior es simplemente para proteger la mercanc\u00eda. (Los da\u00f1os como ara\u00f1azos o decoloraci\u00f3n de la carcasa \/ caja no est\u00e1n cubiertos).<\/p>\n","protected":false},"featured_media":40199,"template":"","meta":[],"product_brand":[4535],"product_cat":[7225,4403],"product_tag":[8281,6938],"class_list":{"0":"post-21382","1":"product","2":"type-product","3":"status-publish","4":"has-post-thumbnail","6":"product_brand-stock-in-spain","7":"product_cat-album-2","8":"product_cat-kstoryespana","9":"product_tag-tomorrow-by-together","10":"product_tag-txt","12":"first","13":"instock","14":"sale","15":"taxable","16":"shipping-taxable","17":"purchasable","18":"product-type-variable"},"jetpack_sharing_enabled":true,"_links":{"self":[{"href":"https:\/\/kstoryespana.com\/es\/wp-json\/wp\/v2\/product\/21382","targetHints":{"allow":["GET"]}}],"collection":[{"href":"https:\/\/kstoryespana.com\/es\/wp-json\/wp\/v2\/product"}],"about":[{"href":"https:\/\/kstoryespana.com\/es\/wp-json\/wp\/v2\/types\/product"}],"wp:featuredmedia":[{"embeddable":true,"href":"https:\/\/kstoryespana.com\/es\/wp-json\/wp\/v2\/media\/40199"}],"wp:attachment":[{"href":"https:\/\/kstoryespana.com\/es\/wp-json\/wp\/v2\/media?parent=21382"}],"wp:term":[{"taxonomy":"product_brand","embeddable":true,"href":"https:\/\/kstoryespana.com\/es\/wp-json\/wp\/v2\/product_brand?post=21382"},{"taxonomy":"product_cat","embeddable":true,"href":"https:\/\/kstoryespana.com\/es\/wp-json\/wp\/v2\/product_cat?post=21382"},{"taxonomy":"product_tag","embeddable":true,"href":"https:\/\/kstoryespana.com\/es\/wp-json\/wp\/v2\/product_tag?post=21382"}],"curies":[{"name":"wp","href":"https:\/\/api.w.org\/{rel}","templated":true}]}}