{"id":21159,"date":"2025-05-27T22:44:32","date_gmt":"2025-05-27T22:44:32","guid":{"rendered":"https:\/\/kstoryespana.com\/?product=txt-minisode-2-thursdays-child"},"modified":"2026-05-03T22:11:18","modified_gmt":"2026-05-03T20:11:18","slug":"pre-order-txt-minisode-2-thursdays-child","status":"publish","type":"product","link":"https:\/\/kstoryespana.com\/es\/product\/pre-order-txt-minisode-2-thursdays-child\/","title":{"rendered":"TXT &#8211; minisode 2: Thursday&#8217;s Child"},"excerpt":{"rendered":"<p>Release date: May 9th, 2022 TXT &#8211; minisode 2: Thursday&#8217;s Child \u00a0[HATE, END, MESS Version] [POSTER]\u00a0 TXT &#8211; Minisode\u00a02: Thursday Child ** Noticia importante : La caja \/ caja exterior es simplemente para proteger la mercanc\u00eda. (Los da\u00f1os como ara\u00f1azos o decoloraci\u00f3n de la carcasa \/ caja no est\u00e1n cubiertos).<\/p>\n","protected":false},"featured_media":40082,"template":"","meta":[],"product_brand":[4535],"product_cat":[7225,4403],"product_tag":[8281,6938],"class_list":{"0":"post-21159","1":"product","2":"type-product","3":"status-publish","4":"has-post-thumbnail","6":"product_brand-stock-in-spain","7":"product_cat-album-2","8":"product_cat-kstoryespana","9":"product_tag-tomorrow-by-together","10":"product_tag-txt","12":"first","13":"instock","14":"taxable","15":"shipping-taxable","16":"purchasable","17":"product-type-variable"},"jetpack_sharing_enabled":true,"_links":{"self":[{"href":"https:\/\/kstoryespana.com\/es\/wp-json\/wp\/v2\/product\/21159","targetHints":{"allow":["GET"]}}],"collection":[{"href":"https:\/\/kstoryespana.com\/es\/wp-json\/wp\/v2\/product"}],"about":[{"href":"https:\/\/kstoryespana.com\/es\/wp-json\/wp\/v2\/types\/product"}],"wp:featuredmedia":[{"embeddable":true,"href":"https:\/\/kstoryespana.com\/es\/wp-json\/wp\/v2\/media\/40082"}],"wp:attachment":[{"href":"https:\/\/kstoryespana.com\/es\/wp-json\/wp\/v2\/media?parent=21159"}],"wp:term":[{"taxonomy":"product_brand","embeddable":true,"href":"https:\/\/kstoryespana.com\/es\/wp-json\/wp\/v2\/product_brand?post=21159"},{"taxonomy":"product_cat","embeddable":true,"href":"https:\/\/kstoryespana.com\/es\/wp-json\/wp\/v2\/product_cat?post=21159"},{"taxonomy":"product_tag","embeddable":true,"href":"https:\/\/kstoryespana.com\/es\/wp-json\/wp\/v2\/product_tag?post=21159"}],"curies":[{"name":"wp","href":"https:\/\/api.w.org\/{rel}","templated":true}]}}