{"id":21058,"date":"2025-05-27T22:44:05","date_gmt":"2025-05-27T22:44:05","guid":{"rendered":"https:\/\/kstoryespana.com\/?product=txt-album-the-chaos-chapter-freeze"},"modified":"2026-05-03T21:45:16","modified_gmt":"2026-05-03T19:45:16","slug":"pre-order-txt-album-the-chaos-chapter-freeze","status":"publish","type":"product","link":"https:\/\/kstoryespana.com\/es\/product\/pre-order-txt-album-the-chaos-chapter-freeze\/","title":{"rendered":"TXT &#8211; ALBUM [THE CHAOS CHAPTER : FREEZE]"},"content":{"rendered":"<div style=\"text-align: center;\">\n<span style=\"color: #ff2a00;\"><strong><strong><strong>Fecha de salida :\u00a025 de junio<\/strong><\/strong><\/strong><strong>\u00a02021.<\/strong><\/span><\/p>\n<div style=\"text-align: left;\">\n<strong><span style=\"color: #ff2a00;\"><\/span><\/strong>\n<\/div>\n<div>\n<ul>\n<li style=\"text-align: left;\"><strong>TXT&#8217;s Album &#8211;\u00a0THE CHAOS CHAPTER : FREEZE<br \/>[ WORLD ver. \/ YOU ver. \/ BOY ver. ]<\/strong><\/li>\n<li style=\"text-align: left;\">\n<strong><span>Package for Each Version :<br \/><\/span><\/strong>&#8211; 1 Photo Book (88p)<br \/>&#8211; 1 CD<br \/>&#8211; 1 Sticker Pack (2ea)<br \/>&#8211; 1 Lyric Book<br \/>&#8211; 1 Behind Book (32p)<br \/>&#8211; 1 Photo Card (Random 1 out of 5)<br \/>&#8211; 1 OS-Original Story- Photo Card (Random 1 out of 5)<br \/>&#8211; 1 Postcard (Random 1 out of 5)<\/li>\n<\/ul>\n<\/div>\n<div>\n<strong><span style=\"color: #ff2a00;\"><\/span><\/strong>\n<\/div>\n<div>\n<div>\n<div><\/div>\n<div><strong><br \/><\/strong><\/div>\n<div>\n<strong><\/strong>\n<\/div>\n<div><strong><iframe width=\"1180\" height=\"664\" src=\"https:\/\/www.youtube.com\/embed\/dMKlQGQy1ww\" title=\"YouTube video player\" frameborder=\"0\" allow=\"accelerometer; autoplay; clipboard-write; encrypted-media; gyroscope; picture-in-picture\" allowfullscreen=\"\"><\/iframe><\/strong><\/div>\n<\/div>\n<\/div>\n<\/div>\n<ul>\n<li><strong>TXT&#8217;s Album &#8211;\u00a0THE CHAOS CHAPTER : FREEZE<br \/>[ WORLD ver. \/ YOU ver. \/ BOY ver. ]<\/strong><\/li>\n<li>\n<strong><strong><strong><span>Package for Each Version :<br \/><\/span><\/strong><\/strong><\/strong>&#8211; 1 Photo Book (88p)<br \/>&#8211; 1 CD<br \/>&#8211; 1 Sticker Pack (2ea)<br \/>&#8211; 1 Lyric Book<br \/>&#8211; 1 Behind Book (32p)<br \/>&#8211; 1 Photo Card (Random 1 out of 5)<br \/>&#8211; 1 OS-Original Story- Photo Card (Random 1 out of 5)<br \/>&#8211; 1 Postcard (Random 1 out of 5)<\/li>\n<li><\/li>\n<li><strong>Three versions will be available.\u3163WORLD \/ YOU \/ BOY<\/strong><\/li>\n<\/ul>\n<ul>\n<li>\n<b>Importante:<\/b><br \/><span style=\"color: #2b00ff;\">En el precio est\u00e1n incluidos los\u00a0aranceles, impuestos y cargos de importaci\u00f3n\u00a0por lo que no tienes que preocuparte por aduanas.<\/span><br \/><span style=\"color: #2b00ff;\">\u00a0** El env\u00edo se realiza a partir de la fecha de lanzamiento. Todos los art\u00edculos que no est\u00e1n en stock en Espa\u00f1a se enviar\u00e1n en un plazo de 10 a\u00a018 d\u00edas h\u00e1biles una vez que se haya procesado el pedido.<\/span>\n<\/li>\n<\/ul>\n<p><span style=\"color: #2b00ff;\"><img decoding=\"async\" alt=\"\" src=\"https:\/\/cdn.shopify.com\/s\/files\/1\/0579\/9454\/3257\/files\/TXT-FREEZE.jpg?v=1630782971\"><\/span><\/p>\n","protected":false},"excerpt":{"rendered":"<p>Fecha de salida :\u00a025 de junio\u00a02021. TXT&#8217;s Album &#8211;\u00a0THE CHAOS CHAPTER : FREEZE[ WORLD ver. \/ YOU ver. \/ BOY ver. ] Package for Each Version :&#8211; 1 Photo Book (88p)&#8211; 1 CD&#8211; 1 Sticker Pack (2ea)&#8211; 1 Lyric Book&#8211; 1 Behind Book (32p)&#8211; 1 Photo Card (Random 1 out of 5)&#8211; 1 OS-Original Story- [&hellip;]<\/p>\n","protected":false},"featured_media":40034,"template":"","meta":[],"product_brand":[4535],"product_cat":[7225,4403],"product_tag":[8281,6938],"class_list":{"0":"post-21058","1":"product","2":"type-product","3":"status-publish","4":"has-post-thumbnail","6":"product_brand-stock-in-spain","7":"product_cat-album-2","8":"product_cat-kstoryespana","9":"product_tag-tomorrow-by-together","10":"product_tag-txt","12":"first","13":"instock","14":"sale","15":"taxable","16":"shipping-taxable","17":"purchasable","18":"product-type-variable"},"jetpack_sharing_enabled":true,"_links":{"self":[{"href":"https:\/\/kstoryespana.com\/es\/wp-json\/wp\/v2\/product\/21058","targetHints":{"allow":["GET"]}}],"collection":[{"href":"https:\/\/kstoryespana.com\/es\/wp-json\/wp\/v2\/product"}],"about":[{"href":"https:\/\/kstoryespana.com\/es\/wp-json\/wp\/v2\/types\/product"}],"wp:featuredmedia":[{"embeddable":true,"href":"https:\/\/kstoryespana.com\/es\/wp-json\/wp\/v2\/media\/40034"}],"wp:attachment":[{"href":"https:\/\/kstoryespana.com\/es\/wp-json\/wp\/v2\/media?parent=21058"}],"wp:term":[{"taxonomy":"product_brand","embeddable":true,"href":"https:\/\/kstoryespana.com\/es\/wp-json\/wp\/v2\/product_brand?post=21058"},{"taxonomy":"product_cat","embeddable":true,"href":"https:\/\/kstoryespana.com\/es\/wp-json\/wp\/v2\/product_cat?post=21058"},{"taxonomy":"product_tag","embeddable":true,"href":"https:\/\/kstoryespana.com\/es\/wp-json\/wp\/v2\/product_tag?post=21058"}],"curies":[{"name":"wp","href":"https:\/\/api.w.org\/{rel}","templated":true}]}}