{"id":20494,"date":"2025-05-27T22:41:16","date_gmt":"2025-05-27T22:41:16","guid":{"rendered":"https:\/\/kstoryespana.com\/?product=twice-4th-world-tour-%e2%85%b2-in-seoul-blu-ray-2-discs"},"modified":"2026-05-03T22:10:53","modified_gmt":"2026-05-03T20:10:53","slug":"pre-order-twice-4th-world-tour-%e2%85%b2-in-seoul-blu-ray-2-discs","status":"publish","type":"product","link":"https:\/\/kstoryespana.com\/es\/product\/pre-order-twice-4th-world-tour-%e2%85%b2-in-seoul-blu-ray-2-discs\/","title":{"rendered":"TWICE &#8211; 4TH WORLD TOUR \u2162 IN SEOUL BLU-RAY [2 DISCS]"},"excerpt":{"rendered":"<p>Release date June\u00a024th\u00a02022 TWICE &#8211; 4TH WORLD TOUR \u2162 IN SEOUL BLU-RAY [2 DISCS] Pre-Order Gift | Only for Pre-Order 1 Poster Noticia importante\u00a0:\u00a0La caja \/ caja exterior es simplemente para proteger la mercanc\u00eda. (Los da\u00f1os como ara\u00f1azos o decoloraci\u00f3n de la carcasa \/ caja no est\u00e1n cubiertos).<\/p>\n","protected":false},"featured_media":39783,"template":"","meta":[],"product_brand":[4536],"product_cat":[7225,4400],"product_tag":[8253,6952],"class_list":{"0":"post-20494","1":"product","2":"type-product","3":"status-publish","4":"has-post-thumbnail","6":"product_brand-stock-in-korea","7":"product_cat-album-2","8":"product_cat-kstoryfromkorea","9":"product_tag-dvd","10":"product_tag-twice","12":"first","13":"instock","14":"taxable","15":"shipping-taxable","16":"purchasable","17":"product-type-simple"},"jetpack_sharing_enabled":true,"_links":{"self":[{"href":"https:\/\/kstoryespana.com\/es\/wp-json\/wp\/v2\/product\/20494","targetHints":{"allow":["GET"]}}],"collection":[{"href":"https:\/\/kstoryespana.com\/es\/wp-json\/wp\/v2\/product"}],"about":[{"href":"https:\/\/kstoryespana.com\/es\/wp-json\/wp\/v2\/types\/product"}],"wp:featuredmedia":[{"embeddable":true,"href":"https:\/\/kstoryespana.com\/es\/wp-json\/wp\/v2\/media\/39783"}],"wp:attachment":[{"href":"https:\/\/kstoryespana.com\/es\/wp-json\/wp\/v2\/media?parent=20494"}],"wp:term":[{"taxonomy":"product_brand","embeddable":true,"href":"https:\/\/kstoryespana.com\/es\/wp-json\/wp\/v2\/product_brand?post=20494"},{"taxonomy":"product_cat","embeddable":true,"href":"https:\/\/kstoryespana.com\/es\/wp-json\/wp\/v2\/product_cat?post=20494"},{"taxonomy":"product_tag","embeddable":true,"href":"https:\/\/kstoryespana.com\/es\/wp-json\/wp\/v2\/product_tag?post=20494"}],"curies":[{"name":"wp","href":"https:\/\/api.w.org\/{rel}","templated":true}]}}