{"id":20493,"date":"2025-05-27T22:41:15","date_gmt":"2025-05-27T22:41:15","guid":{"rendered":"https:\/\/kstoryespana.com\/?product=twice-4th-mini-album-signal"},"modified":"2026-05-03T21:31:29","modified_gmt":"2026-05-03T19:31:29","slug":"dos-veces-senal-de-mini-album","status":"publish","type":"product","link":"https:\/\/kstoryespana.com\/es\/product\/twice-4th-mini-album-signal\/","title":{"rendered":"TWICE &#8211; 4th Mini Album [SIGNAL]"},"excerpt":{"rendered":"<p>Release Date : May. 16,\u00a02017 TWICE &#8211; 4th Mini Album [SIGNAL] &#8211; Random Cover Noticia importante :\u00a0La caja \/ caja exterior es simplemente para proteger la mercanc\u00eda. (Los da\u00f1os como ara\u00f1azos o decoloraci\u00f3n de la carcasa \/ caja no est\u00e1n cubiertos).<\/p>\n","protected":false},"featured_media":39782,"template":"","meta":[],"product_brand":[4536],"product_cat":[7225,4400],"product_tag":[6952],"class_list":{"0":"post-20493","1":"product","2":"type-product","3":"status-publish","4":"has-post-thumbnail","6":"product_brand-stock-in-korea","7":"product_cat-album-2","8":"product_cat-kstoryfromkorea","9":"product_tag-twice","11":"first","12":"instock","13":"taxable","14":"shipping-taxable","15":"purchasable","16":"product-type-simple"},"jetpack_sharing_enabled":true,"_links":{"self":[{"href":"https:\/\/kstoryespana.com\/es\/wp-json\/wp\/v2\/product\/20493","targetHints":{"allow":["GET"]}}],"collection":[{"href":"https:\/\/kstoryespana.com\/es\/wp-json\/wp\/v2\/product"}],"about":[{"href":"https:\/\/kstoryespana.com\/es\/wp-json\/wp\/v2\/types\/product"}],"wp:featuredmedia":[{"embeddable":true,"href":"https:\/\/kstoryespana.com\/es\/wp-json\/wp\/v2\/media\/39782"}],"wp:attachment":[{"href":"https:\/\/kstoryespana.com\/es\/wp-json\/wp\/v2\/media?parent=20493"}],"wp:term":[{"taxonomy":"product_brand","embeddable":true,"href":"https:\/\/kstoryespana.com\/es\/wp-json\/wp\/v2\/product_brand?post=20493"},{"taxonomy":"product_cat","embeddable":true,"href":"https:\/\/kstoryespana.com\/es\/wp-json\/wp\/v2\/product_cat?post=20493"},{"taxonomy":"product_tag","embeddable":true,"href":"https:\/\/kstoryespana.com\/es\/wp-json\/wp\/v2\/product_tag?post=20493"}],"curies":[{"name":"wp","href":"https:\/\/api.w.org\/{rel}","templated":true}]}}