{"id":20472,"date":"2025-05-27T22:41:10","date_gmt":"2025-05-27T22:41:10","guid":{"rendered":"https:\/\/kstoryespana.com\/?product=twice-11th-mini-album-between-12"},"modified":"2026-05-03T21:45:08","modified_gmt":"2026-05-03T19:45:08","slug":"pre-order-twice-11th-mini-album-between-1-2","status":"publish","type":"product","link":"https:\/\/kstoryespana.com\/es\/product\/pre-order-twice-11th-mini-album-between-1-2\/","title":{"rendered":"TWICE &#8211; 11th Mini Album [BETWEEN 1&#038;2]"},"excerpt":{"rendered":"<p>Release date:\u00a0August\u00a026, 2022 TWICE &#8211; 11th Mini Album [BETWEEN 1&#038;2] Pre-Order Gift | Only for Pre-order &#8211; 1 PHOTO CARD SET (BY VERSION) [POSTER]\u00a0Twice &#8211; Between 1 &#038; 2\u00a0 ** Noticia importante : La caja \/ caja exterior es simplemente para proteger la mercanc\u00eda. (Los da\u00f1os como ara\u00f1azos o decoloraci\u00f3n de la carcasa \/ caja [&hellip;]<\/p>\n","protected":false},"featured_media":0,"template":"","meta":[],"product_brand":[],"product_cat":[],"product_tag":[],"class_list":{"0":"post-20472","1":"product","2":"type-product","3":"status-publish","6":"first","7":"instock","8":"taxable","9":"shipping-taxable","10":"product-type-simple"},"jetpack_sharing_enabled":true,"_links":{"self":[{"href":"https:\/\/kstoryespana.com\/es\/wp-json\/wp\/v2\/product\/20472","targetHints":{"allow":["GET"]}}],"collection":[{"href":"https:\/\/kstoryespana.com\/es\/wp-json\/wp\/v2\/product"}],"about":[{"href":"https:\/\/kstoryespana.com\/es\/wp-json\/wp\/v2\/types\/product"}],"wp:attachment":[{"href":"https:\/\/kstoryespana.com\/es\/wp-json\/wp\/v2\/media?parent=20472"}],"wp:term":[{"taxonomy":"product_brand","embeddable":true,"href":"https:\/\/kstoryespana.com\/es\/wp-json\/wp\/v2\/product_brand?post=20472"},{"taxonomy":"product_cat","embeddable":true,"href":"https:\/\/kstoryespana.com\/es\/wp-json\/wp\/v2\/product_cat?post=20472"},{"taxonomy":"product_tag","embeddable":true,"href":"https:\/\/kstoryespana.com\/es\/wp-json\/wp\/v2\/product_tag?post=20472"}],"curies":[{"name":"wp","href":"https:\/\/api.w.org\/{rel}","templated":true}]}}