{"id":20344,"date":"2025-05-27T22:40:33","date_gmt":"2025-05-27T22:40:33","guid":{"rendered":"https:\/\/kstoryespana.com\/?product=trendz-2nd-mini-album-blue-set-chapter-2-choice"},"modified":"2026-04-29T19:56:03","modified_gmt":"2026-04-29T17:56:03","slug":"pre-order-trendz-2nd-mini-album-blue-set-chapter-2-choice","status":"publish","type":"product","link":"https:\/\/kstoryespana.com\/es\/producto\/pre-order-trendz-2nd-mini-album-blue-set-chapter-2-choice\/","title":{"rendered":"TRENDZ &#8211; 2nd Mini Album [BLUE SET Chapter 2. CHOICE]"},"content":{"rendered":"<div style=\"text-align: center;\" data-mce-style=\"text-align: center;\"><\/div>\n<h3 style=\"text-align: center;\" data-mce-style=\"text-align: center;\"><span>Release date: <span style=\"color: #ff2a00;\" mce-data-marked=\"1\">June<\/span><span style=\"color: #f10808;\" data-mce-style=\"color: #f10808;\">\u00a08, 2022<\/span><\/span><\/h3>\n<ul class=\"ul1\">\n<li class=\"li1\"><strong>TRENDZ &#8211; 2nd Mini Album [BLUE SET Chapter 2. CHOICE]<\/strong><\/li>\n<li class=\"li1\"><strong>Pre-Order Gift | Pre-order only : 1 Poster<\/strong><\/li>\n<\/ul>\n<p class=\"p2\"><strong>** Noticia importante : La caja \/ caja exterior es simplemente para proteger la mercanc\u00eda. (Los da\u00f1os como ara\u00f1azos o decoloraci\u00f3n de la carcasa \/ caja no est\u00e1n cubiertos)<\/strong>.<\/p>\n<p class=\"p2\"><\/p>\n<div style=\"text-align: center;\" data-mce-style=\"text-align: center;\"><\/div>\n<div style=\"text-align: center;\" data-mce-style=\"text-align: center;\"><img decoding=\"async\" alt=\"\" src=\"https:\/\/cdn.shopify.com\/s\/files\/1\/0579\/9454\/3257\/files\/2_-_BLUE-SET.jpg?v=1653555527\"><\/div>\n<div style=\"text-align: center;\" data-mce-style=\"text-align: center;\"><\/div>\n","protected":false},"excerpt":{"rendered":"<p>Release date: June\u00a08, 2022 TRENDZ &#8211; 2nd Mini Album [BLUE SET Chapter 2. CHOICE] Pre-Order Gift | Pre-order only : 1 Poster ** Noticia importante : La caja \/ caja exterior es simplemente para proteger la mercanc\u00eda. (Los da\u00f1os como ara\u00f1azos o decoloraci\u00f3n de la carcasa \/ caja no est\u00e1n cubiertos).<\/p>\n","protected":false},"featured_media":39685,"template":"","meta":[],"product_brand":[4536],"product_cat":[7225],"product_tag":[7965,7966],"class_list":{"0":"post-20344","1":"product","2":"type-product","3":"status-publish","4":"has-post-thumbnail","6":"product_brand-stock-in-korea","7":"product_cat-album-2","8":"product_tag-treasure","9":"product_tag-trendz","11":"first","12":"instock","13":"taxable","14":"shipping-taxable","15":"purchasable","16":"product-type-simple"},"jetpack_sharing_enabled":true,"_links":{"self":[{"href":"https:\/\/kstoryespana.com\/es\/wp-json\/wp\/v2\/product\/20344","targetHints":{"allow":["GET"]}}],"collection":[{"href":"https:\/\/kstoryespana.com\/es\/wp-json\/wp\/v2\/product"}],"about":[{"href":"https:\/\/kstoryespana.com\/es\/wp-json\/wp\/v2\/types\/product"}],"wp:featuredmedia":[{"embeddable":true,"href":"https:\/\/kstoryespana.com\/es\/wp-json\/wp\/v2\/media\/39685"}],"wp:attachment":[{"href":"https:\/\/kstoryespana.com\/es\/wp-json\/wp\/v2\/media?parent=20344"}],"wp:term":[{"taxonomy":"product_brand","embeddable":true,"href":"https:\/\/kstoryespana.com\/es\/wp-json\/wp\/v2\/product_brand?post=20344"},{"taxonomy":"product_cat","embeddable":true,"href":"https:\/\/kstoryespana.com\/es\/wp-json\/wp\/v2\/product_cat?post=20344"},{"taxonomy":"product_tag","embeddable":true,"href":"https:\/\/kstoryespana.com\/es\/wp-json\/wp\/v2\/product_tag?post=20344"}],"curies":[{"name":"wp","href":"https:\/\/api.w.org\/{rel}","templated":true}]}}