{"id":20240,"date":"2025-05-27T22:40:08","date_gmt":"2025-05-27T22:40:08","guid":{"rendered":"https:\/\/kstoryespana.com\/?product=treasure-1st-mini-album-the-second-step-chapter-one-photobook-ver"},"modified":"2026-05-03T15:48:52","modified_gmt":"2026-05-03T13:48:52","slug":"treasure-1st-mini-album-the-second-step-chapter-one-photobook-ver","status":"publish","type":"product","link":"https:\/\/kstoryespana.com\/es\/producto\/treasure-1st-mini-album-the-second-step-chapter-one-photobook-ver\/","title":{"rendered":"TREASURE &#8211; 1ST MINI ALBUM THE SECOND STEP CHAPTER ONE (PHOTOBOOK VER.)"},"content":{"rendered":"<div style=\"text-align: center;\">\n<strong><strong><strong>Release date:\u00a0<\/strong><\/strong><\/strong><strong><span style=\"color: #ff2a00;\">February 16th 2022.<\/span><\/strong>\n<\/div>\n<ul>\n<li><strong>TREASURE&#8217;s 1st Mini Album &#8211; THE SECOND STEP : CHAPTER ONE (PHOTOBOOK ver.)<br \/>[ A ver. \/ B ver. ]\n<p><\/strong><\/li>\n<li><a href=\"https:\/\/kstoryespana.es\/products\/poster-172treasure-first-step-chapter-2?utm_source=copyToPasteBoard&#038;utm_medium=product-links&#038;utm_content=web\"><strong>[POSTER]\u00a0 Treasure &#8211; First Step: Chapter 2<\/strong><\/a><\/li>\n<\/ul>\n<ul>\n<li>\n<strong><strong><strong><span>Contents for Each Version :<br \/><\/span><\/strong><\/strong><\/strong>&#8211; 1 Sleeve<br \/>&#8211; 1 Photo Book (150p)<br \/>&#8211; 1 Disc<br \/>&#8211; 1 Photo Card (Random 1 out of 13)<br \/>&#8211; 2 Selfie Photo Card (Random 2 out of 24)<br \/>&#8211; 1 Postcard (Random 1 out of 12)<br \/>&#8211; 1 Sticker<strong><strong><strong><span><\/p>\n<p><\/span><\/strong><\/strong><\/strong>\n<\/li>\n<\/ul>\n<ul>\n<li><b>Noticia important :\u00a0La caja \/ caja exterior es simplemente para proteger la mercanc\u00eda. (Los da\u00f1os como ara\u00f1azos o decoloraci\u00f3n de la carcasa \/ caja no est\u00e1n cubiertos).<\/b><\/li>\n<\/ul>\n<p><b><img decoding=\"async\" alt=\"\" src=\"https:\/\/cdn.shopify.com\/s\/files\/1\/0579\/9454\/3257\/files\/THE-SECOND-STEP_CHAPTER1__A.jpg?v=1641950076\"><\/b><\/p>\n<p><b><img decoding=\"async\" alt=\"\" src=\"https:\/\/cdn.shopify.com\/s\/files\/1\/0579\/9454\/3257\/files\/THE-SECOND-STEP_CHAPTER1__B.jpg?v=1641950142\"><\/b><\/p>\n","protected":false},"excerpt":{"rendered":"<p>Release date:\u00a0February 16th 2022. TREASURE&#8217;s 1st Mini Album &#8211; THE SECOND STEP : CHAPTER ONE (PHOTOBOOK ver.)[ A ver. \/ B ver. ] [POSTER]\u00a0 Treasure &#8211; First Step: Chapter 2 Contents for Each Version :&#8211; 1 Sleeve&#8211; 1 Photo Book (150p)&#8211; 1 Disc&#8211; 1 Photo Card (Random 1 out of 13)&#8211; 2 Selfie Photo Card [&hellip;]<\/p>\n","protected":false},"featured_media":39645,"template":"","meta":[],"product_brand":[4535],"product_cat":[7225,4403],"product_tag":[8254,7965],"class_list":{"0":"post-20240","1":"product","2":"type-product","3":"status-publish","4":"has-post-thumbnail","6":"product_brand-stock-in-spain","7":"product_cat-album-2","8":"product_cat-kstoryespana","9":"product_tag-photobook","10":"product_tag-treasure","12":"first","13":"instock","14":"taxable","15":"shipping-taxable","16":"purchasable","17":"product-type-variable"},"jetpack_sharing_enabled":true,"_links":{"self":[{"href":"https:\/\/kstoryespana.com\/es\/wp-json\/wp\/v2\/product\/20240","targetHints":{"allow":["GET"]}}],"collection":[{"href":"https:\/\/kstoryespana.com\/es\/wp-json\/wp\/v2\/product"}],"about":[{"href":"https:\/\/kstoryespana.com\/es\/wp-json\/wp\/v2\/types\/product"}],"wp:featuredmedia":[{"embeddable":true,"href":"https:\/\/kstoryespana.com\/es\/wp-json\/wp\/v2\/media\/39645"}],"wp:attachment":[{"href":"https:\/\/kstoryespana.com\/es\/wp-json\/wp\/v2\/media?parent=20240"}],"wp:term":[{"taxonomy":"product_brand","embeddable":true,"href":"https:\/\/kstoryespana.com\/es\/wp-json\/wp\/v2\/product_brand?post=20240"},{"taxonomy":"product_cat","embeddable":true,"href":"https:\/\/kstoryespana.com\/es\/wp-json\/wp\/v2\/product_cat?post=20240"},{"taxonomy":"product_tag","embeddable":true,"href":"https:\/\/kstoryespana.com\/es\/wp-json\/wp\/v2\/product_tag?post=20240"}],"curies":[{"name":"wp","href":"https:\/\/api.w.org\/{rel}","templated":true}]}}