{"id":20239,"date":"2025-05-27T22:40:08","date_gmt":"2025-05-27T22:40:08","guid":{"rendered":"https:\/\/kstoryespana.com\/?product=treasure-1st-mini-album-the-second-step-chapter-one-digipack-ver"},"modified":"2026-05-01T18:43:30","modified_gmt":"2026-05-01T16:43:30","slug":"treasure-1st-mini-album-the-second-step-chapter-one-digipack-ver","status":"publish","type":"product","link":"https:\/\/kstoryespana.com\/es\/producto\/treasure-1st-mini-album-the-second-step-chapter-one-digipack-ver\/","title":{"rendered":"TREASURE &#8211; 1ST MINI ALBUM THE SECOND STEP CHAPTER ONE (DIGIPACK VER.)"},"content":{"rendered":"<div style=\"text-align: center;\" data-mce-style=\"text-align: center;\">\n<strong><strong><strong>Release date:\u00a0<\/strong><\/strong><\/strong><strong><span style=\"color: #ff2a00;\" data-mce-style=\"color: #ff2a00;\">February 16th 2022.<\/span><\/strong><\/p>\n<div>\n<div>\n<div><strong><br \/><\/strong><\/div>\n<\/div>\n<\/div>\n<\/div>\n<ul>\n<li><strong>TREASURE&#8217;s 1st Mini Album &#8211; THE SECOND STEP : CHAPTER ONE (DIGIPACK ver.)<br \/>[ JUNGHWAN \/ JEONGWOO \/ HARUTO \/ DOYOUNG \/ YEDAM \/ ASAHI \/ JAEHYUK \/ MASHIHO \/ JUNKYU \/ YOSHI \/ JIHOON \/ HYUNSUK ver. ]\n<p><\/strong><\/li>\n<li><a href=\"https:\/\/kstoryespana.es\/products\/poster-172treasure-first-step-chapter-2?utm_source=copyToPasteBoard&#038;utm_medium=product-links&#038;utm_content=web\" data-mce-href=\"https:\/\/kstoryespana.es\/products\/poster-172treasure-first-step-chapter-2?utm_source=copyToPasteBoard&#038;utm_medium=product-links&#038;utm_content=web\"><strong>[POSTER]\u00a0 Treasure &#8211; First Step: Chapter 2<\/strong><\/a><\/li>\n<\/ul>\n<ul>\n<li>\n<strong><strong><strong>Contents for Each Version :<br \/><\/strong><\/strong><\/strong>&#8211; 1 Digipack<br \/><strong><strong><strong>&#8211;<\/strong><\/strong><\/strong> 1 Disc<br \/>&#8211; 1 Booklet (16p)<br \/>&#8211; 1 Folded Poster<br \/>&#8211; 1 Selfie Photo Card (Random 1 out of 4)<strong><strong><strong><\/p>\n<p><\/strong><\/strong><\/strong>\n<\/li>\n<\/ul>\n<ul>\n<li><b>Noticia important :\u00a0La caja \/ caja exterior es simplemente para proteger la mercanc\u00eda. (Los da\u00f1os como ara\u00f1azos o decoloraci\u00f3n de la carcasa \/ caja no est\u00e1n cubiertos).<\/b><\/li>\n<\/ul>\n<p><img decoding=\"async\" alt=\"\" src=\"https:\/\/cdn.shopify.com\/s\/files\/1\/0579\/9454\/3257\/files\/THE-SECOND-STEP_CHAPTER1_520f9a6b-4c4e-4ace-aca7-b7dfccb522fc.jpg?v=1647181345\"><\/p>\n","protected":false},"excerpt":{"rendered":"<p>Release date:\u00a0February 16th 2022. TREASURE&#8217;s 1st Mini Album &#8211; THE SECOND STEP : CHAPTER ONE (DIGIPACK ver.)[ JUNGHWAN \/ JEONGWOO \/ HARUTO \/ DOYOUNG \/ YEDAM \/ ASAHI \/ JAEHYUK \/ MASHIHO \/ JUNKYU \/ YOSHI \/ JIHOON \/ HYUNSUK ver. ] [POSTER]\u00a0 Treasure &#8211; First Step: Chapter 2 Contents for Each Version :&#8211; 1 [&hellip;]<\/p>\n","protected":false},"featured_media":39644,"template":"","meta":[],"product_brand":[4535],"product_cat":[7225,4403],"product_tag":[7965],"class_list":{"0":"post-20239","1":"product","2":"type-product","3":"status-publish","4":"has-post-thumbnail","6":"product_brand-stock-in-spain","7":"product_cat-album-2","8":"product_cat-kstoryespana","9":"product_tag-treasure","11":"first","12":"instock","13":"taxable","14":"shipping-taxable","15":"purchasable","16":"product-type-simple"},"jetpack_sharing_enabled":true,"_links":{"self":[{"href":"https:\/\/kstoryespana.com\/es\/wp-json\/wp\/v2\/product\/20239","targetHints":{"allow":["GET"]}}],"collection":[{"href":"https:\/\/kstoryespana.com\/es\/wp-json\/wp\/v2\/product"}],"about":[{"href":"https:\/\/kstoryespana.com\/es\/wp-json\/wp\/v2\/types\/product"}],"wp:featuredmedia":[{"embeddable":true,"href":"https:\/\/kstoryespana.com\/es\/wp-json\/wp\/v2\/media\/39644"}],"wp:attachment":[{"href":"https:\/\/kstoryespana.com\/es\/wp-json\/wp\/v2\/media?parent=20239"}],"wp:term":[{"taxonomy":"product_brand","embeddable":true,"href":"https:\/\/kstoryespana.com\/es\/wp-json\/wp\/v2\/product_brand?post=20239"},{"taxonomy":"product_cat","embeddable":true,"href":"https:\/\/kstoryespana.com\/es\/wp-json\/wp\/v2\/product_cat?post=20239"},{"taxonomy":"product_tag","embeddable":true,"href":"https:\/\/kstoryespana.com\/es\/wp-json\/wp\/v2\/product_tag?post=20239"}],"curies":[{"name":"wp","href":"https:\/\/api.w.org\/{rel}","templated":true}]}}