{"id":20233,"date":"2025-05-27T22:40:06","date_gmt":"2025-05-27T22:40:06","guid":{"rendered":"https:\/\/kstoryespana.com\/?product=treasure-1st-album-the-first-step-treasure-effect"},"modified":"2026-05-03T21:31:19","modified_gmt":"2026-05-03T19:31:19","slug":"pre-order-treasure-1st-album-the-first-step-treasure-effect","status":"publish","type":"product","link":"https:\/\/kstoryespana.com\/es\/producto\/pre-order-treasure-1st-album-the-first-step-treasure-effect\/","title":{"rendered":"TREASURE &#8211; 1ST ALBUM [THE FIRST STEP : TREASURE EFFECT]"},"content":{"rendered":"<div style=\"text-align: center;\">\n<div>\n<div>\n<div><span style=\"color: #000000;\"><strong><strong>Fecha de lanzamiento:<\/strong><\/strong><strong>\u00a012 de enero 2021<\/strong><\/span><\/div>\n<\/div>\n<\/div>\n<\/div>\n<ul>\n<li><strong>TREASURE&#8217;s 1st Album\u00a0&#8211; I burn [\u00a0BLUE ver. \/\u00a0GREEN ver. \/ ORANGE ver. ]<\/strong><\/li>\n<\/ul>\n<ul>\n<li>\n<strong><span>Package for Each Version :<br \/><\/span><\/strong>&#8211; 1 Magnet Package Box<br \/>&#8211; 1 Sleeve<br \/>&#8211; 1 Disc<br \/>&#8211; 1 Photo Book (156p)<br \/>&#8211; 1 Photo Card File Folder (Random 1 out of 12)<br \/>&#8211; 1 Lyrics Postcard Set<br \/>&#8211; 1 Hologram Postcard (Random 1 out of 12)<br \/>&#8211; 1 Unit Polaroid (Random 1 out of 4)<br \/>&#8211; 1 Baby Photo Card (Random 1 out of 12)<br \/>&#8211; 1 Photo Card (Random 1 out of 12)<br \/>&#8211; 1 Selfie Photo Card (Random 1 out of 12)<br \/>&#8211; 1 Graphic Sticker<\/li>\n<\/ul>\n<ul>\n<li>\n<span style=\"color: #ff2a00;\"><strong>SOLO PRIMERA EDICI\u00d3N | No disponible<\/strong><\/span><br \/>&#8211; 1 FIND TREASURE Scratch Card<br \/>&#8211; 1 AR Photo Card (Random 1 out of 12)<br \/>&#8211; 1 AR Photo Card Board<br \/>&#8211; 1 Double-sided Poster<\/li>\n<\/ul>\n<ul>\n<li><strong>Tres versiones disponibles\u3163BLUE \/ GREEN \/ ORANGE<\/strong><\/li>\n<\/ul>\n<ul>\n<li>\n<b>Importante:<\/b><br \/><span style=\"color: #2b00ff;\">En el precio est\u00e1n incluidos los\u00a0aranceles, impuestos y cargos de importaci\u00f3n\u00a0por lo que no tienes que preocuparte por aduanas.<\/span><br \/><span style=\"color: #2b00ff;\">\u00a0** El env\u00edo se realiza a partir de la fecha de lanzamiento. Todos los art\u00edculos que no est\u00e1n en stock en Espa\u00f1a se enviar\u00e1n en un plazo de 10 a\u00a018 d\u00edas h\u00e1biles una vez que se haya procesado el pedido.<\/span>\n<\/li>\n<\/ul>\n<p><span style=\"color: #2b00ff;\"><img decoding=\"async\" src=\"https:\/\/cdn.shopify.com\/s\/files\/1\/0579\/9454\/3257\/files\/1609211822_538279.jpg?v=1631952634\" alt=\"\"><\/span><\/p>\n<p><span style=\"color: #2b00ff;\"><img decoding=\"async\" src=\"https:\/\/cdn.shopify.com\/s\/files\/1\/0579\/9454\/3257\/files\/1609211808_539062.jpg?v=1631952661\" alt=\"\"><\/span><\/p>\n<p><img decoding=\"async\" alt=\"\" src=\"https:\/\/cdn.shopify.com\/s\/files\/1\/0579\/9454\/3257\/files\/1609211797_987571.jpg?v=1631952687\"><\/p>\n","protected":false},"excerpt":{"rendered":"<p>Fecha de lanzamiento:\u00a012 de enero 2021 TREASURE&#8217;s 1st Album\u00a0&#8211; I burn [\u00a0BLUE ver. \/\u00a0GREEN ver. \/ ORANGE ver. ] Package for Each Version :&#8211; 1 Magnet Package Box&#8211; 1 Sleeve&#8211; 1 Disc&#8211; 1 Photo Book (156p)&#8211; 1 Photo Card File Folder (Random 1 out of 12)&#8211; 1 Lyrics Postcard Set&#8211; 1 Hologram Postcard (Random 1 [&hellip;]<\/p>\n","protected":false},"featured_media":39640,"template":"","meta":[],"product_brand":[4536],"product_cat":[7225,4400],"product_tag":[7965],"class_list":{"0":"post-20233","1":"product","2":"type-product","3":"status-publish","4":"has-post-thumbnail","6":"product_brand-stock-in-korea","7":"product_cat-album-2","8":"product_cat-kstoryfromkorea","9":"product_tag-treasure","11":"first","12":"instock","13":"sale","14":"taxable","15":"shipping-taxable","16":"purchasable","17":"product-type-variable"},"jetpack_sharing_enabled":true,"_links":{"self":[{"href":"https:\/\/kstoryespana.com\/es\/wp-json\/wp\/v2\/product\/20233","targetHints":{"allow":["GET"]}}],"collection":[{"href":"https:\/\/kstoryespana.com\/es\/wp-json\/wp\/v2\/product"}],"about":[{"href":"https:\/\/kstoryespana.com\/es\/wp-json\/wp\/v2\/types\/product"}],"wp:featuredmedia":[{"embeddable":true,"href":"https:\/\/kstoryespana.com\/es\/wp-json\/wp\/v2\/media\/39640"}],"wp:attachment":[{"href":"https:\/\/kstoryespana.com\/es\/wp-json\/wp\/v2\/media?parent=20233"}],"wp:term":[{"taxonomy":"product_brand","embeddable":true,"href":"https:\/\/kstoryespana.com\/es\/wp-json\/wp\/v2\/product_brand?post=20233"},{"taxonomy":"product_cat","embeddable":true,"href":"https:\/\/kstoryespana.com\/es\/wp-json\/wp\/v2\/product_cat?post=20233"},{"taxonomy":"product_tag","embeddable":true,"href":"https:\/\/kstoryespana.com\/es\/wp-json\/wp\/v2\/product_tag?post=20233"}],"curies":[{"name":"wp","href":"https:\/\/api.w.org\/{rel}","templated":true}]}}