{"id":20197,"date":"2025-05-27T22:39:55","date_gmt":"2025-05-27T22:39:55","guid":{"rendered":"https:\/\/kstoryespana.com\/?product=tnx-official-acrylic-light-stick"},"modified":"2026-05-04T13:16:53","modified_gmt":"2026-05-04T11:16:53","slug":"tnx-official-acrylic-light-stick","status":"publish","type":"product","link":"https:\/\/kstoryespana.com\/es\/product\/tnx-official-acrylic-light-stick\/","title":{"rendered":"TNX - BARRA DE LUZ ACR\u00cdLICA OFICIAL"},"content":{"rendered":"<p><!-- split --><\/p>\n<div style=\"text-align: center\"><strong><strong><span style=\"color: #000000\">Fecha de publicaci\u00f3n: marzo<\/span><span style=\"color: #000000\"> 6th, 2025<\/span><\/p>\n<p><\/strong><\/strong><\/div>\n<ul>\n<li style=\"text-align: center\">\n<strong><span style=\"color: #000000\"><span style=\"color: #000000\"><span style=\"color: #ff8000\"><span style=\"color: #000000\">TNX - BARRA DE LUZ ACR\u00cdLICA OFICIAL<\/p>\n<p><span>*Las bater\u00edas no incluidas*<\/span><br \/><\/span><\/span><\/span><\/span><\/strong><strong><span style=\"color: #000000\"><span style=\"color: #000000\"><span style=\"color: #ff8000\"><span style=\"color: #000000\"><\/p>\n<p><img decoding=\"async\" src=\"https:\/\/cdn.shopify.com\/s\/files\/1\/2282\/8555\/files\/TNX_DE_19f1bb49-cf65-41d9-98d9-6641177b994d.png?v=1739858199\" alt=\"\"><\/p>\n<p><\/span><\/span><\/span><\/span><\/strong>\n<\/li>\n<li>\u00a0<\/li>\n<\/ul>\n<p><img alt=\"\"><\/p>\n<p><img alt=\"\"><\/p>\n<p><strong data-stringify-type=\"bold\">Precauciones de manipulaci\u00f3n<\/strong><br \/>1. Mantenga el producto a temperatura ambiente y alejado de altas temperaturas y humedad.<br \/>2. No mire directamente a la luz a corta distancia.<br \/>3. Tenga cuidado de no dejar caer el producto, ya que los impactos pueden hacer que cambie el color de la luz.<br \/>4. No se trague las piezas ni se las lleve a la boca.<br \/>5. Utilice pilas alcalinas AAA est\u00e1ndar que no se hayan usado antes. Evite utilizar pilas de manganeso o usadas.<br \/>6. Cuando la pila est\u00e1 baja, es posible que algunos colores no se enciendan y que el lightstick se apague. Tenga en cuenta que esto no es un defecto del producto.<br \/>7. Aseg\u00farese de comprobar correctamente la polaridad (+, -) de las pilas. Una colocaci\u00f3n incorrecta puede provocar sobrecalentamiento y da\u00f1os en el producto.<br \/>8. En caso de sobrecalentamiento, desconecte la alimentaci\u00f3n y retire las pilas.<br \/>9. Guarde el lightstick sin las pilas puestas, ya que podr\u00eda producirse una fuga de las pilas.<br \/>10. Es un producto de control inal\u00e1mbrico que consume pilas r\u00e1pidamente cuando funciona bajo control central en conciertos. Le recomendamos que utilice pilas nuevas para cada concierto.<br \/>11. Por favor, mantenga la bater\u00eda completamente separada cuando no est\u00e9 utilizando el bast\u00f3n luminoso.<\/p>","protected":false},"excerpt":{"rendered":"<p>Release date: March 6th, 2025 TNX &#8211; OFFICIAL ACRYLIC LIGHT STICK *Batteries are not included* \u00a0 Precautions for handling1. Keep the product at room temperature, and away from high temperatures and humidity.2. Do not look at the light directly at a close distance.3. Be careful not to drop the product as impacts may cause the [&hellip;]<\/p>\n","protected":false},"featured_media":39623,"template":"","meta":[],"product_brand":[4536],"product_cat":[8252,4400],"product_tag":[7960],"class_list":{"0":"post-20197","1":"product","2":"type-product","3":"status-publish","4":"has-post-thumbnail","6":"product_brand-stock-in-korea","7":"product_cat-lightstick","8":"product_cat-kstoryfromkorea","9":"product_tag-tnx","11":"first","12":"instock","13":"taxable","14":"shipping-taxable","15":"purchasable","16":"product-type-simple"},"_links":{"self":[{"href":"https:\/\/kstoryespana.com\/es\/wp-json\/wp\/v2\/product\/20197","targetHints":{"allow":["GET"]}}],"collection":[{"href":"https:\/\/kstoryespana.com\/es\/wp-json\/wp\/v2\/product"}],"about":[{"href":"https:\/\/kstoryespana.com\/es\/wp-json\/wp\/v2\/types\/product"}],"wp:featuredmedia":[{"embeddable":true,"href":"https:\/\/kstoryespana.com\/es\/wp-json\/wp\/v2\/media\/39623"}],"wp:attachment":[{"href":"https:\/\/kstoryespana.com\/es\/wp-json\/wp\/v2\/media?parent=20197"}],"wp:term":[{"taxonomy":"product_brand","embeddable":true,"href":"https:\/\/kstoryespana.com\/es\/wp-json\/wp\/v2\/product_brand?post=20197"},{"taxonomy":"product_cat","embeddable":true,"href":"https:\/\/kstoryespana.com\/es\/wp-json\/wp\/v2\/product_cat?post=20197"},{"taxonomy":"product_tag","embeddable":true,"href":"https:\/\/kstoryespana.com\/es\/wp-json\/wp\/v2\/product_tag?post=20197"}],"curies":[{"name":"wp","href":"https:\/\/api.w.org\/{rel}","templated":true}]}}