{"id":20191,"date":"2025-05-27T22:39:54","date_gmt":"2025-05-27T22:39:54","guid":{"rendered":"https:\/\/kstoryespana.com\/?product=tnx-1st-mini-album-way-up"},"modified":"2026-05-03T22:10:37","modified_gmt":"2026-05-03T20:10:37","slug":"pre-order-tnx-1st-mini-album-way-up","status":"publish","type":"product","link":"https:\/\/kstoryespana.com\/es\/product\/pre-order-tnx-1st-mini-album-way-up\/","title":{"rendered":"TNX &#8211; 1st Mini Album [WAY UP]"},"content":{"rendered":"<div style=\"text-align: center;\" data-mce-style=\"text-align: center;\"><\/div>\n<h3 style=\"text-align: center;\" data-mce-style=\"text-align: center;\"><span>Release date: <span style=\"color: #ff2a00;\" mce-data-marked=\"1\" data-mce-style=\"color: #ff2a00;\">May<\/span><span style=\"color: #f10808;\" data-mce-style=\"color: #f10808;\">\u00a018, 2022<\/span><\/span><\/h3>\n<ul class=\"ul1\">\n<li class=\"li1\">TNX &#8211; 1st Mini Album [WAY UP]<\/li>\n<\/ul>\n<p class=\"p2\"><strong>** Noticia importante : La caja \/ caja exterior es simplemente para proteger la mercanc\u00eda. (Los da\u00f1os como ara\u00f1azos o decoloraci\u00f3n de la carcasa \/ caja no est\u00e1n cubiertos)<\/strong>.<\/p>\n<p class=\"p2\"><img decoding=\"async\" alt=\"\" src=\"https:\/\/cdn.shopify.com\/s\/files\/1\/0579\/9454\/3257\/files\/TNX-WAUP.jpg?v=1654686772\"><\/p>\n<div style=\"text-align: center;\" data-mce-style=\"text-align: center;\"><\/div>\n<div style=\"text-align: center;\" data-mce-style=\"text-align: center;\"><\/div>\n<div style=\"text-align: center;\" data-mce-style=\"text-align: center;\"><\/div>\n","protected":false},"excerpt":{"rendered":"<p>Release date: May\u00a018, 2022 TNX &#8211; 1st Mini Album [WAY UP] ** Noticia importante : La caja \/ caja exterior es simplemente para proteger la mercanc\u00eda. (Los da\u00f1os como ara\u00f1azos o decoloraci\u00f3n de la carcasa \/ caja no est\u00e1n cubiertos).<\/p>\n","protected":false},"featured_media":39621,"template":"","meta":[],"product_brand":[4536],"product_cat":[7225,4400],"product_tag":[7960],"class_list":{"0":"post-20191","1":"product","2":"type-product","3":"status-publish","4":"has-post-thumbnail","6":"product_brand-stock-in-korea","7":"product_cat-album-2","8":"product_cat-kstoryfromkorea","9":"product_tag-tnx","11":"first","12":"instock","13":"taxable","14":"shipping-taxable","15":"purchasable","16":"product-type-simple"},"_links":{"self":[{"href":"https:\/\/kstoryespana.com\/es\/wp-json\/wp\/v2\/product\/20191","targetHints":{"allow":["GET"]}}],"collection":[{"href":"https:\/\/kstoryespana.com\/es\/wp-json\/wp\/v2\/product"}],"about":[{"href":"https:\/\/kstoryespana.com\/es\/wp-json\/wp\/v2\/types\/product"}],"wp:featuredmedia":[{"embeddable":true,"href":"https:\/\/kstoryespana.com\/es\/wp-json\/wp\/v2\/media\/39621"}],"wp:attachment":[{"href":"https:\/\/kstoryespana.com\/es\/wp-json\/wp\/v2\/media?parent=20191"}],"wp:term":[{"taxonomy":"product_brand","embeddable":true,"href":"https:\/\/kstoryespana.com\/es\/wp-json\/wp\/v2\/product_brand?post=20191"},{"taxonomy":"product_cat","embeddable":true,"href":"https:\/\/kstoryespana.com\/es\/wp-json\/wp\/v2\/product_cat?post=20191"},{"taxonomy":"product_tag","embeddable":true,"href":"https:\/\/kstoryespana.com\/es\/wp-json\/wp\/v2\/product_tag?post=20191"}],"curies":[{"name":"wp","href":"https:\/\/api.w.org\/{rel}","templated":true}]}}