{"id":20127,"date":"2025-05-27T22:39:38","date_gmt":"2025-05-27T22:39:38","guid":{"rendered":"https:\/\/kstoryespana.com\/?product=time-magazine-2022-april-bts-cover"},"modified":"2026-05-03T22:10:35","modified_gmt":"2026-05-03T20:10:35","slug":"pre-order-time-magazine-2022-abril-portada-bts","status":"publish","type":"product","link":"https:\/\/kstoryespana.com\/es\/product\/pre-order-time-magazine-2022-april-bts-cover\/","title":{"rendered":"TIME MAGAZINE PORTADA BTS DE ABRIL 2022"},"excerpt":{"rendered":"<p>\u00a0Release date: April 22nd 2022 TIME MAGAZINE 2022 APRIL BTS COVER&#8211; 100 Most Influential Companies &#8211; BTS stars the cover of TIME for April 2022 Issue. Language: English Noticia important :\u00a0La caja \/ caja exterior es simplemente para proteger la mercanc\u00eda. (Los da\u00f1os como ara\u00f1azos o decoloraci\u00f3n de la carcasa \/ caja no est\u00e1n cubiertos).<\/p>","protected":false},"featured_media":39592,"template":"","meta":[],"product_brand":[4535],"product_cat":[7227,4403],"product_tag":[6784,7956],"class_list":{"0":"post-20127","1":"product","2":"type-product","3":"status-publish","4":"has-post-thumbnail","6":"product_brand-stock-in-spain","7":"product_cat-magazine-2","8":"product_cat-kstoryespana","9":"product_tag-bts","10":"product_tag-time","12":"first","13":"instock","14":"sale","15":"taxable","16":"shipping-taxable","17":"purchasable","18":"product-type-simple"},"jetpack_sharing_enabled":true,"_links":{"self":[{"href":"https:\/\/kstoryespana.com\/es\/wp-json\/wp\/v2\/product\/20127","targetHints":{"allow":["GET"]}}],"collection":[{"href":"https:\/\/kstoryespana.com\/es\/wp-json\/wp\/v2\/product"}],"about":[{"href":"https:\/\/kstoryespana.com\/es\/wp-json\/wp\/v2\/types\/product"}],"wp:featuredmedia":[{"embeddable":true,"href":"https:\/\/kstoryespana.com\/es\/wp-json\/wp\/v2\/media\/39592"}],"wp:attachment":[{"href":"https:\/\/kstoryespana.com\/es\/wp-json\/wp\/v2\/media?parent=20127"}],"wp:term":[{"taxonomy":"product_brand","embeddable":true,"href":"https:\/\/kstoryespana.com\/es\/wp-json\/wp\/v2\/product_brand?post=20127"},{"taxonomy":"product_cat","embeddable":true,"href":"https:\/\/kstoryespana.com\/es\/wp-json\/wp\/v2\/product_cat?post=20127"},{"taxonomy":"product_tag","embeddable":true,"href":"https:\/\/kstoryespana.com\/es\/wp-json\/wp\/v2\/product_tag?post=20127"}],"curies":[{"name":"wp","href":"https:\/\/api.w.org\/{rel}","templated":true}]}}