{"id":20003,"date":"2025-05-27T22:39:08","date_gmt":"2025-05-27T22:39:08","guid":{"rendered":"https:\/\/kstoryespana.com\/?product=the-one-and-only-ost-album"},"modified":"2026-05-03T20:41:17","modified_gmt":"2026-05-03T18:41:17","slug":"pre-order-the-one-and-only-ost-album","status":"publish","type":"product","link":"https:\/\/kstoryespana.com\/es\/product\/pre-order-the-one-and-only-ost-album\/","title":{"rendered":"The One and Only OST Album"},"excerpt":{"rendered":"<p>Release date : March 4, 2022. The One and Only OST Album Contents :&#8211; 1 Photo Book (48p)&#8211; 1 CD&#8211; 2 Photo Card\u00a0 * Noticia important :\u00a0La caja \/ caja exterior es simplemente para proteger la mercanc\u00eda. (Los da\u00f1os como ara\u00f1azos o decoloraci\u00f3n de la carcasa \/ caja no est\u00e1n cubiertos).<\/p>","protected":false},"featured_media":39485,"template":"","meta":[],"product_brand":[4536],"product_cat":[7225,4400],"product_tag":[6784,8231],"class_list":{"0":"post-20003","1":"product","2":"type-product","3":"status-publish","4":"has-post-thumbnail","6":"product_brand-stock-in-korea","7":"product_cat-album-2","8":"product_cat-kstoryfromkorea","9":"product_tag-bts","10":"product_tag-ost","12":"first","13":"instock","14":"taxable","15":"shipping-taxable","16":"purchasable","17":"product-type-simple"},"jetpack_sharing_enabled":true,"_links":{"self":[{"href":"https:\/\/kstoryespana.com\/es\/wp-json\/wp\/v2\/product\/20003","targetHints":{"allow":["GET"]}}],"collection":[{"href":"https:\/\/kstoryespana.com\/es\/wp-json\/wp\/v2\/product"}],"about":[{"href":"https:\/\/kstoryespana.com\/es\/wp-json\/wp\/v2\/types\/product"}],"wp:featuredmedia":[{"embeddable":true,"href":"https:\/\/kstoryespana.com\/es\/wp-json\/wp\/v2\/media\/39485"}],"wp:attachment":[{"href":"https:\/\/kstoryespana.com\/es\/wp-json\/wp\/v2\/media?parent=20003"}],"wp:term":[{"taxonomy":"product_brand","embeddable":true,"href":"https:\/\/kstoryespana.com\/es\/wp-json\/wp\/v2\/product_brand?post=20003"},{"taxonomy":"product_cat","embeddable":true,"href":"https:\/\/kstoryespana.com\/es\/wp-json\/wp\/v2\/product_cat?post=20003"},{"taxonomy":"product_tag","embeddable":true,"href":"https:\/\/kstoryespana.com\/es\/wp-json\/wp\/v2\/product_tag?post=20003"}],"curies":[{"name":"wp","href":"https:\/\/api.w.org\/{rel}","templated":true}]}}