{"id":19980,"date":"2025-05-27T22:39:00","date_gmt":"2025-05-27T22:39:00","guid":{"rendered":"https:\/\/kstoryespana.com\/?product=the-fact-seventeen-photobook-you-are-in-us"},"modified":"2026-05-03T22:10:28","modified_gmt":"2026-05-03T20:10:28","slug":"the-fact-seventeen-photobook-you-are-in-us-3223569","status":"publish","type":"product","link":"https:\/\/kstoryespana.com\/es\/producto\/the-fact-seventeen-photobook-you-are-in-us-3223569\/","title":{"rendered":"The Fact SEVENTEEN Photobook (YOU ARE IN US)"},"content":{"rendered":"<ul>\n<li><strong>The Fact SEVENTEEN Photobook (YOU ARE IN US)<\/strong><\/li>\n<\/ul>\n<ul>\n<li><strong>Package<\/strong><\/li>\n<\/ul>\n<p style=\"padding-left: 30px;\">&#8211; Outbox<br \/>&#8211; Photobook (156p) : 210x297x21mm<br \/>&#8211; Poster (12 pcs) : 210x297mm<br \/>&#8211; Photo cards (12 pcs) : 54x86mm<br \/>&#8211; folded Bromides : 840x297mm<br \/>&#8211; Pop-up Photo : 210x297mm<\/p>\n<p style=\"padding-left: 30px;\">\u00a0<\/p>\n<ul>\n<li><b data-mce-fragment=\"1\">Noticia important :\u00a0La caja \/ caja exterior es simplemente para proteger la mercanc\u00eda. (Los da\u00f1os como ara\u00f1azos o decoloraci\u00f3n de la carcasa \/ caja no est\u00e1n cubiertos).<\/b><\/li>\n<\/ul>\n<p><b data-mce-fragment=\"1\"><img decoding=\"async\" alt=\"\" src=\"https:\/\/cdn.shopify.com\/s\/files\/1\/0579\/9454\/3257\/files\/SEVENTEEN_-_THE_FACT_SEVENTEEN_PHOTOBOOK_YOU_ARE_IN_US.jpg?v=1647189527\"><\/b><\/p>","protected":false},"excerpt":{"rendered":"<p>The Fact SEVENTEEN Photobook (YOU ARE IN US) Package &#8211; Outbox&#8211; Photobook (156p) : 210x297x21mm&#8211; Poster (12 pcs) : 210x297mm&#8211; Photo cards (12 pcs) : 54x86mm&#8211; folded Bromides : 840x297mm&#8211; Pop-up Photo : 210x297mm \u00a0 Noticia important :\u00a0La caja \/ caja exterior es simplemente para proteger la mercanc\u00eda. (Los da\u00f1os como ara\u00f1azos o decoloraci\u00f3n de [&hellip;]<\/p>\n","protected":false},"featured_media":39472,"template":"","meta":[],"product_brand":[4535],"product_cat":[8488,4403],"product_tag":[8254,6930],"class_list":{"0":"post-19980","1":"product","2":"type-product","3":"status-publish","4":"has-post-thumbnail","6":"product_brand-stock-in-spain","7":"product_cat-photobook","8":"product_cat-kstoryespana","9":"product_tag-photobook","10":"product_tag-seventeen","12":"first","13":"instock","14":"sale","15":"taxable","16":"shipping-taxable","17":"purchasable","18":"product-type-simple"},"jetpack_sharing_enabled":true,"_links":{"self":[{"href":"https:\/\/kstoryespana.com\/es\/wp-json\/wp\/v2\/product\/19980","targetHints":{"allow":["GET"]}}],"collection":[{"href":"https:\/\/kstoryespana.com\/es\/wp-json\/wp\/v2\/product"}],"about":[{"href":"https:\/\/kstoryespana.com\/es\/wp-json\/wp\/v2\/types\/product"}],"wp:featuredmedia":[{"embeddable":true,"href":"https:\/\/kstoryespana.com\/es\/wp-json\/wp\/v2\/media\/39472"}],"wp:attachment":[{"href":"https:\/\/kstoryespana.com\/es\/wp-json\/wp\/v2\/media?parent=19980"}],"wp:term":[{"taxonomy":"product_brand","embeddable":true,"href":"https:\/\/kstoryespana.com\/es\/wp-json\/wp\/v2\/product_brand?post=19980"},{"taxonomy":"product_cat","embeddable":true,"href":"https:\/\/kstoryespana.com\/es\/wp-json\/wp\/v2\/product_cat?post=19980"},{"taxonomy":"product_tag","embeddable":true,"href":"https:\/\/kstoryespana.com\/es\/wp-json\/wp\/v2\/product_tag?post=19980"}],"curies":[{"name":"wp","href":"https:\/\/api.w.org\/{rel}","templated":true}]}}