{"id":19974,"date":"2025-05-27T22:38:57","date_gmt":"2025-05-27T22:38:57","guid":{"rendered":"https:\/\/kstoryespana.com\/?product=the-boyz-webtoon-solo-leveling-ost-echo"},"modified":"2026-05-03T22:10:28","modified_gmt":"2026-05-03T20:10:28","slug":"the-boyz-webtoon-solo-leveling-ost-echo-3189534","status":"publish","type":"product","link":"https:\/\/kstoryespana.com\/es\/product\/the-boyz-webtoon-solo-leveling-ost-echo-3189534\/","title":{"rendered":"THE BOYZ &#8211; WEBTOON SOLO LEVELING OST ECHO"},"content":{"rendered":"<div style=\"text-align: center;\">\n<span data-mce-fragment=\"1\"><strong data-mce-fragment=\"1\">Fecha de lanzamiento:\u00a0<\/strong><\/span><strong data-mce-fragment=\"1\"><span data-mce-fragment=\"1\"><span style=\"color: #ff2a00;\" data-mce-fragment=\"1\">March 21st 2022<\/span>.<\/span><\/strong><\/p>\n<div>\n<div>\n<div><strong>\u00a0<\/strong><\/div>\n<\/div>\n<\/div>\n<\/div>\n<ul>\n<li><strong>THE BOYZ\u00a0 X\u00a0 Webtoon &#8216;Solo Leveling&#8217; OST Special Album Echo\n<p><\/strong><\/li>\n<li>\n<strong data-mce-fragment=\"1\"><span data-mce-fragment=\"1\">Paquete :<br \/><\/span><\/strong>&#8211; 1\u00a0Box package (Hard Cover)<br \/>&#8211; 1 Photobook (56p)<br \/><span data-mce-fragment=\"1\">&#8211; 1\u00a0CD-R\u00a0<br \/><\/span><span data-mce-fragment=\"1\">&#8211;\u00a01 Photocard full set (15ea)<br \/>&#8211; 1 Deco sticker<br \/>&#8211; 2 Toploader<br \/>&#8211; 1 Paper coaster<\/p>\n<p><\/span>\n<\/li>\n<\/ul>\n<ul>\n<li><b data-mce-fragment=\"1\">Noticia importante : La caja \/ caja exterior es simplemente para proteger la mercanc\u00eda. (Los da\u00f1os como ara\u00f1azos o decoloraci\u00f3n de la carcasa \/ caja no est\u00e1n cubiertos).<\/b><\/li>\n<\/ul>\n<ul>\n<li data-mce-fragment=\"1\">\n<img decoding=\"async\" src=\"https:\/\/cdn.shopify.com\/s\/files\/1\/0559\/4356\/1408\/files\/pr-apple-music-the-boyz-webtoon-solo-leveling-ost-29622413590608.jpg?v=1646323744\" alt=\"\" style=\"font-family: -apple-system, BlinkMacSystemFont, 'San Francisco', 'Segoe UI', Roboto, 'Helvetica Neue', sans-serif; font-size: 1.4em;\">\n<\/li>\n<\/ul>\n<p><img decoding=\"async\" src=\"https:\/\/cdn.shopify.com\/s\/files\/1\/0559\/4356\/1408\/files\/pr-apple-music-the-boyz-webtoon-solo-leveling-ost-29622413885520.jpg?v=1646323762\" alt=\"\"><\/p>","protected":false},"excerpt":{"rendered":"<p>Release date:\u00a0March 21st 2022. \u00a0 THE BOYZ\u00a0 X\u00a0 Webtoon &#8216;Solo Leveling&#8217; OST Special Album Echo Package :&#8211; 1\u00a0Box package (Hard Cover)&#8211; 1 Photobook (56p)&#8211; 1\u00a0CD-R\u00a0&#8211;\u00a01 Photocard full set (15ea)&#8211; 1 Deco sticker&#8211; 2 Toploader&#8211; 1 Paper coaster Noticia important :\u00a0La caja \/ caja exterior es simplemente para proteger la mercanc\u00eda. (Los da\u00f1os como ara\u00f1azos o [&hellip;]<\/p>\n","protected":false},"featured_media":39464,"template":"","meta":[],"product_brand":[4535],"product_cat":[7225,4872,4403],"product_tag":[7944],"class_list":{"0":"post-19974","1":"product","2":"type-product","3":"status-publish","4":"has-post-thumbnail","6":"product_brand-stock-in-spain","7":"product_cat-album-2","8":"product_cat-iva-reducida","9":"product_cat-kstoryespana","10":"product_tag-the-boyz","12":"first","13":"instock","14":"sale","15":"taxable","16":"shipping-taxable","17":"purchasable","18":"product-type-simple"},"jetpack_sharing_enabled":true,"_links":{"self":[{"href":"https:\/\/kstoryespana.com\/es\/wp-json\/wp\/v2\/product\/19974","targetHints":{"allow":["GET"]}}],"collection":[{"href":"https:\/\/kstoryespana.com\/es\/wp-json\/wp\/v2\/product"}],"about":[{"href":"https:\/\/kstoryespana.com\/es\/wp-json\/wp\/v2\/types\/product"}],"wp:featuredmedia":[{"embeddable":true,"href":"https:\/\/kstoryespana.com\/es\/wp-json\/wp\/v2\/media\/39464"}],"wp:attachment":[{"href":"https:\/\/kstoryespana.com\/es\/wp-json\/wp\/v2\/media?parent=19974"}],"wp:term":[{"taxonomy":"product_brand","embeddable":true,"href":"https:\/\/kstoryespana.com\/es\/wp-json\/wp\/v2\/product_brand?post=19974"},{"taxonomy":"product_cat","embeddable":true,"href":"https:\/\/kstoryespana.com\/es\/wp-json\/wp\/v2\/product_cat?post=19974"},{"taxonomy":"product_tag","embeddable":true,"href":"https:\/\/kstoryespana.com\/es\/wp-json\/wp\/v2\/product_tag?post=19974"}],"curies":[{"name":"wp","href":"https:\/\/api.w.org\/{rel}","templated":true}]}}