{"id":19766,"date":"2025-05-27T22:38:02","date_gmt":"2025-05-27T22:38:02","guid":{"rendered":"https:\/\/kstoryespana.com\/?product=the-boyz-7th-mini-album-be-aware-meta-album-platform-ver"},"modified":"2026-05-03T20:41:13","modified_gmt":"2026-05-03T18:41:13","slug":"pre-order-the-boyz-7th-mini-album-be-aware-meta-album-platform-ver","status":"publish","type":"product","link":"https:\/\/kstoryespana.com\/es\/producto\/pre-order-the-boyz-7th-mini-album-be-aware-meta-album-platform-ver\/","title":{"rendered":"THE BOYZ &#8211; 7th Mini Album [BE AWARE] META ALBUM (Platform ver.)"},"content":{"rendered":"<div style=\"text-align: center;\" data-mce-style=\"text-align: center;\"><\/div>\n<h3 style=\"text-align: center;\">Release date:<span>\u00a0<\/span><span color=\"#ff2a00\" style=\"color: #ff2a00;\">August<\/span><span style=\"color: #f10808;\">\u00a023, 2022<\/span><br \/>\n<\/h3>\n<div style=\"text-align: center;\"><strong><span style=\"color: #f10808;\"><\/span><\/strong><\/div>\n<div style=\"text-align: center;\"><strong><span style=\"color: #f10808;\"><\/span><\/strong><\/div>\n<ul class=\"ul1\">\n<li class=\"li1\">THE BOYZ &#8211; 7th Mini Album [BE AWARE] META ALBUM (Platform ver.)<\/li>\n<\/ul>\n<ul class=\"ul1\">\n<li class=\"li1\"><span style=\"color: #2b00ff;\"><strong>Pre-Order Gift | Only for Pre-Order<\/strong><\/span><\/li>\n<li class=\"li1\">\n<meta charset=\"utf-8\"><br \/>\n<span>&#8211; 1 SILVER AUTOGRAPH PVC PHOTO CARD ALBUM (ON PACK, BY VERSION)<\/span><span data-mce-fragment=\"1\">\u3163RANDOMLY\u00a0INCLUDED IN\u00a0ONLY 300 LIMITEDPACKAGES FOR EACH VERSION<\/span>\n<\/li>\n<\/ul>\n<p class=\"p2\"><strong>** Noticia importante : La caja \/ caja exterior es simplemente para proteger la mercanc\u00eda. (Los da\u00f1os como ara\u00f1azos o decoloraci\u00f3n de la carcasa \/ caja no est\u00e1n cubiertos)<\/strong>.<\/p>\n<p class=\"p2\"><img decoding=\"async\" alt=\"\" src=\"https:\/\/cdn.shopify.com\/s\/files\/1\/0579\/9454\/3257\/files\/7_-_Platform-ver.jpg?v=1660092873\"><\/p>\n<div style=\"text-align: center;\" data-mce-style=\"text-align: center;\"><\/div>\n<div style=\"text-align: center;\" data-mce-style=\"text-align: center;\"><\/div>\n<div style=\"text-align: center;\" data-mce-style=\"text-align: center;\"><\/div>\n","protected":false},"excerpt":{"rendered":"<p>Release date:\u00a0August\u00a023, 2022 THE BOYZ &#8211; 7th Mini Album [BE AWARE] META ALBUM (Platform ver.) Pre-Order Gift | Only for Pre-Order &#8211; 1 SILVER AUTOGRAPH PVC PHOTO CARD ALBUM (ON PACK, BY VERSION)\u3163RANDOMLY\u00a0INCLUDED IN\u00a0ONLY 300 LIMITEDPACKAGES FOR EACH VERSION ** Noticia importante : La caja \/ caja exterior es simplemente para proteger la mercanc\u00eda. (Los [&hellip;]<\/p>\n","protected":false},"featured_media":39378,"template":"","meta":[],"product_brand":[4536],"product_cat":[7225,4400],"product_tag":[7944],"class_list":{"0":"post-19766","1":"product","2":"type-product","3":"status-publish","4":"has-post-thumbnail","6":"product_brand-stock-in-korea","7":"product_cat-album-2","8":"product_cat-kstoryfromkorea","9":"product_tag-the-boyz","11":"first","12":"instock","13":"taxable","14":"shipping-taxable","15":"purchasable","16":"product-type-variable"},"jetpack_sharing_enabled":true,"_links":{"self":[{"href":"https:\/\/kstoryespana.com\/es\/wp-json\/wp\/v2\/product\/19766","targetHints":{"allow":["GET"]}}],"collection":[{"href":"https:\/\/kstoryespana.com\/es\/wp-json\/wp\/v2\/product"}],"about":[{"href":"https:\/\/kstoryespana.com\/es\/wp-json\/wp\/v2\/types\/product"}],"wp:featuredmedia":[{"embeddable":true,"href":"https:\/\/kstoryespana.com\/es\/wp-json\/wp\/v2\/media\/39378"}],"wp:attachment":[{"href":"https:\/\/kstoryespana.com\/es\/wp-json\/wp\/v2\/media?parent=19766"}],"wp:term":[{"taxonomy":"product_brand","embeddable":true,"href":"https:\/\/kstoryespana.com\/es\/wp-json\/wp\/v2\/product_brand?post=19766"},{"taxonomy":"product_cat","embeddable":true,"href":"https:\/\/kstoryespana.com\/es\/wp-json\/wp\/v2\/product_cat?post=19766"},{"taxonomy":"product_tag","embeddable":true,"href":"https:\/\/kstoryespana.com\/es\/wp-json\/wp\/v2\/product_tag?post=19766"}],"curies":[{"name":"wp","href":"https:\/\/api.w.org\/{rel}","templated":true}]}}