{"id":19747,"date":"2025-05-27T22:37:57","date_gmt":"2025-05-27T22:37:57","guid":{"rendered":"https:\/\/kstoryespana.com\/?product=the-boyz-01-official-light-stick"},"modified":"2026-05-03T20:41:04","modified_gmt":"2026-05-03T18:41:04","slug":"pre-order-the-boyz-01-official-light-stick","status":"publish","type":"product","link":"https:\/\/kstoryespana.com\/es\/product\/pre-order-the-boyz-01-official-light-stick\/","title":{"rendered":"THE BOYZ - 01 BARRA DE LUZ OFICIAL"},"excerpt":{"rendered":"<p>Release Date : December 29th\u00a02022 THE BOYZ &#8211; 01 OFFICIAL LIGHT STICK Size: 176.3*207.6*112.8mm Noticia important :\u00a0La caja \/ caja exterior es simplemente para proteger la mercanc\u00eda. (Los da\u00f1os como ara\u00f1azos o decoloraci\u00f3n de la carcasa \/ caja no est\u00e1n cubiertos).<\/p>","protected":false},"featured_media":39354,"template":"","meta":[],"product_brand":[4535],"product_cat":[8252,4403],"product_tag":[7944],"class_list":{"0":"post-19747","1":"product","2":"type-product","3":"status-publish","4":"has-post-thumbnail","6":"product_brand-stock-in-spain","7":"product_cat-lightstick","8":"product_cat-kstoryespana","9":"product_tag-the-boyz","11":"first","12":"instock","13":"taxable","14":"shipping-taxable","15":"purchasable","16":"product-type-simple"},"jetpack_sharing_enabled":true,"_links":{"self":[{"href":"https:\/\/kstoryespana.com\/es\/wp-json\/wp\/v2\/product\/19747","targetHints":{"allow":["GET"]}}],"collection":[{"href":"https:\/\/kstoryespana.com\/es\/wp-json\/wp\/v2\/product"}],"about":[{"href":"https:\/\/kstoryespana.com\/es\/wp-json\/wp\/v2\/types\/product"}],"wp:featuredmedia":[{"embeddable":true,"href":"https:\/\/kstoryespana.com\/es\/wp-json\/wp\/v2\/media\/39354"}],"wp:attachment":[{"href":"https:\/\/kstoryespana.com\/es\/wp-json\/wp\/v2\/media?parent=19747"}],"wp:term":[{"taxonomy":"product_brand","embeddable":true,"href":"https:\/\/kstoryespana.com\/es\/wp-json\/wp\/v2\/product_brand?post=19747"},{"taxonomy":"product_cat","embeddable":true,"href":"https:\/\/kstoryespana.com\/es\/wp-json\/wp\/v2\/product_cat?post=19747"},{"taxonomy":"product_tag","embeddable":true,"href":"https:\/\/kstoryespana.com\/es\/wp-json\/wp\/v2\/product_tag?post=19747"}],"curies":[{"name":"wp","href":"https:\/\/api.w.org\/{rel}","templated":true}]}}