{"id":19698,"date":"2025-05-27T22:37:36","date_gmt":"2025-05-27T22:37:36","guid":{"rendered":"https:\/\/kstoryespana.com\/?product=tempest-2nd-mini-album-shining-up"},"modified":"2026-04-29T19:54:52","modified_gmt":"2026-04-29T17:54:52","slug":"pre-order-tempest-2nd-mini-album-shining-up","status":"publish","type":"product","link":"https:\/\/kstoryespana.com\/es\/producto\/pre-order-tempest-2nd-mini-album-shining-up\/","title":{"rendered":"TEMPEST &#8211; 2nd Mini Album [SHINING UP]"},"content":{"rendered":"<div style=\"text-align: center;\" data-mce-style=\"text-align: center;\"><\/div>\n<h3 style=\"text-align: center;\" data-mce-style=\"text-align: center;\">Release date:<span>\u00a0<\/span><span style=\"color: #ff2a00;\" color=\"#ff2a00\" data-mce-style=\"color: #ff2a00;\">August<\/span><span style=\"color: #f10808;\" data-mce-style=\"color: #f10808;\">\u00a030, 2022<\/span><br \/>\n<\/h3>\n<div style=\"text-align: center;\" data-mce-style=\"text-align: center;\"><strong><span style=\"color: #f10808;\" data-mce-style=\"color: #f10808;\"><\/span><\/strong><\/div>\n<div style=\"text-align: center;\" data-mce-style=\"text-align: center;\"><strong><span style=\"color: #f10808;\" data-mce-style=\"color: #f10808;\"><\/span><\/strong><\/div>\n<ul class=\"ul1\">\n<li class=\"li1\">TEMPEST &#8211; 2nd Mini Album [SHINING UP]<\/li>\n<\/ul>\n<ul class=\"ul1\">\n<li class=\"li1\">\n<meta charset=\"utf-8\"><br \/>\n<strong><span data-mce-fragment=\"1\">PRE-ORDER ONLY<br data-mce-fragment=\"1\"><\/span><\/strong><span>&#8211; 1\u00a0FOLDED POSTER (RANDOM 1 OUT OF 2 BY VERSION, ON PACK)<\/span><br \/><span>&#8211; 1 HOLOGRAM PHOTO CARD (RANDOM 1 OUT OF 7 BY VERSION, ON PACK)<\/span><br \/><span>&#8211; 1 POLAROID\u3163<\/span><span>RANDOMLY<\/span><span>\u00a0INCLUDED IN ONLY\u00a0<\/span><span>70 LIMITED<\/span><span>\u00a0PACKAGES<\/span>\n<\/li>\n<\/ul>\n<p class=\"p2\"><strong>** Noticia importante : La caja \/ caja exterior es simplemente para proteger la mercanc\u00eda. (Los da\u00f1os como ara\u00f1azos o decoloraci\u00f3n de la carcasa \/ caja no est\u00e1n cubiertos)<\/strong>.<\/p>\n<p class=\"p2\"><img decoding=\"async\" alt=\"\" src=\"https:\/\/cdn.shopify.com\/s\/files\/1\/0579\/9454\/3257\/files\/2_277d2eb0-14eb-4323-b4db-c3707585134f.jpg?v=1660294419\"><\/p>\n<div style=\"text-align: center;\" data-mce-style=\"text-align: center;\"><\/div>\n<div style=\"text-align: center;\" data-mce-style=\"text-align: center;\"><\/div>\n<div style=\"text-align: center;\" data-mce-style=\"text-align: center;\"><\/div>\n","protected":false},"excerpt":{"rendered":"<p>Release date:\u00a0August\u00a030, 2022 TEMPEST &#8211; 2nd Mini Album [SHINING UP] PRE-ORDER ONLY&#8211; 1\u00a0FOLDED POSTER (RANDOM 1 OUT OF 2 BY VERSION, ON PACK)&#8211; 1 HOLOGRAM PHOTO CARD (RANDOM 1 OUT OF 7 BY VERSION, ON PACK)&#8211; 1 POLAROID\u3163RANDOMLY\u00a0INCLUDED IN ONLY\u00a070 LIMITED\u00a0PACKAGES ** Noticia importante : La caja \/ caja exterior es simplemente para proteger la [&hellip;]<\/p>\n","protected":false},"featured_media":39329,"template":"","meta":[],"product_brand":[4536],"product_cat":[7225],"product_tag":[7943],"class_list":{"0":"post-19698","1":"product","2":"type-product","3":"status-publish","4":"has-post-thumbnail","6":"product_brand-stock-in-korea","7":"product_cat-album-2","8":"product_tag-tempest","10":"first","11":"instock","12":"taxable","13":"shipping-taxable","14":"purchasable","15":"product-type-variable"},"jetpack_sharing_enabled":true,"_links":{"self":[{"href":"https:\/\/kstoryespana.com\/es\/wp-json\/wp\/v2\/product\/19698","targetHints":{"allow":["GET"]}}],"collection":[{"href":"https:\/\/kstoryespana.com\/es\/wp-json\/wp\/v2\/product"}],"about":[{"href":"https:\/\/kstoryespana.com\/es\/wp-json\/wp\/v2\/types\/product"}],"wp:featuredmedia":[{"embeddable":true,"href":"https:\/\/kstoryespana.com\/es\/wp-json\/wp\/v2\/media\/39329"}],"wp:attachment":[{"href":"https:\/\/kstoryespana.com\/es\/wp-json\/wp\/v2\/media?parent=19698"}],"wp:term":[{"taxonomy":"product_brand","embeddable":true,"href":"https:\/\/kstoryespana.com\/es\/wp-json\/wp\/v2\/product_brand?post=19698"},{"taxonomy":"product_cat","embeddable":true,"href":"https:\/\/kstoryespana.com\/es\/wp-json\/wp\/v2\/product_cat?post=19698"},{"taxonomy":"product_tag","embeddable":true,"href":"https:\/\/kstoryespana.com\/es\/wp-json\/wp\/v2\/product_tag?post=19698"}],"curies":[{"name":"wp","href":"https:\/\/api.w.org\/{rel}","templated":true}]}}