{"id":19697,"date":"2025-05-27T22:37:36","date_gmt":"2025-05-27T22:37:36","guid":{"rendered":"https:\/\/kstoryespana.com\/?product=tempest-1st-mini-album-its-me-its-we-digipack-ver"},"modified":"2026-04-29T19:54:50","modified_gmt":"2026-04-29T17:54:50","slug":"pre-order-tempest-1st-mini-album-its-me-its-we-digipack-ver","status":"publish","type":"product","link":"https:\/\/kstoryespana.com\/es\/producto\/pre-order-tempest-1st-mini-album-its-me-its-we-digipack-ver\/","title":{"rendered":"TEMPEST &#8211; 1ST MINI ALBUM ITS ME ITS WE (DIGIPACK VER.)"},"content":{"rendered":"<div style=\"text-align: center;\">\n<span data-mce-fragment=\"1\">\u00a0<\/span><strong data-mce-fragment=\"1\">Release date:\u00a0<\/strong><strong data-mce-fragment=\"1\"><span data-mce-fragment=\"1\"><span style=\"color: #ff2a00;\">February 22nd 2022<\/span>.<\/span><\/strong><\/p>\n<div>\n<div>\n<div><strong>\u00a0<\/strong><\/div>\n<\/div>\n<\/div>\n<\/div>\n<ul>\n<li><strong>TEMPEST&#8217;s 1st Mini Album &#8211; It&#8217;s ME, It&#8217;s WE<br \/>[\u00a0DIGIPACK ver. ]\n<p><\/strong><\/li>\n<li>\n<strong data-mce-fragment=\"1\"><span data-mce-fragment=\"1\">Contents :<br \/><\/span><\/strong>&#8211; 1 Cover<br \/><span data-mce-fragment=\"1\">&#8211; 1 Photo Book (32p)<br \/>&#8211; 1 CD-R<br \/>&#8211; 2 Sticker<br \/>&#8211; 2 Photo Card (Random 2 out of 14)<br \/>&#8211; 1 Folded Poster (Random 1 out of 7)<br \/><\/span>\n<\/li>\n<\/ul>\n<ul>\n<li>\n<b>Noticia important :<\/b><br \/><b>La caja \/ caja exterior es simplemente para proteger la mercanc\u00eda. (Los da\u00f1os como ara\u00f1azos o decoloraci\u00f3n de la carcasa \/ caja no est\u00e1n cubiertos).<\/b>\n<\/li>\n<\/ul>\n<p>\u00a0<\/p>\n<ul>\n<li data-mce-fragment=\"1\">\n<div data-en-clipboard=\"true\" data-pm-slice=\"0 0 []\"><strong><\/strong><\/div>\n<\/li>\n<\/ul>\n<p><img decoding=\"async\" src=\"https:\/\/cdn.shopify.com\/s\/files\/1\/0559\/4356\/1408\/files\/Its-ME-Its-WE_c8e3dfa7-8b9e-4d46-9015-04b2e2f73c53.jpg?v=1644268634\" alt=\"\"><\/p>\n","protected":false},"excerpt":{"rendered":"<p>\u00a0Release date:\u00a0February 22nd 2022. \u00a0 TEMPEST&#8217;s 1st Mini Album &#8211; It&#8217;s ME, It&#8217;s WE[\u00a0DIGIPACK ver. ] Contents :&#8211; 1 Cover&#8211; 1 Photo Book (32p)&#8211; 1 CD-R&#8211; 2 Sticker&#8211; 2 Photo Card (Random 2 out of 14)&#8211; 1 Folded Poster (Random 1 out of 7) Noticia important :La caja \/ caja exterior es simplemente para proteger [&hellip;]<\/p>\n","protected":false},"featured_media":39325,"template":"","meta":[],"product_brand":[4536],"product_cat":[7225],"product_tag":[7943],"class_list":{"0":"post-19697","1":"product","2":"type-product","3":"status-publish","4":"has-post-thumbnail","6":"product_brand-stock-in-korea","7":"product_cat-album-2","8":"product_tag-tempest","10":"first","11":"instock","12":"taxable","13":"shipping-taxable","14":"purchasable","15":"product-type-simple"},"jetpack_sharing_enabled":true,"_links":{"self":[{"href":"https:\/\/kstoryespana.com\/es\/wp-json\/wp\/v2\/product\/19697","targetHints":{"allow":["GET"]}}],"collection":[{"href":"https:\/\/kstoryespana.com\/es\/wp-json\/wp\/v2\/product"}],"about":[{"href":"https:\/\/kstoryespana.com\/es\/wp-json\/wp\/v2\/types\/product"}],"wp:featuredmedia":[{"embeddable":true,"href":"https:\/\/kstoryespana.com\/es\/wp-json\/wp\/v2\/media\/39325"}],"wp:attachment":[{"href":"https:\/\/kstoryespana.com\/es\/wp-json\/wp\/v2\/media?parent=19697"}],"wp:term":[{"taxonomy":"product_brand","embeddable":true,"href":"https:\/\/kstoryespana.com\/es\/wp-json\/wp\/v2\/product_brand?post=19697"},{"taxonomy":"product_cat","embeddable":true,"href":"https:\/\/kstoryespana.com\/es\/wp-json\/wp\/v2\/product_cat?post=19697"},{"taxonomy":"product_tag","embeddable":true,"href":"https:\/\/kstoryespana.com\/es\/wp-json\/wp\/v2\/product_tag?post=19697"}],"curies":[{"name":"wp","href":"https:\/\/api.w.org\/{rel}","templated":true}]}}